{"id":1355,"date":"2026-02-23T20:54:38","date_gmt":"2026-02-23T19:54:38","guid":{"rendered":"https:\/\/arbeits-film-festival.at\/?page_id=1355"},"modified":"2026-02-26T15:03:59","modified_gmt":"2026-02-26T14:03:59","slug":"2025-gurbet-in-der-fremde","status":"publish","type":"page","link":"https:\/\/arbeits-film-festival.at\/en\/waff\/home-2025\/2025-gurbet-in-der-fremde\/","title":{"rendered":"2025 &#8211; Gurbet \u2013 In der Fremde"},"content":{"rendered":"<div class=\"wp-block-columns alignfull has-background is-layout-flex wp-container-core-columns-is-layout-28f84493 wp-block-columns-is-layout-flex\" style=\"background-color:#ec5c1d\">\n<div class=\"wp-block-column is-layout-flow wp-block-column-is-layout-flow\">\n<div style=\"height:30px\" aria-hidden=\"true\" class=\"wp-block-spacer\"><\/div>\n<\/div>\n<\/div>\n\n\n<style>.kb-row-layout-id1355_a10316-6d > .kt-row-column-wrap{align-content:end;}:where(.kb-row-layout-id1355_a10316-6d > .kt-row-column-wrap) > .wp-block-kadence-column{justify-content:end;}.kb-row-layout-id1355_a10316-6d > .kt-row-column-wrap{column-gap:var(--global-kb-gap-md, 2rem);row-gap:var(--global-kb-gap-md, 2rem);min-height:100vh;grid-template-columns:minmax(0, 1fr);}.kb-row-layout-id1355_a10316-6d{background-image:url('https:\/\/arbeits-film-festival.at\/wp-content\/uploads\/2026\/02\/Gurbet-\u2013-In-der-Fremde.avif');background-size:cover;background-position:53% 85%;background-attachment:scroll;background-repeat:no-repeat;}.kb-row-layout-id1355_a10316-6d > .kt-row-layout-overlay{opacity:0.30;}@media all and (max-width: 1024px){.kb-row-layout-id1355_a10316-6d > .kt-row-column-wrap{grid-template-columns:minmax(0, 1fr);}}@media all and (max-width: 767px){.kb-row-layout-id1355_a10316-6d > .kt-row-column-wrap{min-height:70vh;grid-template-columns:minmax(0, 1fr);}.kb-row-layout-id1355_a10316-6d > .kt-row-column-wrap > .wp-block-kadence-column:nth-child(1 of *:not(style)){order:1;}.kb-row-layout-id1355_a10316-6d > .kt-row-column-wrap > .wp-block-kadence-column:nth-child(2 of *:not(style)){order:11;}.kb-row-layout-id1355_a10316-6d > .kt-row-column-wrap > .wp-block-kadence-column:nth-child(3 of *:not(style)){order:21;}.kb-row-layout-id1355_a10316-6d > .kt-row-column-wrap > .wp-block-kadence-column:nth-child(4 of *:not(style)){order:31;}.kb-row-layout-wrap.wp-block-kadence-rowlayout.kb-row-layout-id1355_a10316-6d{background-image:url('https:\/\/arbeits-film-festival.at\/wp-content\/uploads\/2026\/02\/Gurbet-\u2013-In-der-Fremde.avif')!important;background-size:cover;background-position:51% 75%;background-attachment:scroll;background-repeat:no-repeat;}}<\/style><div style=\"background-image: url(https:\/\/arbeits-film-festival.at\/wp-content\/uploads\/2026\/02\/Gurbet-\u2013-In-der-Fremde.avif);\" class=\"kb-row-layout-wrap kb-row-layout-id1355_a10316-6d alignfull kt-row-has-bg wp-block-kadence-rowlayout\"><div class=\"kt-row-column-wrap kt-has-1-columns kt-row-layout-equal kt-tab-layout-inherit kt-mobile-layout-row kt-row-valign-bottom kt-inner-column-height-full\">\n<style>.kadence-column1355_7af175-95 > .kt-inside-inner-col,.kadence-column1355_7af175-95 > .kt-inside-inner-col:before{border-top-left-radius:0px;border-top-right-radius:0px;border-bottom-right-radius:0px;border-bottom-left-radius:0px;}.kadence-column1355_7af175-95 > .kt-inside-inner-col{column-gap:var(--global-kb-gap-sm, 1rem);}.kadence-column1355_7af175-95 > .kt-inside-inner-col{flex-direction:column;}.kadence-column1355_7af175-95 > .kt-inside-inner-col > .aligncenter{width:100%;}.kadence-column1355_7af175-95 > .kt-inside-inner-col:before{opacity:0.3;}.kadence-column1355_7af175-95{position:relative;}@media all and (max-width: 1024px){.kadence-column1355_7af175-95 > .kt-inside-inner-col{flex-direction:column;justify-content:center;}}@media all and (max-width: 767px){.kadence-column1355_7af175-95 > .kt-inside-inner-col{flex-direction:column;justify-content:center;}}<\/style>\n<div class=\"wp-block-kadence-column kadence-column1355_7af175-95\"><div class=\"kt-inside-inner-col\"><\/div><\/div>\n\n<\/div><\/div>\n\n\n<div class=\"wp-block-group alignfull has-background is-layout-flow wp-block-group-is-layout-flow\" style=\"background-color:#fef8eb;margin-top:0;margin-bottom:0;padding-top:4vw;padding-right:6vw;padding-bottom:10vw;padding-left:6vw\"><style>.kadence-column1355_8d1f26-05 > .kt-inside-inner-col,.kadence-column1355_8d1f26-05 > .kt-inside-inner-col:before{border-top-left-radius:0px;border-top-right-radius:0px;border-bottom-right-radius:0px;border-bottom-left-radius:0px;}.kadence-column1355_8d1f26-05 > .kt-inside-inner-col{column-gap:var(--global-kb-gap-sm, 1rem);}.kadence-column1355_8d1f26-05 > .kt-inside-inner-col{flex-direction:column;}.kadence-column1355_8d1f26-05 > .kt-inside-inner-col > .aligncenter{width:100%;}.kadence-column1355_8d1f26-05 > .kt-inside-inner-col:before{opacity:0.3;}.kadence-column1355_8d1f26-05{position:relative;}@media all and (max-width: 1024px){.kadence-column1355_8d1f26-05 > .kt-inside-inner-col{flex-direction:column;justify-content:center;}}@media all and (max-width: 767px){.kadence-column1355_8d1f26-05 > .kt-inside-inner-col{flex-direction:column;justify-content:center;}}<\/style>\n<div class=\"wp-block-kadence-column kadence-column1355_8d1f26-05 kvs-lg-false kvs-md-false\"><div class=\"kt-inside-inner-col\">\n<div style=\"height:10px\" aria-hidden=\"true\" class=\"wp-block-spacer\"><\/div>\n<\/div><\/div>\n\n\n\n<div class=\"wp-block-columns is-layout-flex wp-container-core-columns-is-layout-e0e4babd wp-block-columns-is-layout-flex\" style=\"padding-right:0;padding-left:0\">\n<div class=\"wp-block-column is-layout-flow wp-block-column-is-layout-flow\" style=\"flex-basis:66.66%\">\n<div class=\"wp-block-group is-vertical is-content-justification-left is-layout-flex wp-container-core-group-is-layout-cd911411 wp-block-group-is-layout-flex\" style=\"margin-top:0;margin-bottom:0\">\n<div class=\"wp-block-group is-layout-constrained wp-container-core-group-is-layout-e7a8db7c wp-block-group-is-layout-constrained\" style=\"margin-top:0;margin-bottom:0\">\n<p class=\"film-titel has-text-color\" style=\"color:#000000;margin-top:0;margin-bottom:0;font-size:66px;font-style:normal;font-weight:700;letter-spacing:0px;line-height:0.9;text-decoration:none;text-transform:none\">Gurbet \u2013 In der Fremde<\/p>\n\n\n\n<p class=\"film-ortdatauhr has-text-color\" style=\"color:#000000;margin-top:var(--wp--preset--spacing--50);margin-bottom:var(--wp--preset--spacing--50);font-size:28px;font-style:normal;font-weight:600;letter-spacing:0px;line-height:1.2;text-decoration:none;text-transform:none\">Stadtkino at K\u00fcnstlerhaus Vienna<br><strong><strong><strong><strong>Friday, 23. May 2025<\/strong><\/strong><\/strong> I 13:30<\/strong><\/p>\n\n\n\n<p class=\"film-sub has-text-color\" style=\"color:#000000;margin-top:var(--wp--preset--spacing--50);margin-bottom:0;font-size:16px;font-style:normal;font-weight:700;letter-spacing:0px;line-height:1.2;text-decoration:none;text-transform:none\">Kenan K\u0131l\u0131\u00e7<br>Documentary, A 2008, Original language and Turkish with subtitles<\/p>\n<\/div>\n<\/div>\n<\/div>\n\n\n\n<div class=\"wp-block-column is-layout-flow wp-block-column-is-layout-flow\" style=\"padding-right:0;padding-left:0;flex-basis:33.3%\">\n<div class=\"wp-block-buttons is-content-justification-right is-layout-flex wp-container-core-buttons-is-layout-c133f063 wp-block-buttons-is-layout-flex\">\n<div class=\"wp-block-button hover-preto is-style-fill film-button\"><a class=\"wp-block-button__link has-large-font-size has-custom-font-size wp-element-button\"><strong>Finished<\/strong><\/a><\/div>\n<\/div>\n<\/div>\n<\/div>\n\n\n\n<div class=\"wp-block-columns is-layout-flex wp-container-core-columns-is-layout-7abde1fe wp-block-columns-is-layout-flex\" style=\"padding-top:var(--wp--preset--spacing--40);padding-bottom:var(--wp--preset--spacing--40)\">\n<div class=\"wp-block-column is-layout-flow wp-block-column-is-layout-flow\">\n<p>Workers who were invited to Austria under the 1964 recruitment agreement. What was meant to be a brief period abroad became decades of (more or less supported) settling in. In Gurbet, nine people from this first generation of labor migration eloquently recount life on the \u201ccordless swing\u201d between Turkey and Austria. They speak of expectations, dislocations, wounds, and victories, of isolation imposed by both the Austrian majority population and the Turkish consulate, and even the shortage of eggplants in Vienna. Sixteen years later, little needs to be added to the political diagnosis, for example regarding voting rights: \u201cIf someone calls you a \u2018guest\u2019 for forty years, they must be crazy.\u201d (Joachim Sch\u00e4tz)<\/p>\n<\/div>\n<\/div>\n\n\n\n<div style=\"height:1vw\" aria-hidden=\"true\" class=\"wp-block-spacer\"><\/div>\n\n\n\n<figure class=\"wp-block-embed is-type-video is-provider-youtube wp-block-embed-youtube wp-embed-aspect-16-9 wp-has-aspect-ratio\"><div class=\"wp-block-embed__wrapper\">\n<iframe loading=\"lazy\" title=\"Gurbet - In der Fremde Trailer\" width=\"500\" height=\"281\" src=\"https:\/\/www.youtube.com\/embed\/QBPEb8_RSGk?feature=oembed\" frameborder=\"0\" allow=\"accelerometer; autoplay; clipboard-write; encrypted-media; gyroscope; picture-in-picture; web-share\" referrerpolicy=\"strict-origin-when-cross-origin\" allowfullscreen><\/iframe>\n<\/div><\/figure>\n\n\n<style>.kadence-column1355_2a5a89-8f > .kt-inside-inner-col,.kadence-column1355_2a5a89-8f > .kt-inside-inner-col:before{border-top-left-radius:0px;border-top-right-radius:0px;border-bottom-right-radius:0px;border-bottom-left-radius:0px;}.kadence-column1355_2a5a89-8f > .kt-inside-inner-col{column-gap:var(--global-kb-gap-sm, 1rem);}.kadence-column1355_2a5a89-8f > .kt-inside-inner-col{flex-direction:column;}.kadence-column1355_2a5a89-8f > .kt-inside-inner-col > .aligncenter{width:100%;}.kadence-column1355_2a5a89-8f > .kt-inside-inner-col:before{opacity:0.3;}.kadence-column1355_2a5a89-8f{position:relative;}@media all and (max-width: 1024px){.kadence-column1355_2a5a89-8f > .kt-inside-inner-col{flex-direction:column;justify-content:center;}}@media all and (max-width: 767px){.kadence-column1355_2a5a89-8f > .kt-inside-inner-col{flex-direction:column;justify-content:center;}}<\/style>\n<div class=\"wp-block-kadence-column kadence-column1355_2a5a89-8f kvs-lg-false kvs-md-false\"><div class=\"kt-inside-inner-col\">\n<div style=\"height:10px\" aria-hidden=\"true\" class=\"wp-block-spacer\"><\/div>\n<\/div><\/div>\n<\/div>","protected":false},"excerpt":{"rendered":"<p>Gurbet \u2013 In der Fremde Stadtkino im K\u00fcnstlerhaus WienFreitag, 23. Mai 2025 I 13:30 Kenan K\u0131l\u0131\u00e7Dokumentation, A 2008, DF und [&hellip;]<\/p>\n","protected":false},"author":1,"featured_media":0,"parent":1153,"menu_order":17,"comment_status":"closed","ping_status":"closed","template":"","meta":{"site-sidebar-layout":"default","site-content-layout":"","ast-site-content-layout":"default","site-content-style":"default","site-sidebar-style":"default","ast-global-header-display":"","ast-banner-title-visibility":"","ast-main-header-display":"","ast-hfb-above-header-display":"","ast-hfb-below-header-display":"","ast-hfb-mobile-header-display":"","site-post-title":"disabled","ast-breadcrumbs-content":"","ast-featured-img":"","footer-sml-layout":"","ast-disable-related-posts":"","theme-transparent-header-meta":"","adv-header-id-meta":"","stick-header-meta":"","header-above-stick-meta":"","header-main-stick-meta":"","header-below-stick-meta":"","astra-migrate-meta-layouts":"default","ast-page-background-enabled":"default","ast-page-background-meta":{"desktop":{"background-color":"var(--ast-global-color-5)","background-image":"","background-repeat":"repeat","background-position":"center center","background-size":"auto","background-attachment":"scroll","background-type":"","background-media":"","overlay-type":"","overlay-color":"","overlay-opacity":"","overlay-gradient":""},"tablet":{"background-color":"","background-image":"","background-repeat":"repeat","background-position":"center center","background-size":"auto","background-attachment":"scroll","background-type":"","background-media":"","overlay-type":"","overlay-color":"","overlay-opacity":"","overlay-gradient":""},"mobile":{"background-color":"","background-image":"","background-repeat":"repeat","background-position":"center center","background-size":"auto","background-attachment":"scroll","background-type":"","background-media":"","overlay-type":"","overlay-color":"","overlay-opacity":"","overlay-gradient":""}},"ast-content-background-meta":{"desktop":{"background-color":"var(--ast-global-color-4)","background-image":"","background-repeat":"repeat","background-position":"center center","background-size":"auto","background-attachment":"scroll","background-type":"","background-media":"","overlay-type":"","overlay-color":"","overlay-opacity":"","overlay-gradient":""},"tablet":{"background-color":"var(--ast-global-color-4)","background-image":"","background-repeat":"repeat","background-position":"center center","background-size":"auto","background-attachment":"scroll","background-type":"","background-media":"","overlay-type":"","overlay-color":"","overlay-opacity":"","overlay-gradient":""},"mobile":{"background-color":"var(--ast-global-color-4)","background-image":"","background-repeat":"repeat","background-position":"center center","background-size":"auto","background-attachment":"scroll","background-type":"","background-media":"","overlay-type":"","overlay-color":"","overlay-opacity":"","overlay-gradient":""}},"footnotes":""},"class_list":["post-1355","page","type-page","status-publish","hentry"],"_links":{"self":[{"href":"https:\/\/arbeits-film-festival.at\/en\/wp-json\/wp\/v2\/pages\/1355","targetHints":{"allow":["GET"]}}],"collection":[{"href":"https:\/\/arbeits-film-festival.at\/en\/wp-json\/wp\/v2\/pages"}],"about":[{"href":"https:\/\/arbeits-film-festival.at\/en\/wp-json\/wp\/v2\/types\/page"}],"author":[{"embeddable":true,"href":"https:\/\/arbeits-film-festival.at\/en\/wp-json\/wp\/v2\/users\/1"}],"replies":[{"embeddable":true,"href":"https:\/\/arbeits-film-festival.at\/en\/wp-json\/wp\/v2\/comments?post=1355"}],"version-history":[{"count":3,"href":"https:\/\/arbeits-film-festival.at\/en\/wp-json\/wp\/v2\/pages\/1355\/revisions"}],"predecessor-version":[{"id":1547,"href":"https:\/\/arbeits-film-festival.at\/en\/wp-json\/wp\/v2\/pages\/1355\/revisions\/1547"}],"up":[{"embeddable":true,"href":"https:\/\/arbeits-film-festival.at\/en\/wp-json\/wp\/v2\/pages\/1153"}],"wp:attachment":[{"href":"https:\/\/arbeits-film-festival.at\/en\/wp-json\/wp\/v2\/media?parent=1355"}],"curies":[{"name":"wp","href":"https:\/\/api.w.org\/{rel}","templated":true}]}}