{"id":1425,"date":"2026-02-25T11:19:04","date_gmt":"2026-02-25T10:21:23","guid":{"rendered":"https:\/\/arbeits-film-festival.at\/?page_id=1425"},"modified":"2026-04-22T13:28:52","modified_gmt":"2026-04-22T11:28:52","slug":"2026-eroeffnung","status":"publish","type":"page","link":"https:\/\/arbeits-film-festival.at\/en\/waff\/2026-2\/2026-eroeffnung\/","title":{"rendered":"2026 &#8211; Er\u00f6ffnung"},"content":{"rendered":"<div class=\"wp-block-columns alignfull has-background is-layout-flex wp-container-core-columns-is-layout-28f84493 wp-block-columns-is-layout-flex\" style=\"background-color:#6d76b7\">\n<div class=\"wp-block-column is-layout-flow wp-block-column-is-layout-flow\">\n<div style=\"height:30px\" aria-hidden=\"true\" class=\"wp-block-spacer\"><\/div>\n<\/div>\n<\/div>\n\n\n<style>.kb-row-layout-id1425_0f1674-9f > .kt-row-column-wrap{align-content:end;}:where(.kb-row-layout-id1425_0f1674-9f > .kt-row-column-wrap) > .wp-block-kadence-column{justify-content:end;}.kb-row-layout-id1425_0f1674-9f > .kt-row-column-wrap{column-gap:var(--global-kb-gap-md, 2rem);row-gap:var(--global-kb-gap-md, 2rem);min-height:100vh;grid-template-columns:minmax(0, 1fr);}.kb-row-layout-id1425_0f1674-9f{background-color:#6d76b7;background-image:url('https:\/\/arbeits-film-festival.at\/wp-content\/uploads\/2026\/02\/WienerArbeitsFilmFestival_Keyvisual_RGB-1-scaled-e1771705717417.png');background-size:cover;background-position:53% 85%;background-attachment:scroll;background-repeat:no-repeat;}.kb-row-layout-id1425_0f1674-9f > .kt-row-layout-overlay{opacity:0.30;}@media all and (max-width: 1024px){.kb-row-layout-id1425_0f1674-9f > .kt-row-column-wrap{grid-template-columns:minmax(0, 1fr);}}@media all and (max-width: 767px){.kb-row-layout-id1425_0f1674-9f > .kt-row-column-wrap{min-height:70vh;grid-template-columns:minmax(0, 1fr);}.kb-row-layout-id1425_0f1674-9f > .kt-row-column-wrap > .wp-block-kadence-column:nth-child(1 of *:not(style)){order:1;}.kb-row-layout-id1425_0f1674-9f > .kt-row-column-wrap > .wp-block-kadence-column:nth-child(2 of *:not(style)){order:11;}.kb-row-layout-id1425_0f1674-9f > .kt-row-column-wrap > .wp-block-kadence-column:nth-child(3 of *:not(style)){order:21;}.kb-row-layout-id1425_0f1674-9f > .kt-row-column-wrap > .wp-block-kadence-column:nth-child(4 of *:not(style)){order:31;}.kb-row-layout-wrap.wp-block-kadence-rowlayout.kb-row-layout-id1425_0f1674-9f{background-color:#6d76b7;background-image:url('https:\/\/arbeits-film-festival.at\/wp-content\/uploads\/2026\/02\/WienerArbeitsFilmFestival_Keyvisual_RGB-1-scaled-e1771705717417.png')!important;background-size:cover;background-position:43% 56.99999999999999%;background-attachment:scroll;background-repeat:no-repeat;}}<\/style><div style=\"background-image: url(https:\/\/arbeits-film-festival.at\/wp-content\/uploads\/2026\/02\/WienerArbeitsFilmFestival_Keyvisual_RGB-1-scaled-e1771705717417.png);\" class=\"kb-row-layout-wrap kb-row-layout-id1425_0f1674-9f alignfull kt-row-has-bg wp-block-kadence-rowlayout\"><div class=\"kt-row-column-wrap kt-has-1-columns kt-row-layout-equal kt-tab-layout-inherit kt-mobile-layout-row kt-row-valign-bottom kt-inner-column-height-full\">\n<style>.kadence-column1425_5b2b71-36 > .kt-inside-inner-col,.kadence-column1425_5b2b71-36 > .kt-inside-inner-col:before{border-top-left-radius:0px;border-top-right-radius:0px;border-bottom-right-radius:0px;border-bottom-left-radius:0px;}.kadence-column1425_5b2b71-36 > .kt-inside-inner-col{column-gap:var(--global-kb-gap-sm, 1rem);}.kadence-column1425_5b2b71-36 > .kt-inside-inner-col{flex-direction:column;}.kadence-column1425_5b2b71-36 > .kt-inside-inner-col > .aligncenter{width:100%;}.kadence-column1425_5b2b71-36 > .kt-inside-inner-col:before{opacity:0.3;}.kadence-column1425_5b2b71-36{position:relative;}@media all and (max-width: 1024px){.kadence-column1425_5b2b71-36 > .kt-inside-inner-col{flex-direction:column;justify-content:center;}}@media all and (max-width: 767px){.kadence-column1425_5b2b71-36 > .kt-inside-inner-col{flex-direction:column;justify-content:center;}}<\/style>\n<div class=\"wp-block-kadence-column kadence-column1425_5b2b71-36\"><div class=\"kt-inside-inner-col\"><\/div><\/div>\n\n<\/div><\/div>\n\n\n<div class=\"wp-block-group alignfull has-background is-layout-flow wp-block-group-is-layout-flow\" style=\"background-color:#fef8eb;margin-top:0;margin-bottom:0;padding-top:4vw;padding-right:6vw;padding-bottom:10vw;padding-left:6vw\"><style>.kadence-column1425_37a948-f9 > .kt-inside-inner-col,.kadence-column1425_37a948-f9 > .kt-inside-inner-col:before{border-top-left-radius:0px;border-top-right-radius:0px;border-bottom-right-radius:0px;border-bottom-left-radius:0px;}.kadence-column1425_37a948-f9 > .kt-inside-inner-col{column-gap:var(--global-kb-gap-sm, 1rem);}.kadence-column1425_37a948-f9 > .kt-inside-inner-col{flex-direction:column;}.kadence-column1425_37a948-f9 > .kt-inside-inner-col > .aligncenter{width:100%;}.kadence-column1425_37a948-f9 > .kt-inside-inner-col:before{opacity:0.3;}.kadence-column1425_37a948-f9{position:relative;}@media all and (max-width: 1024px){.kadence-column1425_37a948-f9 > .kt-inside-inner-col{flex-direction:column;justify-content:center;}}@media all and (max-width: 767px){.kadence-column1425_37a948-f9 > .kt-inside-inner-col{flex-direction:column;justify-content:center;}}<\/style>\n<div class=\"wp-block-kadence-column kadence-column1425_37a948-f9 kvs-lg-false kvs-md-false\"><div class=\"kt-inside-inner-col\">\n<div style=\"height:10px\" aria-hidden=\"true\" class=\"wp-block-spacer\"><\/div>\n<\/div><\/div>\n\n\n\n<div class=\"wp-block-columns is-layout-flex wp-container-core-columns-is-layout-e0e4babd wp-block-columns-is-layout-flex\" style=\"padding-right:0;padding-left:0\">\n<div class=\"wp-block-column is-layout-flow wp-block-column-is-layout-flow\" style=\"flex-basis:66.66%\">\n<div class=\"wp-block-group is-vertical is-content-justification-left is-layout-flex wp-container-core-group-is-layout-cd911411 wp-block-group-is-layout-flex\" style=\"margin-top:0;margin-bottom:0\">\n<div class=\"wp-block-group is-layout-constrained wp-container-core-group-is-layout-e7a8db7c wp-block-group-is-layout-constrained\" style=\"margin-top:0;margin-bottom:0\">\n<p class=\"film-titel has-text-color\" style=\"color:#000000;margin-top:0;margin-bottom:0;font-size:66px;font-style:normal;font-weight:700;letter-spacing:0px;line-height:0.9;text-decoration:none;text-transform:none\">Opening<\/p>\n\n\n\n<p class=\"film-ortdatauhr has-text-color\" style=\"color:#000000;margin-top:var(--wp--preset--spacing--50);margin-bottom:var(--wp--preset--spacing--50);font-size:28px;font-style:normal;font-weight:600;letter-spacing:0px;line-height:1.2;text-decoration:none;text-transform:none\">Stadtkino Wien<br>Monday, 18 May 2026 <strong>I <\/strong>19.30<\/p>\n\n\n\n<p class=\"film-sub has-text-color\" style=\"color:#000000;margin-top:var(--wp--preset--spacing--50);margin-bottom:0;font-size:16px;font-style:normal;font-weight:700;letter-spacing:0px;line-height:1.2;text-decoration:none;text-transform:none\"><strong>Short Film Program and Discussions with Filmmakers<\/strong><\/p>\n<\/div>\n<\/div>\n<\/div>\n\n\n\n<div class=\"wp-block-column is-layout-flow wp-block-column-is-layout-flow\" style=\"padding-right:0;padding-left:0;flex-basis:33.3%\">\n<div class=\"wp-block-buttons is-content-justification-right is-layout-flex wp-container-core-buttons-is-layout-c133f063 wp-block-buttons-is-layout-flex\">\n<div class=\"wp-block-button hover-preto is-style-fill film-button\"><a class=\"wp-block-button__link has-large-font-size has-custom-font-size wp-element-button\"><strong>TICKETS<\/strong><\/a><\/div>\n<\/div>\n<\/div>\n<\/div>\n\n\n\n<div class=\"wp-block-columns is-layout-flex wp-container-core-columns-is-layout-7abde1fe wp-block-columns-is-layout-flex\" style=\"padding-top:var(--wp--preset--spacing--40);padding-bottom:var(--wp--preset--spacing--40)\">\n<div class=\"wp-block-column is-layout-flow wp-block-column-is-layout-flow\">\n<p>Zum Auftakt des 2. Wiener Arbeitsfilmfestivals laden wir  zu einem besonderen Filmabend mit Kurzfilmen und Gespr\u00e4chen mit Filmschaffenden.<\/p>\n\n\n\n<p>In Zusammenarbeit mit&nbsp;<strong>Vienna Shorts<\/strong>&nbsp;und&nbsp;<strong>Tricky Women<\/strong>&nbsp;widmet sich die Er\u00f6ffnung des Wiener Arbeitsfilmfestivals den vielen Facetten von Frauenarbeit \u2013 als Erwerbsarbeit, Hausarbeit und Care-Arbeit. Dokumentar-, Spiel- und Animationsfilme er\u00f6ffnen dabei unterschiedliche \u00e4sthetische und inhaltliche Zug\u00e4nge. Im Austausch mit&nbsp;Filmemacher:innen&nbsp;und&nbsp;Kurator:innen&nbsp;verdichtet sich das Anliegen des Festivals zu einem vielstimmigen, konzentrierten Filmabend, moderiert von Petra Erdmann (\u00d61, FM4).&nbsp;<\/p>\n\n\n\n<p>Gru\u00dfworte von&nbsp;Ilkim&nbsp;Erdost&nbsp;(Arbeiterkammer Wien) und Marko&nbsp;Miloradovic&nbsp;(waff).&nbsp;<\/p>\n\n\n\n<p>Read more soon. If you do not want to miss any news, subscribe to our newsletter now. <a href=\"https:\/\/arbeits-film-festival.at\/en\/#NEWSLETTER\">Newsletter<\/a>.<br><br><\/p>\n\n\n\n<p><\/p>\n<\/div>\n<\/div>\n\n\n\n<div style=\"height:1vw\" aria-hidden=\"true\" class=\"wp-block-spacer\"><\/div>\n\n\n\n\n<style>.kadence-column1425_ff8a93-e2 > .kt-inside-inner-col,.kadence-column1425_ff8a93-e2 > .kt-inside-inner-col:before{border-top-left-radius:0px;border-top-right-radius:0px;border-bottom-right-radius:0px;border-bottom-left-radius:0px;}.kadence-column1425_ff8a93-e2 > .kt-inside-inner-col{column-gap:var(--global-kb-gap-sm, 1rem);}.kadence-column1425_ff8a93-e2 > .kt-inside-inner-col{flex-direction:column;}.kadence-column1425_ff8a93-e2 > .kt-inside-inner-col > .aligncenter{width:100%;}.kadence-column1425_ff8a93-e2 > .kt-inside-inner-col:before{opacity:0.3;}.kadence-column1425_ff8a93-e2{position:relative;}@media all and (max-width: 1024px){.kadence-column1425_ff8a93-e2 > .kt-inside-inner-col{flex-direction:column;justify-content:center;}}@media all and (max-width: 767px){.kadence-column1425_ff8a93-e2 > .kt-inside-inner-col{flex-direction:column;justify-content:center;}}<\/style>\n<div class=\"wp-block-kadence-column kadence-column1425_ff8a93-e2 kvs-lg-false kvs-md-false\"><div class=\"kt-inside-inner-col\">\n<div style=\"height:10px\" aria-hidden=\"true\" class=\"wp-block-spacer\"><\/div>\n<\/div><\/div>\n<\/div>","protected":false},"excerpt":{"rendered":"<p>Er\u00f6ffnung Stadtkino WienMontag, 18. Mai 2026 I 19.30 Kurzfilmprogramm und Filmgespr\u00e4che Zum Auftakt des 2. Wiener Arbeitsfilmfestivals laden wir zu [&hellip;]<\/p>\n","protected":false},"author":1,"featured_media":0,"parent":1488,"menu_order":0,"comment_status":"closed","ping_status":"closed","template":"","meta":{"site-sidebar-layout":"default","site-content-layout":"","ast-site-content-layout":"default","site-content-style":"default","site-sidebar-style":"default","ast-global-header-display":"","ast-banner-title-visibility":"","ast-main-header-display":"","ast-hfb-above-header-display":"","ast-hfb-below-header-display":"","ast-hfb-mobile-header-display":"","site-post-title":"disabled","ast-breadcrumbs-content":"","ast-featured-img":"","footer-sml-layout":"","ast-disable-related-posts":"","theme-transparent-header-meta":"","adv-header-id-meta":"","stick-header-meta":"","header-above-stick-meta":"","header-main-stick-meta":"","header-below-stick-meta":"","astra-migrate-meta-layouts":"default","ast-page-background-enabled":"default","ast-page-background-meta":{"desktop":{"background-color":"var(--ast-global-color-5)","background-image":"","background-repeat":"repeat","background-position":"center center","background-size":"auto","background-attachment":"scroll","background-type":"","background-media":"","overlay-type":"","overlay-color":"","overlay-opacity":"","overlay-gradient":""},"tablet":{"background-color":"","background-image":"","background-repeat":"repeat","background-position":"center center","background-size":"auto","background-attachment":"scroll","background-type":"","background-media":"","overlay-type":"","overlay-color":"","overlay-opacity":"","overlay-gradient":""},"mobile":{"background-color":"","background-image":"","background-repeat":"repeat","background-position":"center center","background-size":"auto","background-attachment":"scroll","background-type":"","background-media":"","overlay-type":"","overlay-color":"","overlay-opacity":"","overlay-gradient":""}},"ast-content-background-meta":{"desktop":{"background-color":"var(--ast-global-color-4)","background-image":"","background-repeat":"repeat","background-position":"center center","background-size":"auto","background-attachment":"scroll","background-type":"","background-media":"","overlay-type":"","overlay-color":"","overlay-opacity":"","overlay-gradient":""},"tablet":{"background-color":"var(--ast-global-color-4)","background-image":"","background-repeat":"repeat","background-position":"center center","background-size":"auto","background-attachment":"scroll","background-type":"","background-media":"","overlay-type":"","overlay-color":"","overlay-opacity":"","overlay-gradient":""},"mobile":{"background-color":"var(--ast-global-color-4)","background-image":"","background-repeat":"repeat","background-position":"center center","background-size":"auto","background-attachment":"scroll","background-type":"","background-media":"","overlay-type":"","overlay-color":"","overlay-opacity":"","overlay-gradient":""}},"footnotes":""},"class_list":["post-1425","page","type-page","status-publish","hentry"],"_links":{"self":[{"href":"https:\/\/arbeits-film-festival.at\/en\/wp-json\/wp\/v2\/pages\/1425","targetHints":{"allow":["GET"]}}],"collection":[{"href":"https:\/\/arbeits-film-festival.at\/en\/wp-json\/wp\/v2\/pages"}],"about":[{"href":"https:\/\/arbeits-film-festival.at\/en\/wp-json\/wp\/v2\/types\/page"}],"author":[{"embeddable":true,"href":"https:\/\/arbeits-film-festival.at\/en\/wp-json\/wp\/v2\/users\/1"}],"replies":[{"embeddable":true,"href":"https:\/\/arbeits-film-festival.at\/en\/wp-json\/wp\/v2\/comments?post=1425"}],"version-history":[{"count":9,"href":"https:\/\/arbeits-film-festival.at\/en\/wp-json\/wp\/v2\/pages\/1425\/revisions"}],"predecessor-version":[{"id":1874,"href":"https:\/\/arbeits-film-festival.at\/en\/wp-json\/wp\/v2\/pages\/1425\/revisions\/1874"}],"up":[{"embeddable":true,"href":"https:\/\/arbeits-film-festival.at\/en\/wp-json\/wp\/v2\/pages\/1488"}],"wp:attachment":[{"href":"https:\/\/arbeits-film-festival.at\/en\/wp-json\/wp\/v2\/media?parent=1425"}],"curies":[{"name":"wp","href":"https:\/\/api.w.org\/{rel}","templated":true}]}}