{"id":1595,"date":"2026-03-24T10:02:46","date_gmt":"2026-03-24T09:02:46","guid":{"rendered":"https:\/\/arbeits-film-festival.at\/?page_id=1595"},"modified":"2026-05-07T00:52:11","modified_gmt":"2026-05-06T22:52:11","slug":"2026-ams-arbeit-muss-sein","status":"publish","type":"page","link":"https:\/\/arbeits-film-festival.at\/en\/waff\/2026-2\/2026-ams-arbeit-muss-sein\/","title":{"rendered":"2026 &#8211; AMS &#8211; Arbeit muss sein"},"content":{"rendered":"<div class=\"wp-block-columns alignfull has-background is-layout-flex wp-container-core-columns-is-layout-28f84493 wp-block-columns-is-layout-flex\" style=\"background-color:#6d76b7\">\n<div class=\"wp-block-column is-layout-flow wp-block-column-is-layout-flow\">\n<div style=\"height:30px\" aria-hidden=\"true\" class=\"wp-block-spacer\"><\/div>\n<\/div>\n<\/div>\n\n\n<style>.kb-row-layout-id1595_4c5a33-57 > .kt-row-column-wrap{align-content:end;}:where(.kb-row-layout-id1595_4c5a33-57 > .kt-row-column-wrap) > .wp-block-kadence-column{justify-content:end;}.kb-row-layout-id1595_4c5a33-57 > .kt-row-column-wrap{column-gap:var(--global-kb-gap-md, 2rem);row-gap:var(--global-kb-gap-md, 2rem);min-height:100vh;grid-template-columns:minmax(0, 1fr);}.kb-row-layout-id1595_4c5a33-57 > .kt-row-layout-overlay{opacity:0.30;}@media all and (max-width: 1024px){.kb-row-layout-id1595_4c5a33-57 > .kt-row-column-wrap{grid-template-columns:minmax(0, 1fr);}}@media all and (max-width: 767px){.kb-row-layout-id1595_4c5a33-57 > .kt-row-column-wrap{min-height:70vh;grid-template-columns:minmax(0, 1fr);}.kb-row-layout-id1595_4c5a33-57 > .kt-row-column-wrap > .wp-block-kadence-column:nth-child(1 of *:not(style)){order:1;}.kb-row-layout-id1595_4c5a33-57 > .kt-row-column-wrap > .wp-block-kadence-column:nth-child(2 of *:not(style)){order:11;}.kb-row-layout-id1595_4c5a33-57 > .kt-row-column-wrap > .wp-block-kadence-column:nth-child(3 of *:not(style)){order:21;}.kb-row-layout-id1595_4c5a33-57 > .kt-row-column-wrap > .wp-block-kadence-column:nth-child(4 of *:not(style)){order:31;}}<\/style><div class=\"kb-row-layout-wrap kb-row-layout-id1595_4c5a33-57 alignfull kt-row-has-bg wp-block-kadence-rowlayout\"><div class=\"kt-blocks-carousel kb-blocks-bg-slider kt-carousel-container-dotstyle-dark\"><div class=\"kt-blocks-carousel-init splide kb-blocks-bg-slider-init kt-carousel-arrowstyle-whiteondark kt-carousel-dotstyle-dark\" data-slider-anim-speed=\"400\" data-slider-type=\"slider\" data-slider-scroll=\"1\" data-slider-arrows=\"true\" data-slider-fade=\"true\" data-slider-dots=\"true\" data-slider-hover-pause=\"false\" data-slider-auto=\"true\" data-slider-speed=\"7000\" data-show-pause-button=\"false\"><div class=\"splide__track\"><ul class=\"splide__list\"><li class=\"splide__slide kb-bg-slide-contain\"><div  class=\"kb-bg-slide kb-bg-slide-0\" style=\"background-image:url(https:\/\/arbeits-film-festival.at\/wp-content\/uploads\/2026\/03\/ams_arbeit_muss_sein_d26_02astudio_brauneis_sebastian_brauneis_roman_chalupnik.6041644.jpg); background-size:cover; background-position:53% 85%; background-repeat:repeat;\"><\/div><\/li><li class=\"splide__slide kb-bg-slide-contain\"><div  class=\"kb-bg-slide kb-bg-slide-1\" style=\"background-image:url(https:\/\/arbeits-film-festival.at\/wp-content\/uploads\/2026\/05\/AMS_Arbeit-Muss-Sein_cStudio-Brauneis_fSebastian-Brauneis_Roman-Chalupnik_2026_Photogramm-02_00909670-scaled.png); background-size:cover; background-position:53% 85%; background-repeat:repeat;\"><\/div><\/li><li class=\"splide__slide kb-bg-slide-contain\"><div  class=\"kb-bg-slide kb-bg-slide-2\" style=\"background-image:url(https:\/\/arbeits-film-festival.at\/wp-content\/uploads\/2026\/05\/AMS_Arbeit-Muss-Sein_cStudio-Brauneis_fSebastian-Brauneis_Roman-Chalupnik_2026_Photogramm-04_00918321-scaled.png); background-size:cover; background-position:53% 85%; background-repeat:repeat;\"><\/div><\/li><li class=\"splide__slide kb-bg-slide-contain\"><div  class=\"kb-bg-slide kb-bg-slide-3\" style=\"background-image:url(https:\/\/arbeits-film-festival.at\/wp-content\/uploads\/2026\/05\/AMS_Arbeit-Muss-Sein_cStudio-Brauneis_fSebastian-Brauneis_Roman-Chalupnik_2026_Photogramm-09_00954394-scaled.png); background-size:cover; background-position:53% 85%; background-repeat:repeat;\"><\/div><\/li><li class=\"splide__slide kb-bg-slide-contain\"><div  class=\"kb-bg-slide kb-bg-slide-4\" style=\"background-image:url(https:\/\/arbeits-film-festival.at\/wp-content\/uploads\/2026\/05\/AMS_Arbeit-Muss-Sein_cStudio-Brauneis_fSebastian-Brauneis_Roman-Chalupnik_2026_Photogramm-11_00965413-scaled.png); background-size:cover; background-position:53% 85%; background-repeat:repeat;\"><\/div><\/li><li class=\"splide__slide kb-bg-slide-contain\"><div  class=\"kb-bg-slide kb-bg-slide-5\" style=\"background-image:url(https:\/\/arbeits-film-festival.at\/wp-content\/uploads\/2026\/05\/AMS_Arbeit-Muss-Sein_cStudio-Brauneis_fSebastian-Brauneis_Roman-Chalupnik_2026_Photogramm-12_00970564-scaled.png); background-size:cover; background-position:53% 85%; background-repeat:repeat;\"><\/div><\/li><li class=\"splide__slide kb-bg-slide-contain\"><div  class=\"kb-bg-slide kb-bg-slide-6\" style=\"background-image:url(https:\/\/arbeits-film-festival.at\/wp-content\/uploads\/2026\/05\/AMS_Arbeit-Muss-Sein_cStudio-Brauneis_fSebastian-Brauneis_Roman-Chalupnik_2026_Photogramm-13_00975960-scaled.png); background-size:cover; background-position:53% 85%; background-repeat:repeat;\"><\/div><\/li><li class=\"splide__slide kb-bg-slide-contain\"><div  class=\"kb-bg-slide kb-bg-slide-7\" style=\"background-image:url(https:\/\/arbeits-film-festival.at\/wp-content\/uploads\/2026\/05\/AMS_Arbeit-Muss-Sein_cStudio-Brauneis_fSebastian-Brauneis_Roman-Chalupnik_2026_Photogramm-14_00980090-scaled.png); background-size:cover; background-position:53% 85%; background-repeat:repeat;\"><\/div><\/li><li class=\"splide__slide kb-bg-slide-contain\"><div  class=\"kb-bg-slide kb-bg-slide-8\" style=\"background-image:url(https:\/\/arbeits-film-festival.at\/wp-content\/uploads\/2026\/05\/AMS_Arbeit-Muss-Sein_cStudio-Brauneis_fSebastian-Brauneis_Roman-Chalupnik_2026_Photogramm-17_00997539-scaled.png); background-size:cover; background-position:53% 85%; background-repeat:repeat;\"><\/div><\/li><\/ul><\/div><\/div><\/div><div class=\"kt-row-column-wrap kt-has-1-columns kt-row-layout-equal kt-tab-layout-inherit kt-mobile-layout-row kt-row-valign-bottom kt-inner-column-height-full\">\n<style>.kadence-column1595_f073b9-d9 > .kt-inside-inner-col,.kadence-column1595_f073b9-d9 > .kt-inside-inner-col:before{border-top-left-radius:0px;border-top-right-radius:0px;border-bottom-right-radius:0px;border-bottom-left-radius:0px;}.kadence-column1595_f073b9-d9 > .kt-inside-inner-col{column-gap:var(--global-kb-gap-sm, 1rem);}.kadence-column1595_f073b9-d9 > .kt-inside-inner-col{flex-direction:column;}.kadence-column1595_f073b9-d9 > .kt-inside-inner-col > .aligncenter{width:100%;}.kadence-column1595_f073b9-d9 > .kt-inside-inner-col:before{opacity:0.3;}.kadence-column1595_f073b9-d9{position:relative;}@media all and (max-width: 1024px){.kadence-column1595_f073b9-d9 > .kt-inside-inner-col{flex-direction:column;justify-content:center;}}@media all and (max-width: 767px){.kadence-column1595_f073b9-d9 > .kt-inside-inner-col{flex-direction:column;justify-content:center;}}<\/style>\n<div class=\"wp-block-kadence-column kadence-column1595_f073b9-d9\"><div class=\"kt-inside-inner-col\"><\/div><\/div>\n\n<\/div><\/div>\n\n\n<div class=\"wp-block-group alignfull has-background is-layout-flow wp-block-group-is-layout-flow\" style=\"background-color:#fef8eb;margin-top:0;margin-bottom:0;padding-top:4vw;padding-right:6vw;padding-bottom:10vw;padding-left:6vw\"><style>.kadence-column1595_85e659-76 > .kt-inside-inner-col,.kadence-column1595_85e659-76 > .kt-inside-inner-col:before{border-top-left-radius:0px;border-top-right-radius:0px;border-bottom-right-radius:0px;border-bottom-left-radius:0px;}.kadence-column1595_85e659-76 > .kt-inside-inner-col{column-gap:var(--global-kb-gap-sm, 1rem);}.kadence-column1595_85e659-76 > .kt-inside-inner-col{flex-direction:column;}.kadence-column1595_85e659-76 > .kt-inside-inner-col > .aligncenter{width:100%;}.kadence-column1595_85e659-76 > .kt-inside-inner-col:before{opacity:0.3;}.kadence-column1595_85e659-76{position:relative;}@media all and (max-width: 1024px){.kadence-column1595_85e659-76 > .kt-inside-inner-col{flex-direction:column;justify-content:center;}}@media all and (max-width: 767px){.kadence-column1595_85e659-76 > .kt-inside-inner-col{flex-direction:column;justify-content:center;}}<\/style>\n<div class=\"wp-block-kadence-column kadence-column1595_85e659-76 kvs-lg-false kvs-md-false\"><div class=\"kt-inside-inner-col\">\n<div style=\"height:10px\" aria-hidden=\"true\" class=\"wp-block-spacer\"><\/div>\n<\/div><\/div>\n\n\n\n<div class=\"wp-block-columns is-layout-flex wp-container-core-columns-is-layout-e0e4babd wp-block-columns-is-layout-flex\" style=\"padding-right:0;padding-left:0\">\n<div class=\"wp-block-column is-layout-flow wp-block-column-is-layout-flow\" style=\"flex-basis:66.66%\">\n<div class=\"wp-block-group is-vertical is-content-justification-left is-layout-flex wp-container-core-group-is-layout-cd911411 wp-block-group-is-layout-flex\" style=\"margin-top:0;margin-bottom:0\">\n<div class=\"wp-block-group is-layout-constrained wp-container-core-group-is-layout-d07a7b43 wp-block-group-is-layout-constrained\" style=\"margin-top:0;margin-bottom:0;padding-right:0;padding-left:0\">\n<p class=\"film-titel has-text-color\" style=\"color:#000000;margin-top:0;margin-right:0;margin-bottom:0;margin-left:0;font-size:66px;font-style:normal;font-weight:700;letter-spacing:0px;line-height:0.9;text-decoration:none;text-transform:none\"><strong>Preview zum Wiener Arbeits<\/strong><strong>filmfestival: AMS \u2013 Arbeit muss sein<\/strong><\/p>\n\n\n\n<p class=\"film-ortdatauhr has-text-color\" style=\"color:#000000;margin-top:var(--wp--preset--spacing--50);margin-bottom:var(--wp--preset--spacing--50);font-size:28px;font-style:normal;font-weight:600;letter-spacing:0px;line-height:1.2;text-decoration:none;text-transform:none\">Gartenbaukino Wien<br>Freitag, 1. Mai 2026 <strong>I <\/strong>19:00<\/p>\n\n\n\n<p class=\"film-sub has-text-color\" style=\"color:#000000;margin-top:var(--wp--preset--spacing--50);margin-bottom:0;font-size:16px;font-style:normal;font-weight:700;letter-spacing:0px;line-height:1.2;text-decoration:none;text-transform:none\"><strong>K<\/strong>om\u00f6die | A 2026 | 100&#8242; | DF<\/p>\n<\/div>\n<\/div>\n<\/div>\n\n\n\n<div class=\"wp-block-column is-layout-flow wp-block-column-is-layout-flow\" style=\"padding-right:0;padding-left:0;flex-basis:33.3%\">\n<div class=\"wp-block-buttons is-content-justification-right is-layout-flex wp-container-core-buttons-is-layout-c133f063 wp-block-buttons-is-layout-flex\">\n<div class=\"wp-block-button hover-preto is-style-fill film-button\"><a class=\"wp-block-button__link has-large-font-size has-custom-font-size wp-element-button\" href=\"https:\/\/www.gartenbaukino.at\/programm\/ams-arbeit-muss-sein\/\"><strong>TICKETS<\/strong><\/a><\/div>\n<\/div>\n<\/div>\n<\/div>\n\n\n\n<div class=\"wp-block-columns is-layout-flex wp-container-core-columns-is-layout-7abde1fe wp-block-columns-is-layout-flex\" style=\"padding-top:var(--wp--preset--spacing--40);padding-bottom:var(--wp--preset--spacing--40)\">\n<div class=\"wp-block-column is-layout-flow wp-block-column-is-layout-flow\">\n<p>Am Tag der Arbeit bieten wir einen Vorgeschmack auf das 2. Wiener Arbeitsfilmfestival. Vor dem offiziellen Kinostart im Herbst zeigen wir im Rahmen einer Sondervorstellung den neuesten Film von Sebastian Brauneis&nbsp;<strong>\u201eAMS \u2013 Arbeit muss sein\u201c<\/strong>&nbsp;im Gartenbaukino.&nbsp;<\/p>\n\n\n\n<p>In der Kom\u00f6die rund um ein fiktionales AMS schlie\u00dft sich eine Gruppe von Langzeitarbeitslosen angef\u00fchrt von Marie Wotruba (Margarethe Tiese) zusammen, um gemeinsam gegen Strukturen zu k\u00e4mpfen, die sie hindern, das Leben zu f\u00fchren, das sie wollen. Dabei braucht es Zusammenhalt, Erfindungsgeist und Verb\u00fcndete innerhalb des Systems. <\/p>\n\n\n\n<p>\u201e<em>Anstelle eines tristen Sozialdramas ein schwungvolles Offbeat-Musical.<\/em>\u201c (<em>Lukas Foerster<\/em>)<\/p>\n\n\n\n<p>\u201e<em>Alles in allem ist Sebastian Brauneis eine wunderbare sozialkritische Kom\u00f6die gelungen, die in keinster Weise das AMS als Institution antagonisiert, sondern vor allem zu Menschlichkeit und Solidarit\u00e4t aufruft\u2026<\/em>\u201c (UNCUT)<\/p>\n\n\n\n<p>Der Regisseur und Mitglieder der Besetzung werden anwesend sein. Im Anschluss an den Film findet ein&nbsp;<strong>Filmgespr\u00e4ch<\/strong>&nbsp;mit Regisseur&nbsp;<strong>Sebastian Brauneis<\/strong>&nbsp;und&nbsp;dem&nbsp;AMS-Vorstandsvorsitzenden <strong>Johannes Kopf<\/strong>&nbsp;statt.<br><br><\/p>\n\n\n\n<p><\/p>\n<\/div>\n<\/div>\n\n\n\n<div style=\"height:1vw\" aria-hidden=\"true\" class=\"wp-block-spacer\"><\/div>\n\n\n\n<figure class=\"wp-block-embed is-type-video is-provider-youtube wp-block-embed-youtube wp-embed-aspect-16-9 wp-has-aspect-ratio\"><div class=\"wp-block-embed__wrapper\">\n<iframe loading=\"lazy\" title=\"AMS Trailer Diagonale HD\" width=\"500\" height=\"281\" src=\"https:\/\/www.youtube.com\/embed\/R-OxK1zfAd8?start=8&#038;feature=oembed\" frameborder=\"0\" allow=\"accelerometer; autoplay; clipboard-write; encrypted-media; gyroscope; picture-in-picture; web-share\" referrerpolicy=\"strict-origin-when-cross-origin\" allowfullscreen><\/iframe>\n<\/div><\/figure>\n\n\n<style>.kadence-column1595_2673d0-0c > .kt-inside-inner-col,.kadence-column1595_2673d0-0c > .kt-inside-inner-col:before{border-top-left-radius:0px;border-top-right-radius:0px;border-bottom-right-radius:0px;border-bottom-left-radius:0px;}.kadence-column1595_2673d0-0c > .kt-inside-inner-col{column-gap:var(--global-kb-gap-sm, 1rem);}.kadence-column1595_2673d0-0c > .kt-inside-inner-col{flex-direction:column;}.kadence-column1595_2673d0-0c > .kt-inside-inner-col > .aligncenter{width:100%;}.kadence-column1595_2673d0-0c > .kt-inside-inner-col:before{opacity:0.3;}.kadence-column1595_2673d0-0c{position:relative;}@media all and (max-width: 1024px){.kadence-column1595_2673d0-0c > .kt-inside-inner-col{flex-direction:column;justify-content:center;}}@media all and (max-width: 767px){.kadence-column1595_2673d0-0c > .kt-inside-inner-col{flex-direction:column;justify-content:center;}}<\/style>\n<div class=\"wp-block-kadence-column kadence-column1595_2673d0-0c kvs-lg-false kvs-md-false\"><div class=\"kt-inside-inner-col\">\n<div style=\"height:10px\" aria-hidden=\"true\" class=\"wp-block-spacer\"><\/div>\n<\/div><\/div>\n<\/div>","protected":false},"excerpt":{"rendered":"<p>Preview zum Wiener Arbeitsfilmfestival: AMS \u2013 Arbeit muss sein Gartenbaukino WienFreitag, 1. Mai 2026 I 19:00 Kom\u00f6die | A 2026 [&hellip;]<\/p>\n","protected":false},"author":3,"featured_media":0,"parent":1488,"menu_order":17,"comment_status":"closed","ping_status":"closed","template":"","meta":{"site-sidebar-layout":"default","site-content-layout":"","ast-site-content-layout":"default","site-content-style":"default","site-sidebar-style":"default","ast-global-header-display":"","ast-banner-title-visibility":"","ast-main-header-display":"","ast-hfb-above-header-display":"","ast-hfb-below-header-display":"","ast-hfb-mobile-header-display":"","site-post-title":"disabled","ast-breadcrumbs-content":"","ast-featured-img":"","footer-sml-layout":"","ast-disable-related-posts":"","theme-transparent-header-meta":"","adv-header-id-meta":"","stick-header-meta":"","header-above-stick-meta":"","header-main-stick-meta":"","header-below-stick-meta":"","astra-migrate-meta-layouts":"default","ast-page-background-enabled":"default","ast-page-background-meta":{"desktop":{"background-color":"var(--ast-global-color-5)","background-image":"","background-repeat":"repeat","background-position":"center center","background-size":"auto","background-attachment":"scroll","background-type":"","background-media":"","overlay-type":"","overlay-color":"","overlay-opacity":"","overlay-gradient":""},"tablet":{"background-color":"","background-image":"","background-repeat":"repeat","background-position":"center center","background-size":"auto","background-attachment":"scroll","background-type":"","background-media":"","overlay-type":"","overlay-color":"","overlay-opacity":"","overlay-gradient":""},"mobile":{"background-color":"","background-image":"","background-repeat":"repeat","background-position":"center center","background-size":"auto","background-attachment":"scroll","background-type":"","background-media":"","overlay-type":"","overlay-color":"","overlay-opacity":"","overlay-gradient":""}},"ast-content-background-meta":{"desktop":{"background-color":"var(--ast-global-color-4)","background-image":"","background-repeat":"repeat","background-position":"center center","background-size":"auto","background-attachment":"scroll","background-type":"","background-media":"","overlay-type":"","overlay-color":"","overlay-opacity":"","overlay-gradient":""},"tablet":{"background-color":"var(--ast-global-color-4)","background-image":"","background-repeat":"repeat","background-position":"center center","background-size":"auto","background-attachment":"scroll","background-type":"","background-media":"","overlay-type":"","overlay-color":"","overlay-opacity":"","overlay-gradient":""},"mobile":{"background-color":"var(--ast-global-color-4)","background-image":"","background-repeat":"repeat","background-position":"center center","background-size":"auto","background-attachment":"scroll","background-type":"","background-media":"","overlay-type":"","overlay-color":"","overlay-opacity":"","overlay-gradient":""}},"footnotes":""},"class_list":["post-1595","page","type-page","status-publish","hentry"],"_links":{"self":[{"href":"https:\/\/arbeits-film-festival.at\/en\/wp-json\/wp\/v2\/pages\/1595","targetHints":{"allow":["GET"]}}],"collection":[{"href":"https:\/\/arbeits-film-festival.at\/en\/wp-json\/wp\/v2\/pages"}],"about":[{"href":"https:\/\/arbeits-film-festival.at\/en\/wp-json\/wp\/v2\/types\/page"}],"author":[{"embeddable":true,"href":"https:\/\/arbeits-film-festival.at\/en\/wp-json\/wp\/v2\/users\/3"}],"replies":[{"embeddable":true,"href":"https:\/\/arbeits-film-festival.at\/en\/wp-json\/wp\/v2\/comments?post=1595"}],"version-history":[{"count":7,"href":"https:\/\/arbeits-film-festival.at\/en\/wp-json\/wp\/v2\/pages\/1595\/revisions"}],"predecessor-version":[{"id":2202,"href":"https:\/\/arbeits-film-festival.at\/en\/wp-json\/wp\/v2\/pages\/1595\/revisions\/2202"}],"up":[{"embeddable":true,"href":"https:\/\/arbeits-film-festival.at\/en\/wp-json\/wp\/v2\/pages\/1488"}],"wp:attachment":[{"href":"https:\/\/arbeits-film-festival.at\/en\/wp-json\/wp\/v2\/media?parent=1595"}],"curies":[{"name":"wp","href":"https:\/\/api.w.org\/{rel}","templated":true}]}}