{"id":1774,"date":"2026-04-21T23:30:49","date_gmt":"2026-04-21T21:30:49","guid":{"rendered":"https:\/\/arbeits-film-festival.at\/?page_id=1774"},"modified":"2026-04-22T17:14:37","modified_gmt":"2026-04-22T15:14:37","slug":"2026-made-in-eu","status":"publish","type":"page","link":"https:\/\/arbeits-film-festival.at\/en\/waff\/2026-2\/2026-made-in-eu\/","title":{"rendered":"2026 &#8211; Made in EU"},"content":{"rendered":"<div class=\"wp-block-columns alignfull has-background is-layout-flex wp-container-core-columns-is-layout-28f84493 wp-block-columns-is-layout-flex\" style=\"background-color:#6d76b7\">\n<div class=\"wp-block-column is-layout-flow wp-block-column-is-layout-flow\">\n<div style=\"height:30px\" aria-hidden=\"true\" class=\"wp-block-spacer\"><\/div>\n<\/div>\n<\/div>\n\n\n<style>.kb-row-layout-id1774_1bd0c6-f9 > .kt-row-column-wrap{align-content:end;}:where(.kb-row-layout-id1774_1bd0c6-f9 > .kt-row-column-wrap) > .wp-block-kadence-column{justify-content:end;}.kb-row-layout-id1774_1bd0c6-f9 > .kt-row-column-wrap{column-gap:var(--global-kb-gap-md, 2rem);row-gap:var(--global-kb-gap-md, 2rem);min-height:100vh;grid-template-columns:minmax(0, 1fr);}.kb-row-layout-id1774_1bd0c6-f9{background-color:#6d76b7;background-image:url('https:\/\/arbeits-film-festival.at\/wp-content\/uploads\/2026\/04\/1_made-in-EU_small-scaled.jpg');background-size:cover;background-position:53% 85%;background-attachment:scroll;background-repeat:no-repeat;}.kb-row-layout-id1774_1bd0c6-f9 > .kt-row-layout-overlay{opacity:0.30;}@media all and (max-width: 1024px){.kb-row-layout-id1774_1bd0c6-f9 > .kt-row-column-wrap{grid-template-columns:minmax(0, 1fr);}}@media all and (max-width: 767px){.kb-row-layout-id1774_1bd0c6-f9 > .kt-row-column-wrap{min-height:70vh;grid-template-columns:minmax(0, 1fr);}.kb-row-layout-id1774_1bd0c6-f9 > .kt-row-column-wrap > .wp-block-kadence-column:nth-child(1 of *:not(style)){order:1;}.kb-row-layout-id1774_1bd0c6-f9 > .kt-row-column-wrap > .wp-block-kadence-column:nth-child(2 of *:not(style)){order:11;}.kb-row-layout-id1774_1bd0c6-f9 > .kt-row-column-wrap > .wp-block-kadence-column:nth-child(3 of *:not(style)){order:21;}.kb-row-layout-id1774_1bd0c6-f9 > .kt-row-column-wrap > .wp-block-kadence-column:nth-child(4 of *:not(style)){order:31;}}<\/style><div style=\"background-image: url(https:\/\/arbeits-film-festival.at\/wp-content\/uploads\/2026\/04\/1_made-in-EU_small-scaled.jpg);\" class=\"kb-row-layout-wrap kb-row-layout-id1774_1bd0c6-f9 alignfull kt-row-has-bg wp-block-kadence-rowlayout\"><div class=\"kt-row-column-wrap kt-has-1-columns kt-row-layout-equal kt-tab-layout-inherit kt-mobile-layout-row kt-row-valign-bottom kt-inner-column-height-full\">\n<style>.kadence-column1774_4cdafc-d4 > .kt-inside-inner-col,.kadence-column1774_4cdafc-d4 > .kt-inside-inner-col:before{border-top-left-radius:0px;border-top-right-radius:0px;border-bottom-right-radius:0px;border-bottom-left-radius:0px;}.kadence-column1774_4cdafc-d4 > .kt-inside-inner-col{column-gap:var(--global-kb-gap-sm, 1rem);}.kadence-column1774_4cdafc-d4 > .kt-inside-inner-col{flex-direction:column;}.kadence-column1774_4cdafc-d4 > .kt-inside-inner-col > .aligncenter{width:100%;}.kadence-column1774_4cdafc-d4 > .kt-inside-inner-col:before{opacity:0.3;}.kadence-column1774_4cdafc-d4{position:relative;}@media all and (max-width: 1024px){.kadence-column1774_4cdafc-d4 > .kt-inside-inner-col{flex-direction:column;justify-content:center;}}@media all and (max-width: 767px){.kadence-column1774_4cdafc-d4 > .kt-inside-inner-col{flex-direction:column;justify-content:center;}}<\/style>\n<div class=\"wp-block-kadence-column kadence-column1774_4cdafc-d4\"><div class=\"kt-inside-inner-col\"><\/div><\/div>\n\n<\/div><\/div>\n\n\n<div class=\"wp-block-group alignfull has-background is-layout-flow wp-block-group-is-layout-flow\" style=\"background-color:#fef8eb;margin-top:0;margin-bottom:0;padding-top:4vw;padding-right:6vw;padding-bottom:10vw;padding-left:6vw\"><style>.kadence-column1774_873b12-62 > .kt-inside-inner-col,.kadence-column1774_873b12-62 > .kt-inside-inner-col:before{border-top-left-radius:0px;border-top-right-radius:0px;border-bottom-right-radius:0px;border-bottom-left-radius:0px;}.kadence-column1774_873b12-62 > .kt-inside-inner-col{column-gap:var(--global-kb-gap-sm, 1rem);}.kadence-column1774_873b12-62 > .kt-inside-inner-col{flex-direction:column;}.kadence-column1774_873b12-62 > .kt-inside-inner-col > .aligncenter{width:100%;}.kadence-column1774_873b12-62 > .kt-inside-inner-col:before{opacity:0.3;}.kadence-column1774_873b12-62{position:relative;}@media all and (max-width: 1024px){.kadence-column1774_873b12-62 > .kt-inside-inner-col{flex-direction:column;justify-content:center;}}@media all and (max-width: 767px){.kadence-column1774_873b12-62 > .kt-inside-inner-col{flex-direction:column;justify-content:center;}}<\/style>\n<div class=\"wp-block-kadence-column kadence-column1774_873b12-62 kvs-lg-false kvs-md-false\"><div class=\"kt-inside-inner-col\">\n<div style=\"height:10px\" aria-hidden=\"true\" class=\"wp-block-spacer\"><\/div>\n<\/div><\/div>\n\n\n\n<div class=\"wp-block-columns is-layout-flex wp-container-core-columns-is-layout-e0e4babd wp-block-columns-is-layout-flex\" style=\"padding-right:0;padding-left:0\">\n<div class=\"wp-block-column is-layout-flow wp-block-column-is-layout-flow\" style=\"flex-basis:66.66%\">\n<div class=\"wp-block-group is-vertical is-content-justification-left is-layout-flex wp-container-core-group-is-layout-cd911411 wp-block-group-is-layout-flex\" style=\"margin-top:0;margin-bottom:0\">\n<div class=\"wp-block-group is-layout-constrained wp-container-core-group-is-layout-e7a8db7c wp-block-group-is-layout-constrained\" style=\"margin-top:0;margin-bottom:0\">\n<p class=\"film-titel has-text-color\" style=\"color:#000000;margin-top:0;margin-bottom:0;font-size:66px;font-style:normal;font-weight:700;letter-spacing:0px;line-height:0.9;text-decoration:none;text-transform:none\">Made in EU&nbsp;<\/p>\n\n\n\n<p class=\"film-ortdatauhr has-text-color\" style=\"color:#000000;margin-top:var(--wp--preset--spacing--50);margin-bottom:var(--wp--preset--spacing--50);font-size:28px;font-style:normal;font-weight:600;letter-spacing:0px;line-height:1.2;text-decoration:none;text-transform:none\"><strong>Admiralkino<\/strong>&nbsp;<br><strong>Dienstag, 19. Mai 2026<\/strong> <strong>I <strong>20.00<\/strong><\/strong><\/p>\n\n\n\n<p class=\"film-sub has-text-color\" style=\"color:#000000;margin-top:var(--wp--preset--spacing--50);margin-bottom:0;font-size:16px;font-style:normal;font-weight:700;letter-spacing:0px;line-height:1.2;text-decoration:none;text-transform:none\"><strong><strong>Drama | BG 2025 | 108\u00b4 | OmU<\/strong>&nbsp;<\/strong><\/p>\n\n\n\n<p><strong>Stephan Komandarev<\/strong>&nbsp;<\/p>\n<\/div>\n<\/div>\n<\/div>\n\n\n\n<div class=\"wp-block-column is-layout-flow wp-block-column-is-layout-flow\" style=\"padding-right:0;padding-left:0;flex-basis:33.3%\">\n<div class=\"wp-block-buttons is-content-justification-right is-layout-flex wp-container-core-buttons-is-layout-c133f063 wp-block-buttons-is-layout-flex\">\n<div class=\"wp-block-button hover-preto is-style-fill film-button\"><a class=\"wp-block-button__link has-large-font-size has-custom-font-size wp-element-button\"><strong>TICKETS<\/strong><\/a><\/div>\n<\/div>\n<\/div>\n<\/div>\n\n\n\n<div class=\"wp-block-columns is-layout-flex wp-container-core-columns-is-layout-7abde1fe wp-block-columns-is-layout-flex\" style=\"padding-top:var(--wp--preset--spacing--40);padding-bottom:var(--wp--preset--spacing--40)\">\n<div class=\"wp-block-column is-layout-flow wp-block-column-is-layout-flow\">\n<p>\u201cWas sie uns \u00fcber den Kommunismus erz\u00e4hlt haben, hat sich als komplette L\u00fcge herausgestellt. Aber was sie uns \u00fcber den Kapitalismus erz\u00e4hlt haben, ist absolut wahr.\u201d&nbsp;<\/p>\n\n\n\n<p>2020. In einer bulgarischen Bergbaustadt n\u00e4ht die Textilfabrikarbeiterin Iva \u201eMade in EU\u201c-Etiketten in italienische Anz\u00fcge. Nachdem sie sich mit 39 Grad Fieber zur Arbeit schleppen muss und dort zusammenbricht, wird ihr Fall als die erste COVID-Infektion des Ortes \u00f6ffentlich. Wie nun alle darum k\u00e4mpfen, ihre Jobs zu behalten und wie Iva und ihr Sohn von dieser Gesellschaft als die Schuldigen behandelt werden, w\u00e4hrend die Todesf\u00e4lle steigen, erz\u00e4hlt Regisseur Stephan Komandarev eindringlich und pr\u00e4zise. Still beobachtend und doch immer ganz nah an seinen Charakteren zeigt der Film, basierend auf wahren Begebenheiten, ein Individualschicksal in einer Welt, in der die eigene Schwester verraten wird, um die Firma zu retten. <em>(Max Hamm, CINEMATE &#8211; Die Freie Filmzeitschrift)<\/em>&nbsp;<\/p>\n\n\n\n<p><em>\u201eDer Film fordert auf, sich mit wirtschaftlicher Ausbeutung und strukturellen Ungleichheiten auch innerhalb der Europ\u00e4ischen Union zu besch\u00e4ftigen, sowie mit der eigenen Rolle darin.\u201c&nbsp; (Kinofenster.de)<\/em>&nbsp;<\/p>\n\n\n\n<p><em>\u201eDie ganze Zeit \u00fcber bewahrt dieser erstaunliche Film trotz all der Ungerechtigkeiten und all des Leids, inmitten von Tod und menschlicher Schw\u00e4che, seine bescheidene Kinosch\u00f6nheit. Nahezu jede, scheinbar aus dem Leben gegriffene Einstellung schimmert, umsichtig kadriert und arrangiert, in matten, verwaschenen, sorgsam aufeinander abgestimmten Farben wie ein altmeisterliches \u00d6lgem\u00e4lde.\u201c (Filmdienst)<\/em>&nbsp;<\/p>\n\n\n\n<p><em>\u201eKomandarev interessiert sich nicht f\u00fcr Hochglanznarrative eines geeinten Europas. Er interessiert sich f\u00fcr die Nahtstellen, f\u00fcr das, was ausfranst, wenn der Stoff zu gespannt wird. Am Ende bleibt kein Trost, aber Klarheit. Und vielleicht ist das mehr, als man von einem Film verlangen darf.\u201c (artechok)<\/em>&nbsp;<br><br><\/p>\n\n\n\n<p><\/p>\n<\/div>\n<\/div>\n\n\n\n<div style=\"height:1vw\" aria-hidden=\"true\" class=\"wp-block-spacer\"><\/div>\n\n\n\n<figure class=\"wp-block-embed is-type-video is-provider-youtube wp-block-embed-youtube wp-embed-aspect-16-9 wp-has-aspect-ratio\"><div class=\"wp-block-embed__wrapper\">\n<iframe loading=\"lazy\" title=\"Made in EU | offizieller deutscher Trailer OmU\" width=\"500\" height=\"281\" src=\"https:\/\/www.youtube.com\/embed\/Aw9xuvCbJuw?feature=oembed\" frameborder=\"0\" allow=\"accelerometer; autoplay; clipboard-write; encrypted-media; gyroscope; picture-in-picture; web-share\" referrerpolicy=\"strict-origin-when-cross-origin\" allowfullscreen><\/iframe>\n<\/div><\/figure>\n\n\n<style>.kadence-column1774_ca8787-ec > .kt-inside-inner-col,.kadence-column1774_ca8787-ec > .kt-inside-inner-col:before{border-top-left-radius:0px;border-top-right-radius:0px;border-bottom-right-radius:0px;border-bottom-left-radius:0px;}.kadence-column1774_ca8787-ec > .kt-inside-inner-col{column-gap:var(--global-kb-gap-sm, 1rem);}.kadence-column1774_ca8787-ec > .kt-inside-inner-col{flex-direction:column;}.kadence-column1774_ca8787-ec > .kt-inside-inner-col > .aligncenter{width:100%;}.kadence-column1774_ca8787-ec > .kt-inside-inner-col:before{opacity:0.3;}.kadence-column1774_ca8787-ec{position:relative;}@media all and (max-width: 1024px){.kadence-column1774_ca8787-ec > .kt-inside-inner-col{flex-direction:column;justify-content:center;}}@media all and (max-width: 767px){.kadence-column1774_ca8787-ec > .kt-inside-inner-col{flex-direction:column;justify-content:center;}}<\/style>\n<div class=\"wp-block-kadence-column kadence-column1774_ca8787-ec kvs-lg-false kvs-md-false\"><div class=\"kt-inside-inner-col\">\n<div style=\"height:10px\" aria-hidden=\"true\" class=\"wp-block-spacer\"><\/div>\n<\/div><\/div>\n<\/div>","protected":false},"excerpt":{"rendered":"<p>Made in EU&nbsp; Admiralkino&nbsp;Dienstag, 19. Mai 2026 I 20.00 Drama | BG 2025 | 108\u00b4 | OmU&nbsp; Stephan Komandarev&nbsp; \u201cWas [&hellip;]<\/p>\n","protected":false},"author":4,"featured_media":0,"parent":1488,"menu_order":2,"comment_status":"closed","ping_status":"closed","template":"","meta":{"site-sidebar-layout":"default","site-content-layout":"","ast-site-content-layout":"default","site-content-style":"default","site-sidebar-style":"default","ast-global-header-display":"","ast-banner-title-visibility":"","ast-main-header-display":"","ast-hfb-above-header-display":"","ast-hfb-below-header-display":"","ast-hfb-mobile-header-display":"","site-post-title":"disabled","ast-breadcrumbs-content":"","ast-featured-img":"","footer-sml-layout":"","ast-disable-related-posts":"","theme-transparent-header-meta":"","adv-header-id-meta":"","stick-header-meta":"","header-above-stick-meta":"","header-main-stick-meta":"","header-below-stick-meta":"","astra-migrate-meta-layouts":"default","ast-page-background-enabled":"default","ast-page-background-meta":{"desktop":{"background-color":"var(--ast-global-color-5)","background-image":"","background-repeat":"repeat","background-position":"center center","background-size":"auto","background-attachment":"scroll","background-type":"","background-media":"","overlay-type":"","overlay-color":"","overlay-opacity":"","overlay-gradient":""},"tablet":{"background-color":"","background-image":"","background-repeat":"repeat","background-position":"center center","background-size":"auto","background-attachment":"scroll","background-type":"","background-media":"","overlay-type":"","overlay-color":"","overlay-opacity":"","overlay-gradient":""},"mobile":{"background-color":"","background-image":"","background-repeat":"repeat","background-position":"center center","background-size":"auto","background-attachment":"scroll","background-type":"","background-media":"","overlay-type":"","overlay-color":"","overlay-opacity":"","overlay-gradient":""}},"ast-content-background-meta":{"desktop":{"background-color":"var(--ast-global-color-4)","background-image":"","background-repeat":"repeat","background-position":"center center","background-size":"auto","background-attachment":"scroll","background-type":"","background-media":"","overlay-type":"","overlay-color":"","overlay-opacity":"","overlay-gradient":""},"tablet":{"background-color":"var(--ast-global-color-4)","background-image":"","background-repeat":"repeat","background-position":"center center","background-size":"auto","background-attachment":"scroll","background-type":"","background-media":"","overlay-type":"","overlay-color":"","overlay-opacity":"","overlay-gradient":""},"mobile":{"background-color":"var(--ast-global-color-4)","background-image":"","background-repeat":"repeat","background-position":"center center","background-size":"auto","background-attachment":"scroll","background-type":"","background-media":"","overlay-type":"","overlay-color":"","overlay-opacity":"","overlay-gradient":""}},"footnotes":""},"class_list":["post-1774","page","type-page","status-publish","hentry"],"_links":{"self":[{"href":"https:\/\/arbeits-film-festival.at\/en\/wp-json\/wp\/v2\/pages\/1774","targetHints":{"allow":["GET"]}}],"collection":[{"href":"https:\/\/arbeits-film-festival.at\/en\/wp-json\/wp\/v2\/pages"}],"about":[{"href":"https:\/\/arbeits-film-festival.at\/en\/wp-json\/wp\/v2\/types\/page"}],"author":[{"embeddable":true,"href":"https:\/\/arbeits-film-festival.at\/en\/wp-json\/wp\/v2\/users\/4"}],"replies":[{"embeddable":true,"href":"https:\/\/arbeits-film-festival.at\/en\/wp-json\/wp\/v2\/comments?post=1774"}],"version-history":[{"count":4,"href":"https:\/\/arbeits-film-festival.at\/en\/wp-json\/wp\/v2\/pages\/1774\/revisions"}],"predecessor-version":[{"id":1900,"href":"https:\/\/arbeits-film-festival.at\/en\/wp-json\/wp\/v2\/pages\/1774\/revisions\/1900"}],"up":[{"embeddable":true,"href":"https:\/\/arbeits-film-festival.at\/en\/wp-json\/wp\/v2\/pages\/1488"}],"wp:attachment":[{"href":"https:\/\/arbeits-film-festival.at\/en\/wp-json\/wp\/v2\/media?parent=1774"}],"curies":[{"name":"wp","href":"https:\/\/api.w.org\/{rel}","templated":true}]}}