{"id":1775,"date":"2026-04-21T23:30:49","date_gmt":"2026-04-21T21:30:49","guid":{"rendered":"https:\/\/arbeits-film-festival.at\/?page_id=1775"},"modified":"2026-04-22T17:15:21","modified_gmt":"2026-04-22T15:15:21","slug":"2026-die-goettliche-ordnung","status":"publish","type":"page","link":"https:\/\/arbeits-film-festival.at\/en\/waff\/2026-2\/2026-die-goettliche-ordnung\/","title":{"rendered":"2026 &#8211; Die g\u00f6ttliche Ordnung"},"content":{"rendered":"<div class=\"wp-block-columns alignfull has-background is-layout-flex wp-container-core-columns-is-layout-28f84493 wp-block-columns-is-layout-flex\" style=\"background-color:#6d76b7\">\n<div class=\"wp-block-column is-layout-flow wp-block-column-is-layout-flow\">\n<div style=\"height:30px\" aria-hidden=\"true\" class=\"wp-block-spacer\"><\/div>\n<\/div>\n<\/div>\n\n\n<style>.kb-row-layout-id1775_a05f62-40 > .kt-row-column-wrap{align-content:end;}:where(.kb-row-layout-id1775_a05f62-40 > .kt-row-column-wrap) > .wp-block-kadence-column{justify-content:end;}.kb-row-layout-id1775_a05f62-40 > .kt-row-column-wrap{column-gap:var(--global-kb-gap-md, 2rem);row-gap:var(--global-kb-gap-md, 2rem);min-height:100vh;grid-template-columns:minmax(0, 1fr);}.kb-row-layout-id1775_a05f62-40{background-color:#6d76b7;background-image:url('https:\/\/arbeits-film-festival.at\/wp-content\/uploads\/2026\/04\/1_die-gottliche-ordnung-szenenbild-2.png');background-size:cover;background-position:53% 85%;background-attachment:scroll;background-repeat:no-repeat;}.kb-row-layout-id1775_a05f62-40 > .kt-row-layout-overlay{opacity:0.30;}@media all and (max-width: 1024px){.kb-row-layout-id1775_a05f62-40 > .kt-row-column-wrap{grid-template-columns:minmax(0, 1fr);}}@media all and (max-width: 767px){.kb-row-layout-id1775_a05f62-40 > .kt-row-column-wrap{min-height:70vh;grid-template-columns:minmax(0, 1fr);}.kb-row-layout-id1775_a05f62-40 > .kt-row-column-wrap > .wp-block-kadence-column:nth-child(1 of *:not(style)){order:1;}.kb-row-layout-id1775_a05f62-40 > .kt-row-column-wrap > .wp-block-kadence-column:nth-child(2 of *:not(style)){order:11;}.kb-row-layout-id1775_a05f62-40 > .kt-row-column-wrap > .wp-block-kadence-column:nth-child(3 of *:not(style)){order:21;}.kb-row-layout-id1775_a05f62-40 > .kt-row-column-wrap > .wp-block-kadence-column:nth-child(4 of *:not(style)){order:31;}}<\/style><div style=\"background-image: url(https:\/\/arbeits-film-festival.at\/wp-content\/uploads\/2026\/04\/1_die-gottliche-ordnung-szenenbild-2.png);\" class=\"kb-row-layout-wrap kb-row-layout-id1775_a05f62-40 alignfull kt-row-has-bg wp-block-kadence-rowlayout\"><div class=\"kt-row-column-wrap kt-has-1-columns kt-row-layout-equal kt-tab-layout-inherit kt-mobile-layout-row kt-row-valign-bottom kt-inner-column-height-full\">\n<style>.kadence-column1775_1c6dec-7e > .kt-inside-inner-col,.kadence-column1775_1c6dec-7e > .kt-inside-inner-col:before{border-top-left-radius:0px;border-top-right-radius:0px;border-bottom-right-radius:0px;border-bottom-left-radius:0px;}.kadence-column1775_1c6dec-7e > .kt-inside-inner-col{column-gap:var(--global-kb-gap-sm, 1rem);}.kadence-column1775_1c6dec-7e > .kt-inside-inner-col{flex-direction:column;}.kadence-column1775_1c6dec-7e > .kt-inside-inner-col > .aligncenter{width:100%;}.kadence-column1775_1c6dec-7e > .kt-inside-inner-col:before{opacity:0.3;}.kadence-column1775_1c6dec-7e{position:relative;}@media all and (max-width: 1024px){.kadence-column1775_1c6dec-7e > .kt-inside-inner-col{flex-direction:column;justify-content:center;}}@media all and (max-width: 767px){.kadence-column1775_1c6dec-7e > .kt-inside-inner-col{flex-direction:column;justify-content:center;}}<\/style>\n<div class=\"wp-block-kadence-column kadence-column1775_1c6dec-7e\"><div class=\"kt-inside-inner-col\"><\/div><\/div>\n\n<\/div><\/div>\n\n\n<div class=\"wp-block-group alignfull has-background is-layout-flow wp-block-group-is-layout-flow\" style=\"background-color:#fef8eb;margin-top:0;margin-bottom:0;padding-top:4vw;padding-right:6vw;padding-bottom:10vw;padding-left:6vw\"><style>.kadence-column1775_151b41-56 > .kt-inside-inner-col,.kadence-column1775_151b41-56 > .kt-inside-inner-col:before{border-top-left-radius:0px;border-top-right-radius:0px;border-bottom-right-radius:0px;border-bottom-left-radius:0px;}.kadence-column1775_151b41-56 > .kt-inside-inner-col{column-gap:var(--global-kb-gap-sm, 1rem);}.kadence-column1775_151b41-56 > .kt-inside-inner-col{flex-direction:column;}.kadence-column1775_151b41-56 > .kt-inside-inner-col > .aligncenter{width:100%;}.kadence-column1775_151b41-56 > .kt-inside-inner-col:before{opacity:0.3;}.kadence-column1775_151b41-56{position:relative;}@media all and (max-width: 1024px){.kadence-column1775_151b41-56 > .kt-inside-inner-col{flex-direction:column;justify-content:center;}}@media all and (max-width: 767px){.kadence-column1775_151b41-56 > .kt-inside-inner-col{flex-direction:column;justify-content:center;}}<\/style>\n<div class=\"wp-block-kadence-column kadence-column1775_151b41-56 kvs-lg-false kvs-md-false\"><div class=\"kt-inside-inner-col\">\n<div style=\"height:10px\" aria-hidden=\"true\" class=\"wp-block-spacer\"><\/div>\n<\/div><\/div>\n\n\n\n<div class=\"wp-block-columns is-layout-flex wp-container-core-columns-is-layout-e0e4babd wp-block-columns-is-layout-flex\" style=\"padding-right:0;padding-left:0\">\n<div class=\"wp-block-column is-layout-flow wp-block-column-is-layout-flow\" style=\"flex-basis:66.66%\">\n<div class=\"wp-block-group is-vertical is-content-justification-left is-layout-flex wp-container-core-group-is-layout-cd911411 wp-block-group-is-layout-flex\" style=\"margin-top:0;margin-bottom:0\">\n<div class=\"wp-block-group is-layout-constrained wp-container-core-group-is-layout-e7a8db7c wp-block-group-is-layout-constrained\" style=\"margin-top:0;margin-bottom:0\">\n<p class=\"film-titel has-text-color\" style=\"color:#000000;margin-top:0;margin-bottom:0;font-size:66px;font-style:normal;font-weight:700;letter-spacing:0px;line-height:0.9;text-decoration:none;text-transform:none\">Die g\u00f6ttliche Ordnung<\/p>\n\n\n\n<p class=\"film-ortdatauhr has-text-color\" style=\"color:#000000;margin-top:var(--wp--preset--spacing--50);margin-bottom:var(--wp--preset--spacing--50);font-size:28px;font-style:normal;font-weight:600;letter-spacing:0px;line-height:1.2;text-decoration:none;text-transform:none\"><strong>Stadtkin<\/strong>o<br><strong>Mittwoch, 20. Mai 2026<\/strong> <strong>I <strong>17.30 Uhr<\/strong><\/strong><\/p>\n\n\n\n<p class=\"film-sub has-text-color\" style=\"color:#000000;margin-top:var(--wp--preset--spacing--50);margin-bottom:0;font-size:16px;font-style:normal;font-weight:700;letter-spacing:0px;line-height:1.2;text-decoration:none;text-transform:none\"><strong><strong>Drama, Kom\u00f6die | CH 2017 | 92\u00b4 | DF<\/strong><\/strong><\/p>\n\n\n\n<p><strong>Petra Volpe<\/strong>&nbsp;<\/p>\n\n\n\n<p class=\"has-medium-font-size\"><strong>Freier Eintritt&nbsp;<\/strong><\/p>\n<\/div>\n<\/div>\n<\/div>\n\n\n\n<div class=\"wp-block-column is-layout-flow wp-block-column-is-layout-flow\" style=\"padding-right:0;padding-left:0;flex-basis:33.3%\">\n<div class=\"wp-block-buttons is-content-justification-right is-layout-flex wp-container-core-buttons-is-layout-c133f063 wp-block-buttons-is-layout-flex\">\n<div class=\"wp-block-button hover-preto is-style-fill film-button\"><a class=\"wp-block-button__link has-large-font-size has-custom-font-size wp-element-button\"><strong>TICKETS<\/strong><\/a><\/div>\n<\/div>\n<\/div>\n<\/div>\n\n\n\n<div class=\"wp-block-columns is-layout-flex wp-container-core-columns-is-layout-7abde1fe wp-block-columns-is-layout-flex\" style=\"padding-top:var(--wp--preset--spacing--40);padding-bottom:var(--wp--preset--spacing--40)\">\n<div class=\"wp-block-column is-layout-flow wp-block-column-is-layout-flow\">\n<p>\u201eFrauen in der Politik, meine Damen, das ist schlichtweg gegen die g\u00f6ttliche Ordnung.\u201c&nbsp;<\/p>\n\n\n\n<p>Schweiz, 1971. In der Abgelegenheit eines d\u00f6rflichen Idylls lebt Nora, Hausfrau und Mutter. Ihr Alltag gepr\u00e4gt von festen Rollenbildern und scheinbar unverr\u00fcckbaren gesellschaftlichen Erwartungen. Unpolitisch und angepasst folgt ihr Leben klaren Strukturen, bis die bevorstehende Volksabstimmung \u00fcber das Frauenwahlrecht diese Ordnung ins Wanken bringt. W\u00e4hrend Stimmen laut werden, die den politischen Anspruch von Frauen als widernat\u00fcrlich zur\u00fcckweisen, beginnt Nora, das Selbstverst\u00e4ndliche zu hinterfragen. Z\u00f6gerlich, dann mit wachsender Entschlossenheit engagiert sie sich f\u00fcr Gleichberechtigung und st\u00f6\u00dft dabei auf Widerst\u00e4nde, die bis in ihr engstes Umfeld reichen.&nbsp;&nbsp;<\/p>\n\n\n\n<p>Petra Volpe\u202fverdichtet in\u202f\u201eDie g\u00f6ttliche Ordnung\u201c\u202fden privaten Raum zu einem politischen Resonanzraum, zu einem Ort, an dem sich zwar gesellschaftliche Machtverh\u00e4ltnisse, tief verankerte patriarchale Strukturen und soziale Dynamiken reproduzieren und fortgeschreiben, zugleich allerdings auch infrage gestellt werden. Soweit, bis aus einem leisen Zweifel ein Bewusstsein erw\u00e4chst, das in politische Selbsterm\u00e4chtigung und Widerstand \u00fcbergeht. <em>(Tessa Pittrof)<\/em>&nbsp;<\/p>\n\n\n\n<p><em>\u201eIn der charmanten und warmherzigen Kom\u00f6die Die g\u00f6ttliche Ordnung \u00fcber den Kampf um Gleichberechtigung und die Einf\u00fchrung des Schweizer Frauenstimmrechts treffen chauvinistische Vorurteile und echte Frauensolidarit\u00e4t aufeinander.\u201c (Filmcasino)<\/em><br><br><\/p>\n\n\n\n<p><strong>Einf\u00fchrung durch Veronika Helfert, Historikerin (Central European University)<\/strong>&nbsp;<\/p>\n<\/div>\n<\/div>\n\n\n\n<div style=\"height:1vw\" aria-hidden=\"true\" class=\"wp-block-spacer\"><\/div>\n\n\n\n<figure class=\"wp-block-embed is-type-video is-provider-youtube wp-block-embed-youtube wp-embed-aspect-16-9 wp-has-aspect-ratio\"><div class=\"wp-block-embed__wrapper\">\n<iframe loading=\"lazy\" title=\"DIE G\u00d6TTLICHE ORDNUNG (Official Trailer)\" width=\"500\" height=\"281\" src=\"https:\/\/www.youtube.com\/embed\/FPkz9iuqSEk?feature=oembed\" frameborder=\"0\" allow=\"accelerometer; autoplay; clipboard-write; encrypted-media; gyroscope; picture-in-picture; web-share\" referrerpolicy=\"strict-origin-when-cross-origin\" allowfullscreen><\/iframe>\n<\/div><\/figure>\n\n\n<style>.kadence-column1775_128af9-53 > .kt-inside-inner-col,.kadence-column1775_128af9-53 > .kt-inside-inner-col:before{border-top-left-radius:0px;border-top-right-radius:0px;border-bottom-right-radius:0px;border-bottom-left-radius:0px;}.kadence-column1775_128af9-53 > .kt-inside-inner-col{column-gap:var(--global-kb-gap-sm, 1rem);}.kadence-column1775_128af9-53 > .kt-inside-inner-col{flex-direction:column;}.kadence-column1775_128af9-53 > .kt-inside-inner-col > .aligncenter{width:100%;}.kadence-column1775_128af9-53 > .kt-inside-inner-col:before{opacity:0.3;}.kadence-column1775_128af9-53{position:relative;}@media all and (max-width: 1024px){.kadence-column1775_128af9-53 > .kt-inside-inner-col{flex-direction:column;justify-content:center;}}@media all and (max-width: 767px){.kadence-column1775_128af9-53 > .kt-inside-inner-col{flex-direction:column;justify-content:center;}}<\/style>\n<div class=\"wp-block-kadence-column kadence-column1775_128af9-53 kvs-lg-false kvs-md-false\"><div class=\"kt-inside-inner-col\">\n<div style=\"height:10px\" aria-hidden=\"true\" class=\"wp-block-spacer\"><\/div>\n<\/div><\/div>\n<\/div>","protected":false},"excerpt":{"rendered":"<p>Die g\u00f6ttliche Ordnung StadtkinoMittwoch, 20. Mai 2026 I 17.30 Uhr Drama, Kom\u00f6die | CH 2017 | 92\u00b4 | DF Petra [&hellip;]<\/p>\n","protected":false},"author":4,"featured_media":0,"parent":1488,"menu_order":3,"comment_status":"closed","ping_status":"closed","template":"","meta":{"site-sidebar-layout":"default","site-content-layout":"","ast-site-content-layout":"default","site-content-style":"default","site-sidebar-style":"default","ast-global-header-display":"","ast-banner-title-visibility":"","ast-main-header-display":"","ast-hfb-above-header-display":"","ast-hfb-below-header-display":"","ast-hfb-mobile-header-display":"","site-post-title":"disabled","ast-breadcrumbs-content":"","ast-featured-img":"","footer-sml-layout":"","ast-disable-related-posts":"","theme-transparent-header-meta":"","adv-header-id-meta":"","stick-header-meta":"","header-above-stick-meta":"","header-main-stick-meta":"","header-below-stick-meta":"","astra-migrate-meta-layouts":"default","ast-page-background-enabled":"default","ast-page-background-meta":{"desktop":{"background-color":"var(--ast-global-color-5)","background-image":"","background-repeat":"repeat","background-position":"center center","background-size":"auto","background-attachment":"scroll","background-type":"","background-media":"","overlay-type":"","overlay-color":"","overlay-opacity":"","overlay-gradient":""},"tablet":{"background-color":"","background-image":"","background-repeat":"repeat","background-position":"center center","background-size":"auto","background-attachment":"scroll","background-type":"","background-media":"","overlay-type":"","overlay-color":"","overlay-opacity":"","overlay-gradient":""},"mobile":{"background-color":"","background-image":"","background-repeat":"repeat","background-position":"center center","background-size":"auto","background-attachment":"scroll","background-type":"","background-media":"","overlay-type":"","overlay-color":"","overlay-opacity":"","overlay-gradient":""}},"ast-content-background-meta":{"desktop":{"background-color":"var(--ast-global-color-4)","background-image":"","background-repeat":"repeat","background-position":"center center","background-size":"auto","background-attachment":"scroll","background-type":"","background-media":"","overlay-type":"","overlay-color":"","overlay-opacity":"","overlay-gradient":""},"tablet":{"background-color":"var(--ast-global-color-4)","background-image":"","background-repeat":"repeat","background-position":"center center","background-size":"auto","background-attachment":"scroll","background-type":"","background-media":"","overlay-type":"","overlay-color":"","overlay-opacity":"","overlay-gradient":""},"mobile":{"background-color":"var(--ast-global-color-4)","background-image":"","background-repeat":"repeat","background-position":"center center","background-size":"auto","background-attachment":"scroll","background-type":"","background-media":"","overlay-type":"","overlay-color":"","overlay-opacity":"","overlay-gradient":""}},"footnotes":""},"class_list":["post-1775","page","type-page","status-publish","hentry"],"_links":{"self":[{"href":"https:\/\/arbeits-film-festival.at\/en\/wp-json\/wp\/v2\/pages\/1775","targetHints":{"allow":["GET"]}}],"collection":[{"href":"https:\/\/arbeits-film-festival.at\/en\/wp-json\/wp\/v2\/pages"}],"about":[{"href":"https:\/\/arbeits-film-festival.at\/en\/wp-json\/wp\/v2\/types\/page"}],"author":[{"embeddable":true,"href":"https:\/\/arbeits-film-festival.at\/en\/wp-json\/wp\/v2\/users\/4"}],"replies":[{"embeddable":true,"href":"https:\/\/arbeits-film-festival.at\/en\/wp-json\/wp\/v2\/comments?post=1775"}],"version-history":[{"count":3,"href":"https:\/\/arbeits-film-festival.at\/en\/wp-json\/wp\/v2\/pages\/1775\/revisions"}],"predecessor-version":[{"id":1901,"href":"https:\/\/arbeits-film-festival.at\/en\/wp-json\/wp\/v2\/pages\/1775\/revisions\/1901"}],"up":[{"embeddable":true,"href":"https:\/\/arbeits-film-festival.at\/en\/wp-json\/wp\/v2\/pages\/1488"}],"wp:attachment":[{"href":"https:\/\/arbeits-film-festival.at\/en\/wp-json\/wp\/v2\/media?parent=1775"}],"curies":[{"name":"wp","href":"https:\/\/api.w.org\/{rel}","templated":true}]}}