{"id":1779,"date":"2026-04-21T23:30:49","date_gmt":"2026-04-21T21:30:49","guid":{"rendered":"https:\/\/arbeits-film-festival.at\/?page_id=1779"},"modified":"2026-04-22T17:20:21","modified_gmt":"2026-04-22T15:20:21","slug":"2026-ich-verstehe-ihren-unmut","status":"publish","type":"page","link":"https:\/\/arbeits-film-festival.at\/en\/waff\/2026-2\/2026-ich-verstehe-ihren-unmut\/","title":{"rendered":"2026 &#8211; Ich verstehe Ihren Unmut"},"content":{"rendered":"<div class=\"wp-block-columns alignfull has-background is-layout-flex wp-container-core-columns-is-layout-28f84493 wp-block-columns-is-layout-flex\" style=\"background-color:#6d76b7\">\n<div class=\"wp-block-column is-layout-flow wp-block-column-is-layout-flow\">\n<div style=\"height:30px\" aria-hidden=\"true\" class=\"wp-block-spacer\"><\/div>\n<\/div>\n<\/div>\n\n\n<style>.kb-row-layout-id1779_3a8b8a-9b > .kt-row-column-wrap{align-content:end;}:where(.kb-row-layout-id1779_3a8b8a-9b > .kt-row-column-wrap) > .wp-block-kadence-column{justify-content:end;}.kb-row-layout-id1779_3a8b8a-9b > .kt-row-column-wrap{column-gap:var(--global-kb-gap-md, 2rem);row-gap:var(--global-kb-gap-md, 2rem);min-height:100vh;grid-template-columns:minmax(0, 1fr);}.kb-row-layout-id1779_3a8b8a-9b{background-color:#6d76b7;background-image:url('https:\/\/arbeits-film-festival.at\/wp-content\/uploads\/2026\/04\/1_Ich-verstehe-Ihren-Unmut-Plakat_Ausschnitt_small.jpg');background-size:cover;background-position:53% 85%;background-attachment:scroll;background-repeat:no-repeat;}.kb-row-layout-id1779_3a8b8a-9b > .kt-row-layout-overlay{opacity:0.30;}@media all and (max-width: 1024px){.kb-row-layout-id1779_3a8b8a-9b > .kt-row-column-wrap{grid-template-columns:minmax(0, 1fr);}}@media all and (max-width: 767px){.kb-row-layout-id1779_3a8b8a-9b > .kt-row-column-wrap{min-height:70vh;grid-template-columns:minmax(0, 1fr);}.kb-row-layout-id1779_3a8b8a-9b > .kt-row-column-wrap > .wp-block-kadence-column:nth-child(1 of *:not(style)){order:1;}.kb-row-layout-id1779_3a8b8a-9b > .kt-row-column-wrap > .wp-block-kadence-column:nth-child(2 of *:not(style)){order:11;}.kb-row-layout-id1779_3a8b8a-9b > .kt-row-column-wrap > .wp-block-kadence-column:nth-child(3 of *:not(style)){order:21;}.kb-row-layout-id1779_3a8b8a-9b > .kt-row-column-wrap > .wp-block-kadence-column:nth-child(4 of *:not(style)){order:31;}.kb-row-layout-wrap.wp-block-kadence-rowlayout.kb-row-layout-id1779_3a8b8a-9b{background-color:#6d76b7;background-image:url('https:\/\/arbeits-film-festival.at\/wp-content\/uploads\/2026\/04\/1_Ich-verstehe-Ihren-Unmut-Plakat_Ausschnitt_small.jpg')!important;background-size:cover;background-position:25% 22%;background-attachment:scroll;background-repeat:no-repeat;}}<\/style><div style=\"background-image: url(https:\/\/arbeits-film-festival.at\/wp-content\/uploads\/2026\/04\/1_Ich-verstehe-Ihren-Unmut-Plakat_Ausschnitt_small.jpg);\" class=\"kb-row-layout-wrap kb-row-layout-id1779_3a8b8a-9b alignfull kt-row-has-bg wp-block-kadence-rowlayout\"><div class=\"kt-row-column-wrap kt-has-1-columns kt-row-layout-equal kt-tab-layout-inherit kt-mobile-layout-row kt-row-valign-bottom kt-inner-column-height-full\">\n<style>.kadence-column1779_633894-18 > .kt-inside-inner-col,.kadence-column1779_633894-18 > .kt-inside-inner-col:before{border-top-left-radius:0px;border-top-right-radius:0px;border-bottom-right-radius:0px;border-bottom-left-radius:0px;}.kadence-column1779_633894-18 > .kt-inside-inner-col{column-gap:var(--global-kb-gap-sm, 1rem);}.kadence-column1779_633894-18 > .kt-inside-inner-col{flex-direction:column;}.kadence-column1779_633894-18 > .kt-inside-inner-col > .aligncenter{width:100%;}.kadence-column1779_633894-18 > .kt-inside-inner-col:before{opacity:0.3;}.kadence-column1779_633894-18{position:relative;}@media all and (max-width: 1024px){.kadence-column1779_633894-18 > .kt-inside-inner-col{flex-direction:column;justify-content:center;}}@media all and (max-width: 767px){.kadence-column1779_633894-18 > .kt-inside-inner-col{flex-direction:column;justify-content:center;}}<\/style>\n<div class=\"wp-block-kadence-column kadence-column1779_633894-18\"><div class=\"kt-inside-inner-col\"><\/div><\/div>\n\n<\/div><\/div>\n\n\n<div class=\"wp-block-group alignfull has-background is-layout-flow wp-block-group-is-layout-flow\" style=\"background-color:#fef8eb;margin-top:0;margin-bottom:0;padding-top:4vw;padding-right:6vw;padding-bottom:10vw;padding-left:6vw\"><style>.kadence-column1779_2cc2ad-f3 > .kt-inside-inner-col,.kadence-column1779_2cc2ad-f3 > .kt-inside-inner-col:before{border-top-left-radius:0px;border-top-right-radius:0px;border-bottom-right-radius:0px;border-bottom-left-radius:0px;}.kadence-column1779_2cc2ad-f3 > .kt-inside-inner-col{column-gap:var(--global-kb-gap-sm, 1rem);}.kadence-column1779_2cc2ad-f3 > .kt-inside-inner-col{flex-direction:column;}.kadence-column1779_2cc2ad-f3 > .kt-inside-inner-col > .aligncenter{width:100%;}.kadence-column1779_2cc2ad-f3 > .kt-inside-inner-col:before{opacity:0.3;}.kadence-column1779_2cc2ad-f3{position:relative;}@media all and (max-width: 1024px){.kadence-column1779_2cc2ad-f3 > .kt-inside-inner-col{flex-direction:column;justify-content:center;}}@media all and (max-width: 767px){.kadence-column1779_2cc2ad-f3 > .kt-inside-inner-col{flex-direction:column;justify-content:center;}}<\/style>\n<div class=\"wp-block-kadence-column kadence-column1779_2cc2ad-f3 kvs-lg-false kvs-md-false\"><div class=\"kt-inside-inner-col\">\n<div style=\"height:10px\" aria-hidden=\"true\" class=\"wp-block-spacer\"><\/div>\n<\/div><\/div>\n\n\n\n<div class=\"wp-block-columns is-layout-flex wp-container-core-columns-is-layout-e0e4babd wp-block-columns-is-layout-flex\" style=\"padding-right:0;padding-left:0\">\n<div class=\"wp-block-column is-layout-flow wp-block-column-is-layout-flow\" style=\"flex-basis:66.66%\">\n<div class=\"wp-block-group is-vertical is-content-justification-left is-layout-flex wp-container-core-group-is-layout-cd911411 wp-block-group-is-layout-flex\" style=\"margin-top:0;margin-bottom:0\">\n<div class=\"wp-block-group is-layout-constrained wp-container-core-group-is-layout-e7a8db7c wp-block-group-is-layout-constrained\" style=\"margin-top:0;margin-bottom:0\">\n<p class=\"film-titel has-text-color\" style=\"color:#000000;margin-top:0;margin-bottom:0;font-size:66px;font-style:normal;font-weight:700;letter-spacing:0px;line-height:0.9;text-decoration:none;text-transform:none\">Ich verstehe Ihren Unmut&nbsp;<\/p>\n\n\n\n<p class=\"film-ortdatauhr has-text-color\" style=\"color:#000000;margin-top:var(--wp--preset--spacing--50);margin-bottom:var(--wp--preset--spacing--50);font-size:28px;font-style:normal;font-weight:600;letter-spacing:0px;line-height:1.2;text-decoration:none;text-transform:none\">Stadtkino<br>Donnerstag, 21. Mai 2026 <strong>I 20.00 Uhr<\/strong><\/p>\n\n\n\n<p class=\"film-sub has-text-color\" style=\"color:#000000;margin-top:var(--wp--preset--spacing--50);margin-bottom:0;font-size:16px;font-style:normal;font-weight:700;letter-spacing:0px;line-height:1.2;text-decoration:none;text-transform:none\"><strong>Drama<\/strong> | <strong>D 2026 | 93\u00b4 | DF<\/strong><\/p>\n\n\n\n<p><strong>Kilian Armando Friedrich&nbsp;<\/strong><\/p>\n<\/div>\n<\/div>\n<\/div>\n\n\n\n<div class=\"wp-block-column is-layout-flow wp-block-column-is-layout-flow\" style=\"padding-right:0;padding-left:0;flex-basis:33.3%\">\n<div class=\"wp-block-buttons is-content-justification-right is-layout-flex wp-container-core-buttons-is-layout-c133f063 wp-block-buttons-is-layout-flex\">\n<div class=\"wp-block-button hover-preto is-style-fill film-button\"><a class=\"wp-block-button__link has-large-font-size has-custom-font-size wp-element-button\"><strong>TICKETS<\/strong><\/a><\/div>\n<\/div>\n<\/div>\n<\/div>\n\n\n\n<div class=\"wp-block-columns is-layout-flex wp-container-core-columns-is-layout-7abde1fe wp-block-columns-is-layout-flex\" style=\"padding-top:var(--wp--preset--spacing--40);padding-bottom:var(--wp--preset--spacing--40)\">\n<div class=\"wp-block-column is-layout-flow wp-block-column-is-layout-flow\">\n<p>Heike (Sabine Thalau) ist Objektleiterin einer Reinigungsfirma. Sie vermittelt zwischen Kund*innen, Reinigungskr\u00e4ften und Firmenchefs. Der Versuch, den Mitarbeiter eines Subunternehmens abzuwerben, schl\u00e4gt fehl. Daraufhin muss sie ihr eigenes Team \u2013 alle sind Migrant*innen oder \u00e4ltere Menschen \u2013 reduzieren. F\u00e4llt eine Arbeitskraft aus, ist Heike gezwungen das selbst zu kompensieren.&nbsp;<\/p>\n\n\n\n<p>Der Film von Killian Armando Friedrich wirft Zuschauende in eine oft \u00fcbersehene und gesellschaftlich stigmatisierte Welt. Putzen? Wer will sich dazu schon herablassen? Unangenehm nah klebt die Kamera an Menschen, deren Solidarit\u00e4t untereinander immer wieder systematisch ausgehebelt wird. Pers\u00f6nliches Miteinander hat hier nur so lange Platz, bis die Chefin hinschaut und zur Arbeit ermahnt. Nach der Schicht schnell ausstempeln. Man hilft einer Kollegin dabei. Ihr Deutsch ist nicht gut genug. Heike und eine Kollegin lassen Arbeitsmittel mitgehen. Auch sie muss gucken, wo sie bleibt. Niemand verdient hier genug. Wer streiken will f\u00fcr bessere Arbeitsbedingungen, l\u00e4sst das Team im Stich. Solidarit\u00e4t ist ein rares Gut im Kapitalismus \u2013 vor allem im Niedriglohnsektor.&nbsp;<\/p>\n\n\n\n<p>\u201eIch verstehe Ihren Unmut\u201c zeichnet das Bild von Arbeiter*innen, die zwischen den erdr\u00fcckenden Strukturen des Systems kaum die Kraft aufbringen k\u00f6nnen, sich selbst und anderen zu helfen. Ein Film, der zum F\u00fchlen einl\u00e4dt und einen ersch\u00f6pft zur\u00fcckl\u00e4sst. (D<em>ennis Yildiz, <\/em><em>CINEMATE<\/em>)&nbsp;<\/p>\n\n\n\n<p><em>\u201eEin nie abrei\u00dfender Sog\u201c \u2013 Die Zeit<\/em>&nbsp;<\/p>\n\n\n\n<p><strong>In Kooperation mit Crossing Europe und Stadtkino Wien<\/strong>&nbsp;<\/p>\n\n\n\n<p><strong>Filmgespr\u00e4ch mit Hauptdarstellerin Sabine Thalau<\/strong>&nbsp;<br><br><\/p>\n\n\n\n<p><\/p>\n<\/div>\n<\/div>\n\n\n\n<div style=\"height:1vw\" aria-hidden=\"true\" class=\"wp-block-spacer\"><\/div>\n\n\n\n<figure class=\"wp-block-embed is-type-video is-provider-youtube wp-block-embed-youtube wp-embed-aspect-16-9 wp-has-aspect-ratio\"><div class=\"wp-block-embed__wrapper\">\n<iframe loading=\"lazy\" title=\"ICH VERSTEHE IHREN UNMUT - Offizieller Trailer\" width=\"500\" height=\"281\" src=\"https:\/\/www.youtube.com\/embed\/iPkFC2wE1mM?feature=oembed\" frameborder=\"0\" allow=\"accelerometer; autoplay; clipboard-write; encrypted-media; gyroscope; picture-in-picture; web-share\" referrerpolicy=\"strict-origin-when-cross-origin\" allowfullscreen><\/iframe>\n<\/div><\/figure>\n\n\n<style>.kadence-column1779_f9d343-f9 > .kt-inside-inner-col,.kadence-column1779_f9d343-f9 > .kt-inside-inner-col:before{border-top-left-radius:0px;border-top-right-radius:0px;border-bottom-right-radius:0px;border-bottom-left-radius:0px;}.kadence-column1779_f9d343-f9 > .kt-inside-inner-col{column-gap:var(--global-kb-gap-sm, 1rem);}.kadence-column1779_f9d343-f9 > .kt-inside-inner-col{flex-direction:column;}.kadence-column1779_f9d343-f9 > .kt-inside-inner-col > .aligncenter{width:100%;}.kadence-column1779_f9d343-f9 > .kt-inside-inner-col:before{opacity:0.3;}.kadence-column1779_f9d343-f9{position:relative;}@media all and (max-width: 1024px){.kadence-column1779_f9d343-f9 > .kt-inside-inner-col{flex-direction:column;justify-content:center;}}@media all and (max-width: 767px){.kadence-column1779_f9d343-f9 > .kt-inside-inner-col{flex-direction:column;justify-content:center;}}<\/style>\n<div class=\"wp-block-kadence-column kadence-column1779_f9d343-f9 kvs-lg-false kvs-md-false\"><div class=\"kt-inside-inner-col\">\n<div style=\"height:10px\" aria-hidden=\"true\" class=\"wp-block-spacer\"><\/div>\n<\/div><\/div>\n<\/div>","protected":false},"excerpt":{"rendered":"<p>Ich verstehe Ihren Unmut&nbsp; StadtkinoDonnerstag, 21. Mai 2026 I 20.00 Uhr Drama | D 2026 | 93\u00b4 | DF Kilian [&hellip;]<\/p>\n","protected":false},"author":4,"featured_media":0,"parent":1488,"menu_order":8,"comment_status":"closed","ping_status":"closed","template":"","meta":{"site-sidebar-layout":"default","site-content-layout":"","ast-site-content-layout":"default","site-content-style":"default","site-sidebar-style":"default","ast-global-header-display":"","ast-banner-title-visibility":"","ast-main-header-display":"","ast-hfb-above-header-display":"","ast-hfb-below-header-display":"","ast-hfb-mobile-header-display":"","site-post-title":"disabled","ast-breadcrumbs-content":"","ast-featured-img":"","footer-sml-layout":"","ast-disable-related-posts":"","theme-transparent-header-meta":"","adv-header-id-meta":"","stick-header-meta":"","header-above-stick-meta":"","header-main-stick-meta":"","header-below-stick-meta":"","astra-migrate-meta-layouts":"default","ast-page-background-enabled":"default","ast-page-background-meta":{"desktop":{"background-color":"var(--ast-global-color-5)","background-image":"","background-repeat":"repeat","background-position":"center center","background-size":"auto","background-attachment":"scroll","background-type":"","background-media":"","overlay-type":"","overlay-color":"","overlay-opacity":"","overlay-gradient":""},"tablet":{"background-color":"","background-image":"","background-repeat":"repeat","background-position":"center center","background-size":"auto","background-attachment":"scroll","background-type":"","background-media":"","overlay-type":"","overlay-color":"","overlay-opacity":"","overlay-gradient":""},"mobile":{"background-color":"","background-image":"","background-repeat":"repeat","background-position":"center center","background-size":"auto","background-attachment":"scroll","background-type":"","background-media":"","overlay-type":"","overlay-color":"","overlay-opacity":"","overlay-gradient":""}},"ast-content-background-meta":{"desktop":{"background-color":"var(--ast-global-color-4)","background-image":"","background-repeat":"repeat","background-position":"center center","background-size":"auto","background-attachment":"scroll","background-type":"","background-media":"","overlay-type":"","overlay-color":"","overlay-opacity":"","overlay-gradient":""},"tablet":{"background-color":"var(--ast-global-color-4)","background-image":"","background-repeat":"repeat","background-position":"center center","background-size":"auto","background-attachment":"scroll","background-type":"","background-media":"","overlay-type":"","overlay-color":"","overlay-opacity":"","overlay-gradient":""},"mobile":{"background-color":"var(--ast-global-color-4)","background-image":"","background-repeat":"repeat","background-position":"center center","background-size":"auto","background-attachment":"scroll","background-type":"","background-media":"","overlay-type":"","overlay-color":"","overlay-opacity":"","overlay-gradient":""}},"footnotes":""},"class_list":["post-1779","page","type-page","status-publish","hentry"],"_links":{"self":[{"href":"https:\/\/arbeits-film-festival.at\/en\/wp-json\/wp\/v2\/pages\/1779","targetHints":{"allow":["GET"]}}],"collection":[{"href":"https:\/\/arbeits-film-festival.at\/en\/wp-json\/wp\/v2\/pages"}],"about":[{"href":"https:\/\/arbeits-film-festival.at\/en\/wp-json\/wp\/v2\/types\/page"}],"author":[{"embeddable":true,"href":"https:\/\/arbeits-film-festival.at\/en\/wp-json\/wp\/v2\/users\/4"}],"replies":[{"embeddable":true,"href":"https:\/\/arbeits-film-festival.at\/en\/wp-json\/wp\/v2\/comments?post=1779"}],"version-history":[{"count":6,"href":"https:\/\/arbeits-film-festival.at\/en\/wp-json\/wp\/v2\/pages\/1779\/revisions"}],"predecessor-version":[{"id":1908,"href":"https:\/\/arbeits-film-festival.at\/en\/wp-json\/wp\/v2\/pages\/1779\/revisions\/1908"}],"up":[{"embeddable":true,"href":"https:\/\/arbeits-film-festival.at\/en\/wp-json\/wp\/v2\/pages\/1488"}],"wp:attachment":[{"href":"https:\/\/arbeits-film-festival.at\/en\/wp-json\/wp\/v2\/media?parent=1779"}],"curies":[{"name":"wp","href":"https:\/\/api.w.org\/{rel}","templated":true}]}}