{"id":1781,"date":"2026-04-21T23:30:49","date_gmt":"2026-04-21T21:30:49","guid":{"rendered":"https:\/\/arbeits-film-festival.at\/?page_id=1781"},"modified":"2026-04-22T17:20:58","modified_gmt":"2026-04-22T15:20:58","slug":"2026-stolz-eigensinn","status":"publish","type":"page","link":"https:\/\/arbeits-film-festival.at\/en\/waff\/2026-2\/2026-stolz-eigensinn\/","title":{"rendered":"2026 &#8211; Stolz &#038; Eigensinn"},"content":{"rendered":"\n<div class=\"wp-block-columns alignfull has-background is-layout-flex wp-container-core-columns-is-layout-28f84493 wp-block-columns-is-layout-flex\" style=\"background-color:#6d76b7\">\n<div class=\"wp-block-column is-layout-flow wp-block-column-is-layout-flow\">\n<div style=\"height:30px\" aria-hidden=\"true\" class=\"wp-block-spacer\"><\/div>\n<\/div>\n<\/div>\n\n\n<style>.kb-row-layout-id1781_7891be-63 > .kt-row-column-wrap{align-content:end;}:where(.kb-row-layout-id1781_7891be-63 > .kt-row-column-wrap) > .wp-block-kadence-column{justify-content:end;}.kb-row-layout-id1781_7891be-63 > .kt-row-column-wrap{column-gap:var(--global-kb-gap-md, 2rem);row-gap:var(--global-kb-gap-md, 2rem);min-height:100vh;grid-template-columns:minmax(0, 1fr);}.kb-row-layout-id1781_7891be-63{background-color:#6d76b7;background-image:url('https:\/\/arbeits-film-festival.at\/wp-content\/uploads\/2026\/04\/1_StolzEigensinn_Presse_03_SilkeButzlaff-scaled.jpg');background-size:cover;background-position:53% 85%;background-attachment:scroll;background-repeat:no-repeat;}.kb-row-layout-id1781_7891be-63 > .kt-row-layout-overlay{opacity:0.30;}@media all and (max-width: 1024px){.kb-row-layout-id1781_7891be-63 > .kt-row-column-wrap{grid-template-columns:minmax(0, 1fr);}}@media all and (max-width: 767px){.kb-row-layout-id1781_7891be-63 > .kt-row-column-wrap{min-height:70vh;grid-template-columns:minmax(0, 1fr);}.kb-row-layout-id1781_7891be-63 > .kt-row-column-wrap > .wp-block-kadence-column:nth-child(1 of *:not(style)){order:1;}.kb-row-layout-id1781_7891be-63 > .kt-row-column-wrap > .wp-block-kadence-column:nth-child(2 of *:not(style)){order:11;}.kb-row-layout-id1781_7891be-63 > .kt-row-column-wrap > .wp-block-kadence-column:nth-child(3 of *:not(style)){order:21;}.kb-row-layout-id1781_7891be-63 > .kt-row-column-wrap > .wp-block-kadence-column:nth-child(4 of *:not(style)){order:31;}}<\/style><div style=\"background-image: url(https:\/\/arbeits-film-festival.at\/wp-content\/uploads\/2026\/04\/1_StolzEigensinn_Presse_03_SilkeButzlaff-scaled.jpg);\" class=\"kb-row-layout-wrap kb-row-layout-id1781_7891be-63 alignfull kt-row-has-bg wp-block-kadence-rowlayout\"><div class=\"kt-row-column-wrap kt-has-1-columns kt-row-layout-equal kt-tab-layout-inherit kt-mobile-layout-row kt-row-valign-bottom kt-inner-column-height-full\">\n<style>.kadence-column1781_9197f6-66 > .kt-inside-inner-col,.kadence-column1781_9197f6-66 > .kt-inside-inner-col:before{border-top-left-radius:0px;border-top-right-radius:0px;border-bottom-right-radius:0px;border-bottom-left-radius:0px;}.kadence-column1781_9197f6-66 > .kt-inside-inner-col{column-gap:var(--global-kb-gap-sm, 1rem);}.kadence-column1781_9197f6-66 > .kt-inside-inner-col{flex-direction:column;}.kadence-column1781_9197f6-66 > .kt-inside-inner-col > .aligncenter{width:100%;}.kadence-column1781_9197f6-66 > .kt-inside-inner-col:before{opacity:0.3;}.kadence-column1781_9197f6-66{position:relative;}@media all and (max-width: 1024px){.kadence-column1781_9197f6-66 > .kt-inside-inner-col{flex-direction:column;justify-content:center;}}@media all and (max-width: 767px){.kadence-column1781_9197f6-66 > .kt-inside-inner-col{flex-direction:column;justify-content:center;}}<\/style>\n<div class=\"wp-block-kadence-column kadence-column1781_9197f6-66\"><div class=\"kt-inside-inner-col\"><\/div><\/div>\n\n<\/div><\/div>\n\n\n<div class=\"wp-block-group alignfull has-background is-layout-flow wp-block-group-is-layout-flow\" style=\"background-color:#fef8eb;margin-top:0;margin-bottom:0;padding-top:4vw;padding-right:6vw;padding-bottom:10vw;padding-left:6vw\"><style>.kadence-column1781_17ade1-d8 > .kt-inside-inner-col,.kadence-column1781_17ade1-d8 > .kt-inside-inner-col:before{border-top-left-radius:0px;border-top-right-radius:0px;border-bottom-right-radius:0px;border-bottom-left-radius:0px;}.kadence-column1781_17ade1-d8 > .kt-inside-inner-col{column-gap:var(--global-kb-gap-sm, 1rem);}.kadence-column1781_17ade1-d8 > .kt-inside-inner-col{flex-direction:column;}.kadence-column1781_17ade1-d8 > .kt-inside-inner-col > .aligncenter{width:100%;}.kadence-column1781_17ade1-d8 > .kt-inside-inner-col:before{opacity:0.3;}.kadence-column1781_17ade1-d8{position:relative;}@media all and (max-width: 1024px){.kadence-column1781_17ade1-d8 > .kt-inside-inner-col{flex-direction:column;justify-content:center;}}@media all and (max-width: 767px){.kadence-column1781_17ade1-d8 > .kt-inside-inner-col{flex-direction:column;justify-content:center;}}<\/style>\n<div class=\"wp-block-kadence-column kadence-column1781_17ade1-d8 kvs-lg-false kvs-md-false\"><div class=\"kt-inside-inner-col\">\n<div style=\"height:10px\" aria-hidden=\"true\" class=\"wp-block-spacer\"><\/div>\n<\/div><\/div>\n\n\n\n<div class=\"wp-block-columns is-layout-flex wp-container-core-columns-is-layout-e0e4babd wp-block-columns-is-layout-flex\" style=\"padding-right:0;padding-left:0\">\n<div class=\"wp-block-column is-layout-flow wp-block-column-is-layout-flow\" style=\"flex-basis:66.66%\">\n<div class=\"wp-block-group is-vertical is-content-justification-left is-layout-flex wp-container-core-group-is-layout-cd911411 wp-block-group-is-layout-flex\" style=\"margin-top:0;margin-bottom:0\">\n<div class=\"wp-block-group is-layout-constrained wp-container-core-group-is-layout-e7a8db7c wp-block-group-is-layout-constrained\" style=\"margin-top:0;margin-bottom:0\">\n<p class=\"film-titel has-text-color\" style=\"color:#000000;margin-top:0;margin-bottom:0;font-size:66px;font-style:normal;font-weight:700;letter-spacing:0px;line-height:0.9;text-decoration:none;text-transform:none\">Stolz &amp; Eigensinn<\/p>\n\n\n\n<p class=\"film-ortdatauhr has-text-color\" style=\"color:#000000;margin-top:var(--wp--preset--spacing--50);margin-bottom:var(--wp--preset--spacing--50);font-size:28px;font-style:normal;font-weight:600;letter-spacing:0px;line-height:1.2;text-decoration:none;text-transform:none\"><strong>Admiralkino<\/strong><br><strong>Freitag, 22. Mai 2026<\/strong> <strong>I 20.00 Uhr<\/strong><\/p>\n\n\n\n<p class=\"film-sub has-text-color\" style=\"color:#000000;margin-top:var(--wp--preset--spacing--50);margin-bottom:0;font-size:16px;font-style:normal;font-weight:700;letter-spacing:0px;line-height:1.2;text-decoration:none;text-transform:none\"><strong><strong>Dokumentation | D 2025 | 113\u00b4 | DF<\/strong>&nbsp;<\/strong><\/p>\n\n\n\n<p><strong>Gerd Kroske<\/strong><\/p>\n<\/div>\n<\/div>\n<\/div>\n\n\n\n<div class=\"wp-block-column is-layout-flow wp-block-column-is-layout-flow\" style=\"padding-right:0;padding-left:0;flex-basis:33.3%\">\n<div class=\"wp-block-buttons is-content-justification-right is-layout-flex wp-container-core-buttons-is-layout-c133f063 wp-block-buttons-is-layout-flex\">\n<div class=\"wp-block-button hover-preto is-style-fill film-button\"><a class=\"wp-block-button__link has-large-font-size has-custom-font-size wp-element-button\"><strong>TICKETS<\/strong><\/a><\/div>\n<\/div>\n<\/div>\n<\/div>\n\n\n\n<div class=\"wp-block-columns is-layout-flex wp-container-core-columns-is-layout-7abde1fe wp-block-columns-is-layout-flex\" style=\"padding-top:var(--wp--preset--spacing--40);padding-bottom:var(--wp--preset--spacing--40)\">\n<div class=\"wp-block-column is-layout-flow wp-block-column-is-layout-flow\">\n<p>\u201eStolz und Eigensinn\u201c ist ein eindringlicher Dokumentarfilm \u00fcber Arbeiterinnen in Industrie-Gro\u00dfbetrieben der ehemaligen DDR, die sich ihre erk\u00e4mpfte Unabh\u00e4ngigkeit, ihren Stolz und ihren Eigensinn bis heute bewahrt haben. Unmittelbar nach der Wende \u2013 in einer Zeit von Massenentlassungen, wirtschaftlichem Umbruch und tiefgreifendem Statusverlust \u2013 erz\u00e4hlen sie von ihrem Arbeitsalltag, von gelebten Utopien und der Selbstverst\u00e4ndlichkeit, mit der sie sich in sogenannten M\u00e4nnerberufen behaupteten.&nbsp;<\/p>\n\n\n\n<p>Das historische Filmmaterial, aufgenommen auf U-matic-B\u00e4ndern und \u00fcberliefert aus den Best\u00e4nden des Leipziger Piratensenders KANAL X sowie dem Archiv der B\u00fcrgerbewegung, zeigt nicht nur die sozialen Verwerfungen der Nachwendezeit, sondern auch die St\u00e4rke und das Selbstbewusstsein dieser Frauen. Es dokumentiert ihre Erfahrungen von Abwertung und Benachteiligung \u2013 und zugleich ihre Genugtuung dar\u00fcber, sich in typischen M\u00e4nnerberufen durchzusetzen. So werden wir Zeugen von Emanzipation und von Unabh\u00e4ngigkeit in einer Gesellschaft, f\u00fcr die Arbeit als zentraler Wert gegolten hat.&nbsp;<\/p>\n\n\n\n<p>Mehr als 30 Jahre sp\u00e4ter hat Regisseur Gerd Kroske diesen filmischen Schatz gehoben und die damaligen Protagonistinnen wieder aufgesucht. In einer experimentellen Split-Screen-Anordnung begegnen sich Vergangenheit und Gegenwart: Die Frauen betrachten ihr j\u00fcngeres Ich, kommentieren, hinterfragen und reagieren spontan. So entstehen lebendige, vielschichtige Portr\u00e4ts, die pers\u00f6nliche Erinnerungen mit historischer Reflexion verweben.&nbsp;<\/p>\n\n\n\n<p>Der Film wird zu einer medialen Einkreisung zentraler Fragen: Was wurde einst gewonnen? Was ist verloren gegangen? Und was bleibt von den Tr\u00e4umen und Errungenschaften dieser Generation? \u201e<em>Stolz und Eigensinn\u201c<\/em> schlie\u00dft eine L\u00fccke in der Erinnerungskultur und w\u00fcrdigt Frauen, deren Lebensleistungen lange \u00fcbersehen wurden. (Reinhold Gaubitsch)&nbsp;<\/p>\n\n\n\n<p><em>\u201eStolz &amp; Eigensinn ist ein Film, der sich den etablierten Ost-Klischees nicht nur widersetzt, sondern den Freiheitsbegriff einfach anders definiert.\u201c (Angelika Nguyen, JACOBIN)<\/em>&nbsp;<\/p>\n\n\n\n<p><em>\u201eStolz und Eigensinn\u201c blickt in den Maschinenraum der Arbeitswelt, die nach 1990 auch dem geschlechterpolitischem Backlash im neuen Deutschland ausgesetzt war. Dieses vergessene Kapitel der Geschichte w\u00e4re nicht nur bei Vorf\u00fchrungen in westdeutschen Gewerkschaftskreisen anschlussf\u00e4hig, das w\u00fcrde auch um 20.15 Uhr in ARD oder ZDF beim Publikum Eindruck machen.\u201c (Matthias Dell; Tagespiegel)<\/em>&nbsp;<\/p>\n\n\n\n<p><em>\u201eDieser Dokumentarfilm ist kein sentimentales Zeitdokument, sondern eine pr\u00e4zise Versuchsanordnung \u00fcber Erinnerung, Geschlecht und Arbeit in den verschiedenen Gesellschaftssystemen. Dabei ist der Film so zur\u00fcckhaltend, so klug inszeniert, dass die pure Existenz der Frauenpers\u00f6nlichkeiten im Scheinwerferlicht stehen kann, in all ihrem Stolz und Eigensinn.\u201c (Ulrike Lykke Langer, MDR)<\/em>&nbsp;<\/p>\n\n\n\n<p><strong>\u00d6sterreichpremiere<\/strong>&nbsp;<\/p>\n\n\n\n<p>Zus\u00e4tzliche Sondervorf\u00fchrung bei freiem Eintritt&nbsp;<br>in Anwesenheit von \u00d6GB- Bundesfrauensekret\u00e4rin Dorottya Kickinger&nbsp;<br>am <strong>Montag, 8. Juni 2026, 18.00 Uhr<\/strong>&nbsp;&nbsp;<\/p>\n\n\n\n<p>Ort: Veranstaltungszentrum Catamaran&nbsp;<br>Veranstaltungssaal Wilhelmine Moik&nbsp;<br>Johann-B\u00f6hm-Platz 1, 1020 Wien&nbsp;<br><br><\/p>\n\n\n\n<p><\/p>\n<\/div>\n<\/div>\n\n\n\n<div style=\"height:1vw\" aria-hidden=\"true\" class=\"wp-block-spacer\"><\/div>\n\n\n\n<figure class=\"wp-block-embed is-type-video is-provider-youtube wp-block-embed-youtube wp-embed-aspect-16-9 wp-has-aspect-ratio\"><div class=\"wp-block-embed__wrapper\">\n<iframe loading=\"lazy\" title=\"STOLZ &amp; EIGENSINN Trailer Deutsch | German [HD]\" width=\"500\" height=\"281\" src=\"https:\/\/www.youtube.com\/embed\/BPfIL-84Gb8?feature=oembed\" frameborder=\"0\" allow=\"accelerometer; autoplay; clipboard-write; encrypted-media; gyroscope; picture-in-picture; web-share\" referrerpolicy=\"strict-origin-when-cross-origin\" allowfullscreen><\/iframe>\n<\/div><\/figure>\n\n\n<style>.kadence-column1781_5a0dac-41 > .kt-inside-inner-col,.kadence-column1781_5a0dac-41 > .kt-inside-inner-col:before{border-top-left-radius:0px;border-top-right-radius:0px;border-bottom-right-radius:0px;border-bottom-left-radius:0px;}.kadence-column1781_5a0dac-41 > .kt-inside-inner-col{column-gap:var(--global-kb-gap-sm, 1rem);}.kadence-column1781_5a0dac-41 > .kt-inside-inner-col{flex-direction:column;}.kadence-column1781_5a0dac-41 > .kt-inside-inner-col > .aligncenter{width:100%;}.kadence-column1781_5a0dac-41 > .kt-inside-inner-col:before{opacity:0.3;}.kadence-column1781_5a0dac-41{position:relative;}@media all and (max-width: 1024px){.kadence-column1781_5a0dac-41 > .kt-inside-inner-col{flex-direction:column;justify-content:center;}}@media all and (max-width: 767px){.kadence-column1781_5a0dac-41 > .kt-inside-inner-col{flex-direction:column;justify-content:center;}}<\/style>\n<div class=\"wp-block-kadence-column kadence-column1781_5a0dac-41 kvs-lg-false kvs-md-false\"><div class=\"kt-inside-inner-col\">\n<div style=\"height:10px\" aria-hidden=\"true\" class=\"wp-block-spacer\"><\/div>\n<\/div><\/div>\n<\/div>\n","protected":false},"excerpt":{"rendered":"<p>Stolz &amp; Eigensinn AdmiralkinoFreitag, 22. Mai 2026 I 20.00 Uhr Dokumentation | D 2025 | 113\u00b4 | DF&nbsp; Gerd Kroske [&hellip;]<\/p>\n","protected":false},"author":4,"featured_media":0,"parent":1488,"menu_order":10,"comment_status":"closed","ping_status":"closed","template":"","meta":{"site-sidebar-layout":"default","site-content-layout":"","ast-site-content-layout":"default","site-content-style":"default","site-sidebar-style":"default","ast-global-header-display":"","ast-banner-title-visibility":"","ast-main-header-display":"","ast-hfb-above-header-display":"","ast-hfb-below-header-display":"","ast-hfb-mobile-header-display":"","site-post-title":"disabled","ast-breadcrumbs-content":"","ast-featured-img":"","footer-sml-layout":"","ast-disable-related-posts":"","theme-transparent-header-meta":"","adv-header-id-meta":"","stick-header-meta":"","header-above-stick-meta":"","header-main-stick-meta":"","header-below-stick-meta":"","astra-migrate-meta-layouts":"default","ast-page-background-enabled":"default","ast-page-background-meta":{"desktop":{"background-color":"var(--ast-global-color-5)","background-image":"","background-repeat":"repeat","background-position":"center center","background-size":"auto","background-attachment":"scroll","background-type":"","background-media":"","overlay-type":"","overlay-color":"","overlay-opacity":"","overlay-gradient":""},"tablet":{"background-color":"","background-image":"","background-repeat":"repeat","background-position":"center center","background-size":"auto","background-attachment":"scroll","background-type":"","background-media":"","overlay-type":"","overlay-color":"","overlay-opacity":"","overlay-gradient":""},"mobile":{"background-color":"","background-image":"","background-repeat":"repeat","background-position":"center center","background-size":"auto","background-attachment":"scroll","background-type":"","background-media":"","overlay-type":"","overlay-color":"","overlay-opacity":"","overlay-gradient":""}},"ast-content-background-meta":{"desktop":{"background-color":"var(--ast-global-color-4)","background-image":"","background-repeat":"repeat","background-position":"center center","background-size":"auto","background-attachment":"scroll","background-type":"","background-media":"","overlay-type":"","overlay-color":"","overlay-opacity":"","overlay-gradient":""},"tablet":{"background-color":"var(--ast-global-color-4)","background-image":"","background-repeat":"repeat","background-position":"center center","background-size":"auto","background-attachment":"scroll","background-type":"","background-media":"","overlay-type":"","overlay-color":"","overlay-opacity":"","overlay-gradient":""},"mobile":{"background-color":"var(--ast-global-color-4)","background-image":"","background-repeat":"repeat","background-position":"center center","background-size":"auto","background-attachment":"scroll","background-type":"","background-media":"","overlay-type":"","overlay-color":"","overlay-opacity":"","overlay-gradient":""}},"footnotes":""},"class_list":["post-1781","page","type-page","status-publish","hentry"],"_links":{"self":[{"href":"https:\/\/arbeits-film-festival.at\/en\/wp-json\/wp\/v2\/pages\/1781","targetHints":{"allow":["GET"]}}],"collection":[{"href":"https:\/\/arbeits-film-festival.at\/en\/wp-json\/wp\/v2\/pages"}],"about":[{"href":"https:\/\/arbeits-film-festival.at\/en\/wp-json\/wp\/v2\/types\/page"}],"author":[{"embeddable":true,"href":"https:\/\/arbeits-film-festival.at\/en\/wp-json\/wp\/v2\/users\/4"}],"replies":[{"embeddable":true,"href":"https:\/\/arbeits-film-festival.at\/en\/wp-json\/wp\/v2\/comments?post=1781"}],"version-history":[{"count":4,"href":"https:\/\/arbeits-film-festival.at\/en\/wp-json\/wp\/v2\/pages\/1781\/revisions"}],"predecessor-version":[{"id":1909,"href":"https:\/\/arbeits-film-festival.at\/en\/wp-json\/wp\/v2\/pages\/1781\/revisions\/1909"}],"up":[{"embeddable":true,"href":"https:\/\/arbeits-film-festival.at\/en\/wp-json\/wp\/v2\/pages\/1488"}],"wp:attachment":[{"href":"https:\/\/arbeits-film-festival.at\/en\/wp-json\/wp\/v2\/media?parent=1781"}],"curies":[{"name":"wp","href":"https:\/\/api.w.org\/{rel}","templated":true}]}}