{"id":1782,"date":"2026-04-21T23:30:49","date_gmt":"2026-04-21T21:30:49","guid":{"rendered":"https:\/\/arbeits-film-festival.at\/?page_id=1782"},"modified":"2026-04-22T17:17:36","modified_gmt":"2026-04-22T15:17:36","slug":"2026-performance-united-workers","status":"publish","type":"page","link":"https:\/\/arbeits-film-festival.at\/en\/waff\/2026-2\/2026-performance-united-workers\/","title":{"rendered":"2026 &#8211; Performance \u201eUnited Workers\u201c"},"content":{"rendered":"<div class=\"wp-block-columns alignfull has-background is-layout-flex wp-container-core-columns-is-layout-28f84493 wp-block-columns-is-layout-flex\" style=\"background-color:#6d76b7\">\n<div class=\"wp-block-column is-layout-flow wp-block-column-is-layout-flow\">\n<div style=\"height:30px\" aria-hidden=\"true\" class=\"wp-block-spacer\"><\/div>\n<\/div>\n<\/div>\n\n\n<style>.kb-row-layout-id1782_95c5f7-ed > .kt-row-column-wrap{align-content:end;}:where(.kb-row-layout-id1782_95c5f7-ed > .kt-row-column-wrap) > .wp-block-kadence-column{justify-content:end;}.kb-row-layout-id1782_95c5f7-ed > .kt-row-column-wrap{column-gap:var(--global-kb-gap-md, 2rem);row-gap:var(--global-kb-gap-md, 2rem);min-height:100vh;grid-template-columns:minmax(0, 1fr);}.kb-row-layout-id1782_95c5f7-ed{background-color:#6d76b7;background-image:url('https:\/\/arbeits-film-festival.at\/wp-content\/uploads\/2026\/04\/1_United-Workers-Bild.jpg');background-size:cover;background-position:53% 85%;background-attachment:scroll;background-repeat:no-repeat;}.kb-row-layout-id1782_95c5f7-ed > .kt-row-layout-overlay{opacity:0.30;}@media all and (max-width: 1024px){.kb-row-layout-id1782_95c5f7-ed > .kt-row-column-wrap{grid-template-columns:minmax(0, 1fr);}}@media all and (max-width: 767px){.kb-row-layout-id1782_95c5f7-ed > .kt-row-column-wrap{min-height:70vh;grid-template-columns:minmax(0, 1fr);}.kb-row-layout-id1782_95c5f7-ed > .kt-row-column-wrap > .wp-block-kadence-column:nth-child(1 of *:not(style)){order:1;}.kb-row-layout-id1782_95c5f7-ed > .kt-row-column-wrap > .wp-block-kadence-column:nth-child(2 of *:not(style)){order:11;}.kb-row-layout-id1782_95c5f7-ed > .kt-row-column-wrap > .wp-block-kadence-column:nth-child(3 of *:not(style)){order:21;}.kb-row-layout-id1782_95c5f7-ed > .kt-row-column-wrap > .wp-block-kadence-column:nth-child(4 of *:not(style)){order:31;}}<\/style><div style=\"background-image: url(https:\/\/arbeits-film-festival.at\/wp-content\/uploads\/2026\/04\/1_United-Workers-Bild.jpg);\" class=\"kb-row-layout-wrap kb-row-layout-id1782_95c5f7-ed alignfull kt-row-has-bg wp-block-kadence-rowlayout\"><div class=\"kt-row-column-wrap kt-has-1-columns kt-row-layout-equal kt-tab-layout-inherit kt-mobile-layout-row kt-row-valign-bottom kt-inner-column-height-full\">\n<style>.kadence-column1782_8dc5aa-6d > .kt-inside-inner-col,.kadence-column1782_8dc5aa-6d > .kt-inside-inner-col:before{border-top-left-radius:0px;border-top-right-radius:0px;border-bottom-right-radius:0px;border-bottom-left-radius:0px;}.kadence-column1782_8dc5aa-6d > .kt-inside-inner-col{column-gap:var(--global-kb-gap-sm, 1rem);}.kadence-column1782_8dc5aa-6d > .kt-inside-inner-col{flex-direction:column;}.kadence-column1782_8dc5aa-6d > .kt-inside-inner-col > .aligncenter{width:100%;}.kadence-column1782_8dc5aa-6d > .kt-inside-inner-col:before{opacity:0.3;}.kadence-column1782_8dc5aa-6d{position:relative;}@media all and (max-width: 1024px){.kadence-column1782_8dc5aa-6d > .kt-inside-inner-col{flex-direction:column;justify-content:center;}}@media all and (max-width: 767px){.kadence-column1782_8dc5aa-6d > .kt-inside-inner-col{flex-direction:column;justify-content:center;}}<\/style>\n<div class=\"wp-block-kadence-column kadence-column1782_8dc5aa-6d\"><div class=\"kt-inside-inner-col\"><\/div><\/div>\n\n<\/div><\/div>\n\n\n<div class=\"wp-block-group alignfull has-background is-layout-flow wp-block-group-is-layout-flow\" style=\"background-color:#fef8eb;margin-top:0;margin-bottom:0;padding-top:4vw;padding-right:6vw;padding-bottom:10vw;padding-left:6vw\"><style>.kadence-column1782_789b4a-a9 > .kt-inside-inner-col,.kadence-column1782_789b4a-a9 > .kt-inside-inner-col:before{border-top-left-radius:0px;border-top-right-radius:0px;border-bottom-right-radius:0px;border-bottom-left-radius:0px;}.kadence-column1782_789b4a-a9 > .kt-inside-inner-col{column-gap:var(--global-kb-gap-sm, 1rem);}.kadence-column1782_789b4a-a9 > .kt-inside-inner-col{flex-direction:column;}.kadence-column1782_789b4a-a9 > .kt-inside-inner-col > .aligncenter{width:100%;}.kadence-column1782_789b4a-a9 > .kt-inside-inner-col:before{opacity:0.3;}.kadence-column1782_789b4a-a9{position:relative;}@media all and (max-width: 1024px){.kadence-column1782_789b4a-a9 > .kt-inside-inner-col{flex-direction:column;justify-content:center;}}@media all and (max-width: 767px){.kadence-column1782_789b4a-a9 > .kt-inside-inner-col{flex-direction:column;justify-content:center;}}<\/style>\n<div class=\"wp-block-kadence-column kadence-column1782_789b4a-a9 kvs-lg-false kvs-md-false\"><div class=\"kt-inside-inner-col\">\n<div style=\"height:10px\" aria-hidden=\"true\" class=\"wp-block-spacer\"><\/div>\n<\/div><\/div>\n\n\n\n<div class=\"wp-block-columns is-layout-flex wp-container-core-columns-is-layout-e0e4babd wp-block-columns-is-layout-flex\" style=\"padding-right:0;padding-left:0\">\n<div class=\"wp-block-column is-layout-flow wp-block-column-is-layout-flow\" style=\"flex-basis:66.66%\">\n<div class=\"wp-block-group is-vertical is-content-justification-left is-layout-flex wp-container-core-group-is-layout-cd911411 wp-block-group-is-layout-flex\" style=\"margin-top:0;margin-bottom:0\">\n<div class=\"wp-block-group is-layout-constrained wp-container-core-group-is-layout-e7a8db7c wp-block-group-is-layout-constrained\" style=\"margin-top:0;margin-bottom:0\">\n<p class=\"film-titel has-text-color\" style=\"color:#000000;margin-top:0;margin-bottom:0;font-size:66px;font-style:normal;font-weight:700;letter-spacing:0px;line-height:0.9;text-decoration:none;text-transform:none\">Performance \u201eUnited Workers\u201c&nbsp;<\/p>\n\n\n\n<p class=\"film-ortdatauhr has-text-color\" style=\"color:#000000;margin-top:var(--wp--preset--spacing--50);margin-bottom:var(--wp--preset--spacing--50);font-size:28px;font-style:normal;font-weight:600;letter-spacing:0px;line-height:1.2;text-decoration:none;text-transform:none\"><strong>Dom Museum Wien, Stephansplatz 6, 1010 Wien<\/strong>&nbsp;<\/p>\n\n\n\n<p class=\"film-ortdatauhr has-text-color\" style=\"color:#000000;margin-top:var(--wp--preset--spacing--50);margin-bottom:var(--wp--preset--spacing--50);font-size:28px;font-style:normal;font-weight:600;letter-spacing:0px;line-height:1.2;text-decoration:none;text-transform:none\"><br><strong>Donnerstag, 21. Mai 2026<\/strong> <strong>I 18.00 Uhr bis ca. 19.30 Uh<\/strong>r&nbsp;<\/p>\n\n\n\n<p class=\"film-sub has-text-color\" style=\"color:#000000;margin-top:var(--wp--preset--spacing--50);margin-bottom:0;font-size:16px;font-style:normal;font-weight:700;letter-spacing:0px;line-height:1.2;text-decoration:none;text-transform:none\">live: Susi Rogenhofer (aka Sweet Susie) und Manni Montana&nbsp;<\/p>\n\n\n\n<p class=\"film-sub has-text-color\" style=\"color:#000000;margin-top:var(--wp--preset--spacing--50);margin-bottom:0;font-size:16px;font-style:normal;font-weight:700;letter-spacing:0px;line-height:1.2;text-decoration:none;text-transform:none\"><\/p>\n\n\n\n<p><strong>Talk mit Stefan Niederwieser (\u00d61) und Susi Rogenhofer \u00fcber das Verh\u00e4ltnis von&nbsp;Arbeit und Musik&nbsp;<\/strong><\/p>\n<\/div>\n<\/div>\n<\/div>\n\n\n\n<div class=\"wp-block-column is-layout-flow wp-block-column-is-layout-flow\" style=\"padding-right:0;padding-left:0;flex-basis:33.3%\">\n<div class=\"wp-block-buttons is-content-justification-right is-layout-flex wp-container-core-buttons-is-layout-c133f063 wp-block-buttons-is-layout-flex\">\n<div class=\"wp-block-button hover-preto is-style-fill film-button\"><a class=\"wp-block-button__link has-large-font-size has-custom-font-size wp-element-button\"><strong>TICKETS<\/strong><\/a><\/div>\n<\/div>\n<\/div>\n<\/div>\n\n\n\n<div class=\"wp-block-columns is-layout-flex wp-container-core-columns-is-layout-7abde1fe wp-block-columns-is-layout-flex\" style=\"padding-top:var(--wp--preset--spacing--40);padding-bottom:var(--wp--preset--spacing--40)\">\n<div class=\"wp-block-column is-layout-flow wp-block-column-is-layout-flow\">\n<p>Rund um die Uhr wird an den unterschiedlichsten Orten gearbeitet und produziert. Doch wer sind die Menschen, die diese Arbeit verrichten und die die Maschinerie des Kapitalismus ben\u00f6tigt, damit diese am Laufen bleibt? \u201eUnited Workers\u201c r\u00fcckt die Arbeitenden, wie z.B. Reinigungskr\u00e4fte, ins Rampenlicht, indem diese sichtbar und h\u00f6rbar werden. Filmsequenzen und Sounds geben Einblicke in unterschiedliche Arbeits- und Produktionswelten und werden Teil einer audiovisuellen Inszenierung. Im Gegensatz zur kapitalistischen Logik, welche die Arbeitskraft vor allem als Kostenfaktor betrachtet, zeigen die Filmsequenzen, Arbeitende mit all ihren menschlichen Z\u00fcgen. Nicht die Ware oder die Dienstleistung stehen hier im Vordergrund, sondern das arbeitende Individuum. Das Projekt versteht sich als \u00e4sthetische Praxis<strong>,<\/strong> die sich kritisch mit den Folgen des Neoliberalismus auseinandersetzt und die bestehende soziale<strong> <\/strong>Ordnung hinterfragt. Susi Rogenhofer und Manni Montana erforschen darin die Kl\u00e4nge der Arbeits- und Produktionswelten und gemeinsam mit Musiker:innen wie Gischt, FM Einheit (Ex Einst\u00fcrzende Neubauten) werden diese in Klangkunst und Musik \u00fcbersetzt. Darin wird auch die Idee einer Arbeiter:innen-Musik des 21. Jahrhunderts aufgegriffen.&nbsp;&nbsp;<\/p>\n\n\n\n<p>Das Projekt wurde 2021 in \u00d6sterreich begonnen und erforscht in unterschiedlichen L\u00e4ndern der Welt Arbeitswelten, z. B. in Mexiko, Namibia.&nbsp;<\/p>\n\n\n\n<p><strong>Donnerstag, 21. Mai 2026, 18.00 Uhr bis ca. 19.30 Uh<\/strong>r&nbsp;<\/p>\n\n\n\n<p><strong>Dom Museum Wien, Stephansplatz 6, 1010 Wien<\/strong>&nbsp;<\/p>\n\n\n\n<p><strong>im Rahmen der Ausstellung \u201eAlles in Arbeit\u201c und <\/strong>dem Programm <strong>DOMerstagabend<\/strong>\u202f&nbsp;<\/p>\n\n\n\n<p>\u201cUnited Workers\u201d&nbsp;&nbsp;<\/p>\n\n\n\n<p><a href=\"http:\/\/www.susi-rogenhofer.net\" target=\"_blank\" rel=\"noreferrer noopener\"><strong>www.susi-rogenhofer.net<\/strong><\/a><strong><\/strong>&nbsp;<\/p>\n\n\n\n<p><strong>Instagram #unitedworkers_art, @susi_rogenhofer__sweet_susie&nbsp;&nbsp;&nbsp;&nbsp;<\/strong>&nbsp;<\/p>\n\n\n\n<p><strong>Facebook https:\/\/www.facebook.com\/sweetsusieconnect\/<\/strong>&nbsp;<\/p>\n\n\n\n<p><\/p>\n<\/div>\n<\/div>\n\n\n\n<div style=\"height:1vw\" aria-hidden=\"true\" class=\"wp-block-spacer\"><\/div>\n\n\n<style>.kadence-column1782_9677c1-58 > .kt-inside-inner-col,.kadence-column1782_9677c1-58 > .kt-inside-inner-col:before{border-top-left-radius:0px;border-top-right-radius:0px;border-bottom-right-radius:0px;border-bottom-left-radius:0px;}.kadence-column1782_9677c1-58 > .kt-inside-inner-col{column-gap:var(--global-kb-gap-sm, 1rem);}.kadence-column1782_9677c1-58 > .kt-inside-inner-col{flex-direction:column;}.kadence-column1782_9677c1-58 > .kt-inside-inner-col > .aligncenter{width:100%;}.kadence-column1782_9677c1-58 > .kt-inside-inner-col:before{opacity:0.3;}.kadence-column1782_9677c1-58{position:relative;}@media all and (max-width: 1024px){.kadence-column1782_9677c1-58 > .kt-inside-inner-col{flex-direction:column;justify-content:center;}}@media all and (max-width: 767px){.kadence-column1782_9677c1-58 > .kt-inside-inner-col{flex-direction:column;justify-content:center;}}<\/style>\n<div class=\"wp-block-kadence-column kadence-column1782_9677c1-58 kvs-lg-false kvs-md-false\"><div class=\"kt-inside-inner-col\">\n<div style=\"height:10px\" aria-hidden=\"true\" class=\"wp-block-spacer\"><\/div>\n<\/div><\/div>\n<\/div>","protected":false},"excerpt":{"rendered":"<p>Performance \u201eUnited Workers\u201c&nbsp; Dom Museum Wien, Stephansplatz 6, 1010 Wien&nbsp; Donnerstag, 21. Mai 2026 I 18.00 Uhr bis ca. 19.30 [&hellip;]<\/p>\n","protected":false},"author":4,"featured_media":0,"parent":1488,"menu_order":7,"comment_status":"closed","ping_status":"closed","template":"","meta":{"site-sidebar-layout":"default","site-content-layout":"","ast-site-content-layout":"default","site-content-style":"default","site-sidebar-style":"default","ast-global-header-display":"","ast-banner-title-visibility":"","ast-main-header-display":"","ast-hfb-above-header-display":"","ast-hfb-below-header-display":"","ast-hfb-mobile-header-display":"","site-post-title":"disabled","ast-breadcrumbs-content":"","ast-featured-img":"","footer-sml-layout":"","ast-disable-related-posts":"","theme-transparent-header-meta":"","adv-header-id-meta":"","stick-header-meta":"","header-above-stick-meta":"","header-main-stick-meta":"","header-below-stick-meta":"","astra-migrate-meta-layouts":"default","ast-page-background-enabled":"default","ast-page-background-meta":{"desktop":{"background-color":"var(--ast-global-color-5)","background-image":"","background-repeat":"repeat","background-position":"center center","background-size":"auto","background-attachment":"scroll","background-type":"","background-media":"","overlay-type":"","overlay-color":"","overlay-opacity":"","overlay-gradient":""},"tablet":{"background-color":"","background-image":"","background-repeat":"repeat","background-position":"center center","background-size":"auto","background-attachment":"scroll","background-type":"","background-media":"","overlay-type":"","overlay-color":"","overlay-opacity":"","overlay-gradient":""},"mobile":{"background-color":"","background-image":"","background-repeat":"repeat","background-position":"center center","background-size":"auto","background-attachment":"scroll","background-type":"","background-media":"","overlay-type":"","overlay-color":"","overlay-opacity":"","overlay-gradient":""}},"ast-content-background-meta":{"desktop":{"background-color":"var(--ast-global-color-4)","background-image":"","background-repeat":"repeat","background-position":"center center","background-size":"auto","background-attachment":"scroll","background-type":"","background-media":"","overlay-type":"","overlay-color":"","overlay-opacity":"","overlay-gradient":""},"tablet":{"background-color":"var(--ast-global-color-4)","background-image":"","background-repeat":"repeat","background-position":"center center","background-size":"auto","background-attachment":"scroll","background-type":"","background-media":"","overlay-type":"","overlay-color":"","overlay-opacity":"","overlay-gradient":""},"mobile":{"background-color":"var(--ast-global-color-4)","background-image":"","background-repeat":"repeat","background-position":"center center","background-size":"auto","background-attachment":"scroll","background-type":"","background-media":"","overlay-type":"","overlay-color":"","overlay-opacity":"","overlay-gradient":""}},"footnotes":""},"class_list":["post-1782","page","type-page","status-publish","hentry"],"_links":{"self":[{"href":"https:\/\/arbeits-film-festival.at\/en\/wp-json\/wp\/v2\/pages\/1782","targetHints":{"allow":["GET"]}}],"collection":[{"href":"https:\/\/arbeits-film-festival.at\/en\/wp-json\/wp\/v2\/pages"}],"about":[{"href":"https:\/\/arbeits-film-festival.at\/en\/wp-json\/wp\/v2\/types\/page"}],"author":[{"embeddable":true,"href":"https:\/\/arbeits-film-festival.at\/en\/wp-json\/wp\/v2\/users\/4"}],"replies":[{"embeddable":true,"href":"https:\/\/arbeits-film-festival.at\/en\/wp-json\/wp\/v2\/comments?post=1782"}],"version-history":[{"count":4,"href":"https:\/\/arbeits-film-festival.at\/en\/wp-json\/wp\/v2\/pages\/1782\/revisions"}],"predecessor-version":[{"id":1905,"href":"https:\/\/arbeits-film-festival.at\/en\/wp-json\/wp\/v2\/pages\/1782\/revisions\/1905"}],"up":[{"embeddable":true,"href":"https:\/\/arbeits-film-festival.at\/en\/wp-json\/wp\/v2\/pages\/1488"}],"wp:attachment":[{"href":"https:\/\/arbeits-film-festival.at\/en\/wp-json\/wp\/v2\/media?parent=1782"}],"curies":[{"name":"wp","href":"https:\/\/api.w.org\/{rel}","templated":true}]}}