{"id":1804,"date":"2026-04-21T23:30:49","date_gmt":"2026-04-21T21:30:49","guid":{"rendered":"https:\/\/arbeits-film-festival.at\/?page_id=1804"},"modified":"2026-04-22T17:16:34","modified_gmt":"2026-04-22T15:16:34","slug":"2026-ams-arbeit-muss-sein-2","status":"publish","type":"page","link":"https:\/\/arbeits-film-festival.at\/en\/waff\/2026-2\/2026-ams-arbeit-muss-sein-2\/","title":{"rendered":"2026 &#8211; AMS \/Arbeit muss sein"},"content":{"rendered":"<div class=\"wp-block-columns alignfull has-background is-layout-flex wp-container-core-columns-is-layout-28f84493 wp-block-columns-is-layout-flex\" style=\"background-color:#6d76b7\">\n<div class=\"wp-block-column is-layout-flow wp-block-column-is-layout-flow\">\n<div style=\"height:30px\" aria-hidden=\"true\" class=\"wp-block-spacer\"><\/div>\n<\/div>\n<\/div>\n\n\n<style>.kb-row-layout-id1804_00931a-fe > .kt-row-column-wrap{align-content:end;}:where(.kb-row-layout-id1804_00931a-fe > .kt-row-column-wrap) > .wp-block-kadence-column{justify-content:end;}.kb-row-layout-id1804_00931a-fe > .kt-row-column-wrap{column-gap:var(--global-kb-gap-md, 2rem);row-gap:var(--global-kb-gap-md, 2rem);min-height:100vh;grid-template-columns:minmax(0, 1fr);}.kb-row-layout-id1804_00931a-fe{background-color:#6d76b7;background-image:url('https:\/\/arbeits-film-festival.at\/wp-content\/uploads\/2026\/03\/ams_arbeit_muss_sein_d26_02astudio_brauneis_sebastian_brauneis_roman_chalupnik.6041644.jpg');background-size:cover;background-position:53% 85%;background-attachment:scroll;background-repeat:no-repeat;}.kb-row-layout-id1804_00931a-fe > .kt-row-layout-overlay{opacity:0.30;}@media all and (max-width: 1024px){.kb-row-layout-id1804_00931a-fe > .kt-row-column-wrap{grid-template-columns:minmax(0, 1fr);}}@media all and (max-width: 767px){.kb-row-layout-id1804_00931a-fe > .kt-row-column-wrap{min-height:70vh;grid-template-columns:minmax(0, 1fr);}.kb-row-layout-id1804_00931a-fe > .kt-row-column-wrap > .wp-block-kadence-column:nth-child(1 of *:not(style)){order:1;}.kb-row-layout-id1804_00931a-fe > .kt-row-column-wrap > .wp-block-kadence-column:nth-child(2 of *:not(style)){order:11;}.kb-row-layout-id1804_00931a-fe > .kt-row-column-wrap > .wp-block-kadence-column:nth-child(3 of *:not(style)){order:21;}.kb-row-layout-id1804_00931a-fe > .kt-row-column-wrap > .wp-block-kadence-column:nth-child(4 of *:not(style)){order:31;}}<\/style><div style=\"background-image: url(https:\/\/arbeits-film-festival.at\/wp-content\/uploads\/2026\/03\/ams_arbeit_muss_sein_d26_02astudio_brauneis_sebastian_brauneis_roman_chalupnik.6041644.jpg);\" class=\"kb-row-layout-wrap kb-row-layout-id1804_00931a-fe alignfull kt-row-has-bg wp-block-kadence-rowlayout\"><div class=\"kt-row-column-wrap kt-has-1-columns kt-row-layout-equal kt-tab-layout-inherit kt-mobile-layout-row kt-row-valign-bottom kt-inner-column-height-full\">\n<style>.kadence-column1804_e2129a-5c > .kt-inside-inner-col,.kadence-column1804_e2129a-5c > .kt-inside-inner-col:before{border-top-left-radius:0px;border-top-right-radius:0px;border-bottom-right-radius:0px;border-bottom-left-radius:0px;}.kadence-column1804_e2129a-5c > .kt-inside-inner-col{column-gap:var(--global-kb-gap-sm, 1rem);}.kadence-column1804_e2129a-5c > .kt-inside-inner-col{flex-direction:column;}.kadence-column1804_e2129a-5c > .kt-inside-inner-col > .aligncenter{width:100%;}.kadence-column1804_e2129a-5c > .kt-inside-inner-col:before{opacity:0.3;}.kadence-column1804_e2129a-5c{position:relative;}@media all and (max-width: 1024px){.kadence-column1804_e2129a-5c > .kt-inside-inner-col{flex-direction:column;justify-content:center;}}@media all and (max-width: 767px){.kadence-column1804_e2129a-5c > .kt-inside-inner-col{flex-direction:column;justify-content:center;}}<\/style>\n<div class=\"wp-block-kadence-column kadence-column1804_e2129a-5c\"><div class=\"kt-inside-inner-col\"><\/div><\/div>\n\n<\/div><\/div>\n\n\n<div class=\"wp-block-group alignfull has-background is-layout-flow wp-block-group-is-layout-flow\" style=\"background-color:#fef8eb;margin-top:0;margin-bottom:0;padding-top:4vw;padding-right:6vw;padding-bottom:10vw;padding-left:6vw\"><style>.kadence-column1804_462eeb-a1 > .kt-inside-inner-col,.kadence-column1804_462eeb-a1 > .kt-inside-inner-col:before{border-top-left-radius:0px;border-top-right-radius:0px;border-bottom-right-radius:0px;border-bottom-left-radius:0px;}.kadence-column1804_462eeb-a1 > .kt-inside-inner-col{column-gap:var(--global-kb-gap-sm, 1rem);}.kadence-column1804_462eeb-a1 > .kt-inside-inner-col{flex-direction:column;}.kadence-column1804_462eeb-a1 > .kt-inside-inner-col > .aligncenter{width:100%;}.kadence-column1804_462eeb-a1 > .kt-inside-inner-col:before{opacity:0.3;}.kadence-column1804_462eeb-a1{position:relative;}@media all and (max-width: 1024px){.kadence-column1804_462eeb-a1 > .kt-inside-inner-col{flex-direction:column;justify-content:center;}}@media all and (max-width: 767px){.kadence-column1804_462eeb-a1 > .kt-inside-inner-col{flex-direction:column;justify-content:center;}}<\/style>\n<div class=\"wp-block-kadence-column kadence-column1804_462eeb-a1 kvs-lg-false kvs-md-false\"><div class=\"kt-inside-inner-col\">\n<div style=\"height:10px\" aria-hidden=\"true\" class=\"wp-block-spacer\"><\/div>\n<\/div><\/div>\n\n\n\n<div class=\"wp-block-columns is-layout-flex wp-container-core-columns-is-layout-e0e4babd wp-block-columns-is-layout-flex\" style=\"padding-right:0;padding-left:0\">\n<div class=\"wp-block-column is-layout-flow wp-block-column-is-layout-flow\" style=\"flex-basis:66.66%\">\n<div class=\"wp-block-group is-vertical is-content-justification-left is-layout-flex wp-container-core-group-is-layout-cd911411 wp-block-group-is-layout-flex\" style=\"margin-top:0;margin-bottom:0\">\n<div class=\"wp-block-group is-layout-constrained wp-container-core-group-is-layout-d07a7b43 wp-block-group-is-layout-constrained\" style=\"margin-top:0;margin-bottom:0;padding-right:0;padding-left:0\">\n<p class=\"film-titel has-text-color\" style=\"color:#000000;margin-top:0;margin-right:0;margin-bottom:0;margin-left:0;font-size:66px;font-style:normal;font-weight:700;letter-spacing:0px;line-height:0.9;text-decoration:none;text-transform:none\"><strong><strong>AMS\/Arbeit muss sein<\/strong>&nbsp;<\/strong><\/p>\n\n\n\n<p class=\"film-ortdatauhr has-text-color\" style=\"color:#000000;margin-top:var(--wp--preset--spacing--50);margin-bottom:var(--wp--preset--spacing--50);font-size:28px;font-style:normal;font-weight:600;letter-spacing:0px;line-height:1.2;text-decoration:none;text-transform:none\"><strong>Stadtkino<\/strong><br><strong>Mittwoch, 20. Mai 2026<\/strong> <strong>I <\/strong>20:00<\/p>\n\n\n\n<p class=\"film-sub has-text-color\" style=\"color:#000000;margin-top:var(--wp--preset--spacing--50);margin-bottom:0;font-size:16px;font-style:normal;font-weight:700;letter-spacing:0px;line-height:1.2;text-decoration:none;text-transform:none\"><strong>Spielfilm | A 2026 | 100\u2032 | DF<\/strong>&nbsp;<\/p>\n\n\n\n<p><strong>Sebastian Brauneis<\/strong>&nbsp;<\/p>\n<\/div>\n<\/div>\n<\/div>\n\n\n\n<div class=\"wp-block-column is-layout-flow wp-block-column-is-layout-flow\" style=\"padding-right:0;padding-left:0;flex-basis:33.3%\">\n<div class=\"wp-block-buttons is-content-justification-right is-layout-flex wp-container-core-buttons-is-layout-c133f063 wp-block-buttons-is-layout-flex\">\n<div class=\"wp-block-button hover-preto is-style-fill film-button\"><a class=\"wp-block-button__link has-large-font-size has-custom-font-size wp-element-button\" href=\"https:\/\/www.gartenbaukino.at\/programm\/ams-arbeit-muss-sein\/\"><strong>TICKETS<\/strong><\/a><\/div>\n<\/div>\n<\/div>\n<\/div>\n\n\n\n<div class=\"wp-block-columns is-layout-flex wp-container-core-columns-is-layout-7abde1fe wp-block-columns-is-layout-flex\" style=\"padding-top:var(--wp--preset--spacing--40);padding-bottom:var(--wp--preset--spacing--40)\">\n<div class=\"wp-block-column is-layout-flow wp-block-column-is-layout-flow\">\n<p>n der Kom\u00f6die rund um ein fiktionales AMS, das \u201eArbeitsplatz-Matching-System, schlie\u00dft sich eine Gruppe von Langzeitarbeitslosen zusammen, um gemeinsam gegen Strukturen zu k\u00e4mpfen, die sie hindern, das Leben zu f\u00fchren, das sie wollen. Dabei braucht es Zusammenhalt, Erfindungsgeist und Verb\u00fcndete innerhalb des Systems.&nbsp;<\/p>\n\n\n\n<p>Marie Wotruba (Margarethe Tiesel) bekommt mit ihren 58 Jahren in der modernen Arbeitswelt keinen Job mehr, Mahdiya Sayegh (Mariam Hage) will als Frau mit Migrationshintergrund Polizistin werden \u2013 und das kann sich die AMS-Beraterin Kathi Kratochvil (Marie-Luise Stockinger) schlicht nicht vorstellen. Gemeinsam mit anderen Betroffenen nehmen Marie und Mahdiya ihr Schicksal selbst in die Hand und finden im Callcenter-Mitarbeiter Markus Berger (Lukas Watzl) einen Mitstreiter. W\u00e4hrend im AMS ein internes Match um eine Bef\u00f6rderung l\u00e4uft, organisieren sich die Arbeitslosen \u2013 beides nicht immer mit lauteren Mitteln.&nbsp;&nbsp;<\/p>\n\n\n\n<p>Was wie ein klassisches Sozialdrama beginnt, entwickelt sich \u00fcberraschend schnell zu einer schwungvollen Kom\u00f6die: Mit viel Humor und musikalischem Elan erz\u00e4hlt der Film von Selbsterm\u00e4chtigung, Zusammenhalt und dem Mut, f\u00fcreinander einzustehen.&nbsp;<\/p>\n\n\n\n<p><em>\u201eAnstelle eines tristen Sozialdramas ein schwungvolles Offbeat-Musical.\u201c<\/em> (Lukas Foerster)&nbsp;<\/p>\n\n\n\n<p><em>\u201eAlles in allem ist Sebastian Brauneis eine wunderbare sozialkritische Kom\u00f6die gelungen, die in keinster Weise das AMS als Institution antagonisiert, sondern vor allem zu Menschlichkeit und Solidarit\u00e4t aufruft\u2026\u201c<\/em> (UNCUT)&nbsp;<\/p>\n\n\n\n<p><em>\u201eIm neuen Film von Sebastian Brauneis leisten Arbeitssuchende hochkomisch und gleichzeitig radikal ernst Widerstand gegen die H\u00fcrden des Wiedereinstiegs ins Berufsleben.\u201c \u2013 DerStandard<\/em>&nbsp;<\/p>\n\n\n\n<p><strong>Filmgespr\u00e4ch mit Regisseur Sebastian Brauneis<\/strong>&nbsp;<br><br><\/p>\n\n\n\n<p><\/p>\n<\/div>\n<\/div>\n\n\n\n<div style=\"height:1vw\" aria-hidden=\"true\" class=\"wp-block-spacer\"><\/div>\n\n\n\n<figure class=\"wp-block-embed is-type-video is-provider-youtube wp-block-embed-youtube wp-embed-aspect-16-9 wp-has-aspect-ratio\"><div class=\"wp-block-embed__wrapper\">\n<iframe loading=\"lazy\" title=\"AMS Trailer Diagonale HD\" width=\"500\" height=\"281\" src=\"https:\/\/www.youtube.com\/embed\/R-OxK1zfAd8?feature=oembed\" frameborder=\"0\" allow=\"accelerometer; autoplay; clipboard-write; encrypted-media; gyroscope; picture-in-picture; web-share\" referrerpolicy=\"strict-origin-when-cross-origin\" allowfullscreen><\/iframe>\n<\/div><\/figure>\n\n\n<style>.kadence-column1804_8d566e-ac > .kt-inside-inner-col,.kadence-column1804_8d566e-ac > .kt-inside-inner-col:before{border-top-left-radius:0px;border-top-right-radius:0px;border-bottom-right-radius:0px;border-bottom-left-radius:0px;}.kadence-column1804_8d566e-ac > .kt-inside-inner-col{column-gap:var(--global-kb-gap-sm, 1rem);}.kadence-column1804_8d566e-ac > .kt-inside-inner-col{flex-direction:column;}.kadence-column1804_8d566e-ac > .kt-inside-inner-col > .aligncenter{width:100%;}.kadence-column1804_8d566e-ac > .kt-inside-inner-col:before{opacity:0.3;}.kadence-column1804_8d566e-ac{position:relative;}@media all and (max-width: 1024px){.kadence-column1804_8d566e-ac > .kt-inside-inner-col{flex-direction:column;justify-content:center;}}@media all and (max-width: 767px){.kadence-column1804_8d566e-ac > .kt-inside-inner-col{flex-direction:column;justify-content:center;}}<\/style>\n<div class=\"wp-block-kadence-column kadence-column1804_8d566e-ac kvs-lg-false kvs-md-false\"><div class=\"kt-inside-inner-col\">\n<div style=\"height:10px\" aria-hidden=\"true\" class=\"wp-block-spacer\"><\/div>\n<\/div><\/div>\n<\/div>","protected":false},"excerpt":{"rendered":"<p>AMS\/Arbeit muss sein&nbsp; StadtkinoMittwoch, 20. Mai 2026 I 20:00 Spielfilm | A 2026 | 100\u2032 | DF&nbsp; Sebastian Brauneis&nbsp; n [&hellip;]<\/p>\n","protected":false},"author":4,"featured_media":0,"parent":1488,"menu_order":5,"comment_status":"closed","ping_status":"closed","template":"","meta":{"site-sidebar-layout":"default","site-content-layout":"","ast-site-content-layout":"default","site-content-style":"default","site-sidebar-style":"default","ast-global-header-display":"","ast-banner-title-visibility":"","ast-main-header-display":"","ast-hfb-above-header-display":"","ast-hfb-below-header-display":"","ast-hfb-mobile-header-display":"","site-post-title":"disabled","ast-breadcrumbs-content":"","ast-featured-img":"","footer-sml-layout":"","ast-disable-related-posts":"","theme-transparent-header-meta":"","adv-header-id-meta":"","stick-header-meta":"","header-above-stick-meta":"","header-main-stick-meta":"","header-below-stick-meta":"","astra-migrate-meta-layouts":"default","ast-page-background-enabled":"default","ast-page-background-meta":{"desktop":{"background-color":"var(--ast-global-color-5)","background-image":"","background-repeat":"repeat","background-position":"center center","background-size":"auto","background-attachment":"scroll","background-type":"","background-media":"","overlay-type":"","overlay-color":"","overlay-opacity":"","overlay-gradient":""},"tablet":{"background-color":"","background-image":"","background-repeat":"repeat","background-position":"center center","background-size":"auto","background-attachment":"scroll","background-type":"","background-media":"","overlay-type":"","overlay-color":"","overlay-opacity":"","overlay-gradient":""},"mobile":{"background-color":"","background-image":"","background-repeat":"repeat","background-position":"center center","background-size":"auto","background-attachment":"scroll","background-type":"","background-media":"","overlay-type":"","overlay-color":"","overlay-opacity":"","overlay-gradient":""}},"ast-content-background-meta":{"desktop":{"background-color":"var(--ast-global-color-4)","background-image":"","background-repeat":"repeat","background-position":"center center","background-size":"auto","background-attachment":"scroll","background-type":"","background-media":"","overlay-type":"","overlay-color":"","overlay-opacity":"","overlay-gradient":""},"tablet":{"background-color":"var(--ast-global-color-4)","background-image":"","background-repeat":"repeat","background-position":"center center","background-size":"auto","background-attachment":"scroll","background-type":"","background-media":"","overlay-type":"","overlay-color":"","overlay-opacity":"","overlay-gradient":""},"mobile":{"background-color":"var(--ast-global-color-4)","background-image":"","background-repeat":"repeat","background-position":"center center","background-size":"auto","background-attachment":"scroll","background-type":"","background-media":"","overlay-type":"","overlay-color":"","overlay-opacity":"","overlay-gradient":""}},"footnotes":""},"class_list":["post-1804","page","type-page","status-publish","hentry"],"_links":{"self":[{"href":"https:\/\/arbeits-film-festival.at\/en\/wp-json\/wp\/v2\/pages\/1804","targetHints":{"allow":["GET"]}}],"collection":[{"href":"https:\/\/arbeits-film-festival.at\/en\/wp-json\/wp\/v2\/pages"}],"about":[{"href":"https:\/\/arbeits-film-festival.at\/en\/wp-json\/wp\/v2\/types\/page"}],"author":[{"embeddable":true,"href":"https:\/\/arbeits-film-festival.at\/en\/wp-json\/wp\/v2\/users\/4"}],"replies":[{"embeddable":true,"href":"https:\/\/arbeits-film-festival.at\/en\/wp-json\/wp\/v2\/comments?post=1804"}],"version-history":[{"count":3,"href":"https:\/\/arbeits-film-festival.at\/en\/wp-json\/wp\/v2\/pages\/1804\/revisions"}],"predecessor-version":[{"id":1903,"href":"https:\/\/arbeits-film-festival.at\/en\/wp-json\/wp\/v2\/pages\/1804\/revisions\/1903"}],"up":[{"embeddable":true,"href":"https:\/\/arbeits-film-festival.at\/en\/wp-json\/wp\/v2\/pages\/1488"}],"wp:attachment":[{"href":"https:\/\/arbeits-film-festival.at\/en\/wp-json\/wp\/v2\/media?parent=1804"}],"curies":[{"name":"wp","href":"https:\/\/api.w.org\/{rel}","templated":true}]}}