{"id":1821,"date":"2026-04-21T23:30:49","date_gmt":"2026-04-21T21:30:49","guid":{"rendered":"https:\/\/arbeits-film-festival.at\/?page_id=1821"},"modified":"2026-04-22T17:21:34","modified_gmt":"2026-04-22T15:21:34","slug":"2026-the-sealed-soil","status":"publish","type":"page","link":"https:\/\/arbeits-film-festival.at\/en\/waff\/2026-2\/2026-the-sealed-soil\/","title":{"rendered":"2026 &#8211; The Sealed Soil"},"content":{"rendered":"\n<div class=\"wp-block-columns alignfull has-background is-layout-flex wp-container-core-columns-is-layout-28f84493 wp-block-columns-is-layout-flex\" style=\"background-color:#6d76b7\">\n<div class=\"wp-block-column is-layout-flow wp-block-column-is-layout-flow\">\n<div style=\"height:30px\" aria-hidden=\"true\" class=\"wp-block-spacer\"><\/div>\n<\/div>\n<\/div>\n\n\n<style>.kb-row-layout-id1821_1c0388-72 > .kt-row-column-wrap{align-content:end;}:where(.kb-row-layout-id1821_1c0388-72 > .kt-row-column-wrap) > .wp-block-kadence-column{justify-content:end;}.kb-row-layout-id1821_1c0388-72 > .kt-row-column-wrap{column-gap:var(--global-kb-gap-md, 2rem);row-gap:var(--global-kb-gap-md, 2rem);min-height:100vh;grid-template-columns:minmax(0, 1fr);}.kb-row-layout-id1821_1c0388-72{background-color:#6d76b7;background-image:url('https:\/\/arbeits-film-festival.at\/wp-content\/uploads\/2026\/04\/1_The-Sealed-Soil-1-1-scaled.jpeg');background-size:cover;background-position:53% 85%;background-attachment:scroll;background-repeat:no-repeat;}.kb-row-layout-id1821_1c0388-72 > .kt-row-layout-overlay{opacity:0.30;}@media all and (max-width: 1024px){.kb-row-layout-id1821_1c0388-72 > .kt-row-column-wrap{grid-template-columns:minmax(0, 1fr);}}@media all and (max-width: 767px){.kb-row-layout-id1821_1c0388-72 > .kt-row-column-wrap{min-height:70vh;grid-template-columns:minmax(0, 1fr);}.kb-row-layout-id1821_1c0388-72 > .kt-row-column-wrap > .wp-block-kadence-column:nth-child(1 of *:not(style)){order:1;}.kb-row-layout-id1821_1c0388-72 > .kt-row-column-wrap > .wp-block-kadence-column:nth-child(2 of *:not(style)){order:11;}.kb-row-layout-id1821_1c0388-72 > .kt-row-column-wrap > .wp-block-kadence-column:nth-child(3 of *:not(style)){order:21;}.kb-row-layout-id1821_1c0388-72 > .kt-row-column-wrap > .wp-block-kadence-column:nth-child(4 of *:not(style)){order:31;}}<\/style><div style=\"background-image: url(https:\/\/arbeits-film-festival.at\/wp-content\/uploads\/2026\/04\/1_The-Sealed-Soil-1-1-scaled.jpeg);\" class=\"kb-row-layout-wrap kb-row-layout-id1821_1c0388-72 alignfull kt-row-has-bg wp-block-kadence-rowlayout\"><div class=\"kt-row-column-wrap kt-has-1-columns kt-row-layout-equal kt-tab-layout-inherit kt-mobile-layout-row kt-row-valign-bottom kt-inner-column-height-full\">\n<style>.kadence-column1821_82af60-1e > .kt-inside-inner-col,.kadence-column1821_82af60-1e > .kt-inside-inner-col:before{border-top-left-radius:0px;border-top-right-radius:0px;border-bottom-right-radius:0px;border-bottom-left-radius:0px;}.kadence-column1821_82af60-1e > .kt-inside-inner-col{column-gap:var(--global-kb-gap-sm, 1rem);}.kadence-column1821_82af60-1e > .kt-inside-inner-col{flex-direction:column;}.kadence-column1821_82af60-1e > .kt-inside-inner-col > .aligncenter{width:100%;}.kadence-column1821_82af60-1e > .kt-inside-inner-col:before{opacity:0.3;}.kadence-column1821_82af60-1e{position:relative;}@media all and (max-width: 1024px){.kadence-column1821_82af60-1e > .kt-inside-inner-col{flex-direction:column;justify-content:center;}}@media all and (max-width: 767px){.kadence-column1821_82af60-1e > .kt-inside-inner-col{flex-direction:column;justify-content:center;}}<\/style>\n<div class=\"wp-block-kadence-column kadence-column1821_82af60-1e\"><div class=\"kt-inside-inner-col\"><\/div><\/div>\n\n<\/div><\/div>\n\n\n<div class=\"wp-block-group alignfull has-background is-layout-flow wp-block-group-is-layout-flow\" style=\"background-color:#fef8eb;margin-top:0;margin-bottom:0;padding-top:4vw;padding-right:6vw;padding-bottom:10vw;padding-left:6vw\"><style>.kadence-column1821_f13a34-10 > .kt-inside-inner-col,.kadence-column1821_f13a34-10 > .kt-inside-inner-col:before{border-top-left-radius:0px;border-top-right-radius:0px;border-bottom-right-radius:0px;border-bottom-left-radius:0px;}.kadence-column1821_f13a34-10 > .kt-inside-inner-col{column-gap:var(--global-kb-gap-sm, 1rem);}.kadence-column1821_f13a34-10 > .kt-inside-inner-col{flex-direction:column;}.kadence-column1821_f13a34-10 > .kt-inside-inner-col > .aligncenter{width:100%;}.kadence-column1821_f13a34-10 > .kt-inside-inner-col:before{opacity:0.3;}.kadence-column1821_f13a34-10{position:relative;}@media all and (max-width: 1024px){.kadence-column1821_f13a34-10 > .kt-inside-inner-col{flex-direction:column;justify-content:center;}}@media all and (max-width: 767px){.kadence-column1821_f13a34-10 > .kt-inside-inner-col{flex-direction:column;justify-content:center;}}<\/style>\n<div class=\"wp-block-kadence-column kadence-column1821_f13a34-10 kvs-lg-false kvs-md-false\"><div class=\"kt-inside-inner-col\">\n<div style=\"height:10px\" aria-hidden=\"true\" class=\"wp-block-spacer\"><\/div>\n<\/div><\/div>\n\n\n\n<div class=\"wp-block-columns is-layout-flex wp-container-core-columns-is-layout-e0e4babd wp-block-columns-is-layout-flex\" style=\"padding-right:0;padding-left:0\">\n<div class=\"wp-block-column is-layout-flow wp-block-column-is-layout-flow\" style=\"flex-basis:66.66%\">\n<div class=\"wp-block-group is-vertical is-content-justification-left is-layout-flex wp-container-core-group-is-layout-cd911411 wp-block-group-is-layout-flex\" style=\"margin-top:0;margin-bottom:0\">\n<div class=\"wp-block-group is-layout-constrained wp-container-core-group-is-layout-e7a8db7c wp-block-group-is-layout-constrained\" style=\"margin-top:0;margin-bottom:0\">\n<p class=\"film-titel has-text-color\" style=\"color:#000000;margin-top:0;margin-bottom:0;font-size:66px;font-style:normal;font-weight:700;letter-spacing:0px;line-height:0.9;text-decoration:none;text-transform:none\">The Sealed Soil<\/p>\n\n\n\n<p class=\"film-ortdatauhr has-text-color\" style=\"color:#000000;margin-top:var(--wp--preset--spacing--50);margin-bottom:var(--wp--preset--spacing--50);font-size:28px;font-style:normal;font-weight:600;letter-spacing:0px;line-height:1.2;text-decoration:none;text-transform:none\"><strong><strong><strong>Filmmuseum<\/strong><\/strong><\/strong><br><strong><strong>Mittwoch, 27. Mai 2026<\/strong><\/strong> <strong>I 18.00 Uhr<\/strong><\/p>\n\n\n\n<p class=\"film-sub has-text-color\" style=\"color:#000000;margin-top:var(--wp--preset--spacing--50);margin-bottom:0;font-size:16px;font-style:normal;font-weight:700;letter-spacing:0px;line-height:1.2;text-decoration:none;text-transform:none\"><strong><strong><strong>Drama | IR 1977 | 90\u2019 | OmeU (Persisch mit engl. UT)<\/strong><\/strong><\/strong><\/p>\n\n\n\n<p><strong>Marva Nabili<\/strong><\/p>\n<\/div>\n<\/div>\n<\/div>\n\n\n\n<div class=\"wp-block-column is-layout-flow wp-block-column-is-layout-flow\" style=\"padding-right:0;padding-left:0;flex-basis:33.3%\">\n<div class=\"wp-block-buttons is-content-justification-right is-layout-flex wp-container-core-buttons-is-layout-c133f063 wp-block-buttons-is-layout-flex\">\n<div class=\"wp-block-button hover-preto is-style-fill film-button\"><a class=\"wp-block-button__link has-large-font-size has-custom-font-size wp-element-button\"><strong>TICKETS<\/strong><\/a><\/div>\n<\/div>\n<\/div>\n<\/div>\n\n\n\n<div class=\"wp-block-columns is-layout-flex wp-container-core-columns-is-layout-7abde1fe wp-block-columns-is-layout-flex\" style=\"padding-top:var(--wp--preset--spacing--40);padding-bottom:var(--wp--preset--spacing--40)\">\n<div class=\"wp-block-column is-layout-flow wp-block-column-is-layout-flow\">\n<p>Marva Nabilis in Vergessenheit geratener Spielfilm entstand 1977 und portr\u00e4tiert eine junge Iranerin, die nach dem Rhythmus des Alltags in ihrem Dorf lebt, einer Gemeinde in der N\u00e4he von Dezful im S\u00fcden des Landes. Ihre Tage sind bestimmt von den sich wiederholenden Mustern des h\u00e4uslichen Lebens, bis sie sich schlie\u00dflich sowohl privat als auch \u00f6ffentlich dagegen auflehnt. \u201eThe Sealed Soil\u201c<em> <\/em>war Nabilis Ab\u00adschlussarbeit, als linke Filmstudentin reflektiert sie darin nur zwei Jah\u00adre vor der iranischen Revolution Themen wie die t\u00e4gliche Hausarbeit, die Vertreibung ethnischer Gemeinschaften aus ihrer Heimat unter der Pahlavi-Monarchie sowie die Verschleierung von Frauenk\u00f6rpern und r\u00fcckt damit die stillen K\u00e4mpfe des Widerstands in den Vorder\u00adgrund. Obwohl bei seiner Premiere 1977 in London von der Kritik ge\u00adfeiert, wurde der Film aufgrund der iranischen Revolution von 1979 nie im Iran gezeigt. Bis zu seiner Restaurierung im Jahr 2024 blieb \u201eThe Sealed Soil\u201c<em> <\/em>weitgehend unbekannt. (<em>Filmmuseum<\/em>)&nbsp;<\/p>\n\n\n\n<p><em>\u201e\u2018Versiegelte Erde\u2018 [\u2026] ist ein stiller Film \u00fcber eine junge Frau, die ihr Recht auf die Sinnlichkeit der Welt einfordert.&nbsp; [\u2026] Der Film ber\u00fchrt durch die Sch\u00f6nheit seiner intimen Bilder. Sie sind komponiert wie persische Miniaturmalereien, in denen der Mensch wenig Raum einnimmt, damit sich die Fantasie umso freier entfalten kann.\u201c <\/em><em>(T. Dannenberg, Perlentaucher)<\/em>&nbsp;<\/p>\n\n\n\n<p><em>\u201eA hidden landmark.\u201c (J. Hoberman, New York Times)<\/em>&nbsp;<\/p>\n\n\n\n<p><em>\u201eAtemberaubend in seiner inszenatorischen Raffinesse und Zur\u00fcckhaltung und schonungslos in seiner Kritik an institutionalisierter Frauenfeindlichkeit, ist dies ein viel zu lange \u00fcbersehenes Meisterwerk des Weltkinos.\u201c -\u202fVenera Films<\/em>&nbsp;<\/p>\n\n\n\n<p><strong>Sondervorf\u00fchrung im \u00d6sterreichischen Filmmuseum in Kooperation mit dem Haus der Geschichte \u00d6sterreich (hdg\u00f6) im Rahmen der Ausstellung \u201eAlles Arbeit. Frauen zwischen Erwerbs- und Sorget\u00e4tigkeit, Fotoarchiv Blaschka 1950\u20131966\u201c, 29. J\u00e4nner 2026\u201310. J\u00e4nner 2027, Alma Ros\u00e9-Plateau<\/strong>&nbsp;<\/p>\n\n\n\n<p><\/p>\n<\/div>\n<\/div>\n\n\n\n<div style=\"height:1vw\" aria-hidden=\"true\" class=\"wp-block-spacer\"><\/div>\n\n\n\n<figure class=\"wp-block-embed is-type-video is-provider-youtube wp-block-embed-youtube wp-embed-aspect-16-9 wp-has-aspect-ratio\"><div class=\"wp-block-embed__wrapper\">\n<iframe loading=\"lazy\" title=\"THE SEALED SOIL - Official Trailer (4K Restoration)\" width=\"500\" height=\"281\" src=\"https:\/\/www.youtube.com\/embed\/ndn0_J_A1Y8?feature=oembed\" frameborder=\"0\" allow=\"accelerometer; autoplay; clipboard-write; encrypted-media; gyroscope; picture-in-picture; web-share\" referrerpolicy=\"strict-origin-when-cross-origin\" allowfullscreen><\/iframe>\n<\/div><\/figure>\n\n\n<style>.kadence-column1821_606978-e0 > .kt-inside-inner-col,.kadence-column1821_606978-e0 > .kt-inside-inner-col:before{border-top-left-radius:0px;border-top-right-radius:0px;border-bottom-right-radius:0px;border-bottom-left-radius:0px;}.kadence-column1821_606978-e0 > .kt-inside-inner-col{column-gap:var(--global-kb-gap-sm, 1rem);}.kadence-column1821_606978-e0 > .kt-inside-inner-col{flex-direction:column;}.kadence-column1821_606978-e0 > .kt-inside-inner-col > .aligncenter{width:100%;}.kadence-column1821_606978-e0 > .kt-inside-inner-col:before{opacity:0.3;}.kadence-column1821_606978-e0{position:relative;}@media all and (max-width: 1024px){.kadence-column1821_606978-e0 > .kt-inside-inner-col{flex-direction:column;justify-content:center;}}@media all and (max-width: 767px){.kadence-column1821_606978-e0 > .kt-inside-inner-col{flex-direction:column;justify-content:center;}}<\/style>\n<div class=\"wp-block-kadence-column kadence-column1821_606978-e0 kvs-lg-false kvs-md-false\"><div class=\"kt-inside-inner-col\">\n<div style=\"height:10px\" aria-hidden=\"true\" class=\"wp-block-spacer\"><\/div>\n<\/div><\/div>\n<\/div>\n","protected":false},"excerpt":{"rendered":"<p>The Sealed Soil FilmmuseumMittwoch, 27. Mai 2026 I 18.00 Uhr Drama | IR 1977 | 90\u2019 | OmeU (Persisch mit [&hellip;]<\/p>\n","protected":false},"author":4,"featured_media":0,"parent":1488,"menu_order":11,"comment_status":"closed","ping_status":"closed","template":"","meta":{"site-sidebar-layout":"default","site-content-layout":"","ast-site-content-layout":"default","site-content-style":"default","site-sidebar-style":"default","ast-global-header-display":"","ast-banner-title-visibility":"","ast-main-header-display":"","ast-hfb-above-header-display":"","ast-hfb-below-header-display":"","ast-hfb-mobile-header-display":"","site-post-title":"disabled","ast-breadcrumbs-content":"","ast-featured-img":"","footer-sml-layout":"","ast-disable-related-posts":"","theme-transparent-header-meta":"","adv-header-id-meta":"","stick-header-meta":"","header-above-stick-meta":"","header-main-stick-meta":"","header-below-stick-meta":"","astra-migrate-meta-layouts":"default","ast-page-background-enabled":"default","ast-page-background-meta":{"desktop":{"background-color":"var(--ast-global-color-5)","background-image":"","background-repeat":"repeat","background-position":"center center","background-size":"auto","background-attachment":"scroll","background-type":"","background-media":"","overlay-type":"","overlay-color":"","overlay-opacity":"","overlay-gradient":""},"tablet":{"background-color":"","background-image":"","background-repeat":"repeat","background-position":"center center","background-size":"auto","background-attachment":"scroll","background-type":"","background-media":"","overlay-type":"","overlay-color":"","overlay-opacity":"","overlay-gradient":""},"mobile":{"background-color":"","background-image":"","background-repeat":"repeat","background-position":"center center","background-size":"auto","background-attachment":"scroll","background-type":"","background-media":"","overlay-type":"","overlay-color":"","overlay-opacity":"","overlay-gradient":""}},"ast-content-background-meta":{"desktop":{"background-color":"var(--ast-global-color-4)","background-image":"","background-repeat":"repeat","background-position":"center center","background-size":"auto","background-attachment":"scroll","background-type":"","background-media":"","overlay-type":"","overlay-color":"","overlay-opacity":"","overlay-gradient":""},"tablet":{"background-color":"var(--ast-global-color-4)","background-image":"","background-repeat":"repeat","background-position":"center center","background-size":"auto","background-attachment":"scroll","background-type":"","background-media":"","overlay-type":"","overlay-color":"","overlay-opacity":"","overlay-gradient":""},"mobile":{"background-color":"var(--ast-global-color-4)","background-image":"","background-repeat":"repeat","background-position":"center center","background-size":"auto","background-attachment":"scroll","background-type":"","background-media":"","overlay-type":"","overlay-color":"","overlay-opacity":"","overlay-gradient":""}},"footnotes":""},"class_list":["post-1821","page","type-page","status-publish","hentry"],"_links":{"self":[{"href":"https:\/\/arbeits-film-festival.at\/en\/wp-json\/wp\/v2\/pages\/1821","targetHints":{"allow":["GET"]}}],"collection":[{"href":"https:\/\/arbeits-film-festival.at\/en\/wp-json\/wp\/v2\/pages"}],"about":[{"href":"https:\/\/arbeits-film-festival.at\/en\/wp-json\/wp\/v2\/types\/page"}],"author":[{"embeddable":true,"href":"https:\/\/arbeits-film-festival.at\/en\/wp-json\/wp\/v2\/users\/4"}],"replies":[{"embeddable":true,"href":"https:\/\/arbeits-film-festival.at\/en\/wp-json\/wp\/v2\/comments?post=1821"}],"version-history":[{"count":4,"href":"https:\/\/arbeits-film-festival.at\/en\/wp-json\/wp\/v2\/pages\/1821\/revisions"}],"predecessor-version":[{"id":1910,"href":"https:\/\/arbeits-film-festival.at\/en\/wp-json\/wp\/v2\/pages\/1821\/revisions\/1910"}],"up":[{"embeddable":true,"href":"https:\/\/arbeits-film-festival.at\/en\/wp-json\/wp\/v2\/pages\/1488"}],"wp:attachment":[{"href":"https:\/\/arbeits-film-festival.at\/en\/wp-json\/wp\/v2\/media?parent=1821"}],"curies":[{"name":"wp","href":"https:\/\/api.w.org\/{rel}","templated":true}]}}