{"id":1827,"date":"2026-04-21T23:30:49","date_gmt":"2026-04-21T21:30:49","guid":{"rendered":"https:\/\/arbeits-film-festival.at\/?page_id=1827"},"modified":"2026-04-22T17:22:42","modified_gmt":"2026-04-22T15:22:42","slug":"2026-stoff-ein-spitzengeschaeft","status":"publish","type":"page","link":"https:\/\/arbeits-film-festival.at\/en\/waff\/2026-2\/2026-stoff-ein-spitzengeschaeft\/","title":{"rendered":"2026 &#8211; Stoff \u2013 ein Spitzengesch\u00e4ft"},"content":{"rendered":"\n<div class=\"wp-block-columns alignfull has-background is-layout-flex wp-container-core-columns-is-layout-28f84493 wp-block-columns-is-layout-flex\" style=\"background-color:#6d76b7\">\n<div class=\"wp-block-column is-layout-flow wp-block-column-is-layout-flow\">\n<div style=\"height:30px\" aria-hidden=\"true\" class=\"wp-block-spacer\"><\/div>\n<\/div>\n<\/div>\n\n\n<style>.kb-row-layout-id1827_b96406-26 > .kt-row-column-wrap{align-content:end;}:where(.kb-row-layout-id1827_b96406-26 > .kt-row-column-wrap) > .wp-block-kadence-column{justify-content:end;}.kb-row-layout-id1827_b96406-26 > .kt-row-column-wrap{column-gap:var(--global-kb-gap-md, 2rem);row-gap:var(--global-kb-gap-md, 2rem);min-height:100vh;grid-template-columns:minmax(0, 1fr);}.kb-row-layout-id1827_b96406-26{background-color:#6d76b7;background-image:url('https:\/\/arbeits-film-festival.at\/wp-content\/uploads\/2026\/04\/1_Stoff.jpg');background-size:cover;background-position:53% 85%;background-attachment:scroll;background-repeat:no-repeat;}.kb-row-layout-id1827_b96406-26 > .kt-row-layout-overlay{opacity:0.30;}@media all and (max-width: 1024px){.kb-row-layout-id1827_b96406-26 > .kt-row-column-wrap{grid-template-columns:minmax(0, 1fr);}}@media all and (max-width: 767px){.kb-row-layout-id1827_b96406-26 > .kt-row-column-wrap{min-height:70vh;grid-template-columns:minmax(0, 1fr);}.kb-row-layout-id1827_b96406-26 > .kt-row-column-wrap > .wp-block-kadence-column:nth-child(1 of *:not(style)){order:1;}.kb-row-layout-id1827_b96406-26 > .kt-row-column-wrap > .wp-block-kadence-column:nth-child(2 of *:not(style)){order:11;}.kb-row-layout-id1827_b96406-26 > .kt-row-column-wrap > .wp-block-kadence-column:nth-child(3 of *:not(style)){order:21;}.kb-row-layout-id1827_b96406-26 > .kt-row-column-wrap > .wp-block-kadence-column:nth-child(4 of *:not(style)){order:31;}}<\/style><div style=\"background-image: url(https:\/\/arbeits-film-festival.at\/wp-content\/uploads\/2026\/04\/1_Stoff.jpg);\" class=\"kb-row-layout-wrap kb-row-layout-id1827_b96406-26 alignfull kt-row-has-bg wp-block-kadence-rowlayout\"><div class=\"kt-row-column-wrap kt-has-1-columns kt-row-layout-equal kt-tab-layout-inherit kt-mobile-layout-row kt-row-valign-bottom kt-inner-column-height-full\">\n<style>.kadence-column1827_288d8b-9a > .kt-inside-inner-col,.kadence-column1827_288d8b-9a > .kt-inside-inner-col:before{border-top-left-radius:0px;border-top-right-radius:0px;border-bottom-right-radius:0px;border-bottom-left-radius:0px;}.kadence-column1827_288d8b-9a > .kt-inside-inner-col{column-gap:var(--global-kb-gap-sm, 1rem);}.kadence-column1827_288d8b-9a > .kt-inside-inner-col{flex-direction:column;}.kadence-column1827_288d8b-9a > .kt-inside-inner-col > .aligncenter{width:100%;}.kadence-column1827_288d8b-9a > .kt-inside-inner-col:before{opacity:0.3;}.kadence-column1827_288d8b-9a{position:relative;}@media all and (max-width: 1024px){.kadence-column1827_288d8b-9a > .kt-inside-inner-col{flex-direction:column;justify-content:center;}}@media all and (max-width: 767px){.kadence-column1827_288d8b-9a > .kt-inside-inner-col{flex-direction:column;justify-content:center;}}<\/style>\n<div class=\"wp-block-kadence-column kadence-column1827_288d8b-9a\"><div class=\"kt-inside-inner-col\"><\/div><\/div>\n\n<\/div><\/div>\n\n\n<div class=\"wp-block-group alignfull has-background is-layout-flow wp-block-group-is-layout-flow\" style=\"background-color:#fef8eb;margin-top:0;margin-bottom:0;padding-top:4vw;padding-right:6vw;padding-bottom:10vw;padding-left:6vw\"><style>.kadence-column1827_363c6e-17 > .kt-inside-inner-col,.kadence-column1827_363c6e-17 > .kt-inside-inner-col:before{border-top-left-radius:0px;border-top-right-radius:0px;border-bottom-right-radius:0px;border-bottom-left-radius:0px;}.kadence-column1827_363c6e-17 > .kt-inside-inner-col{column-gap:var(--global-kb-gap-sm, 1rem);}.kadence-column1827_363c6e-17 > .kt-inside-inner-col{flex-direction:column;}.kadence-column1827_363c6e-17 > .kt-inside-inner-col > .aligncenter{width:100%;}.kadence-column1827_363c6e-17 > .kt-inside-inner-col:before{opacity:0.3;}.kadence-column1827_363c6e-17{position:relative;}@media all and (max-width: 1024px){.kadence-column1827_363c6e-17 > .kt-inside-inner-col{flex-direction:column;justify-content:center;}}@media all and (max-width: 767px){.kadence-column1827_363c6e-17 > .kt-inside-inner-col{flex-direction:column;justify-content:center;}}<\/style>\n<div class=\"wp-block-kadence-column kadence-column1827_363c6e-17 kvs-lg-false kvs-md-false\"><div class=\"kt-inside-inner-col\">\n<div style=\"height:10px\" aria-hidden=\"true\" class=\"wp-block-spacer\"><\/div>\n<\/div><\/div>\n\n\n\n<div class=\"wp-block-columns is-layout-flex wp-container-core-columns-is-layout-e0e4babd wp-block-columns-is-layout-flex\" style=\"padding-right:0;padding-left:0\">\n<div class=\"wp-block-column is-layout-flow wp-block-column-is-layout-flow\" style=\"flex-basis:66.66%\">\n<div class=\"wp-block-group is-vertical is-content-justification-left is-layout-flex wp-container-core-group-is-layout-cd911411 wp-block-group-is-layout-flex\" style=\"margin-top:0;margin-bottom:0\">\n<div class=\"wp-block-group is-layout-constrained wp-container-core-group-is-layout-e7a8db7c wp-block-group-is-layout-constrained\" style=\"margin-top:0;margin-bottom:0\">\n<p class=\"film-titel has-text-color\" style=\"color:#000000;margin-top:0;margin-bottom:0;font-size:66px;font-style:normal;font-weight:700;letter-spacing:0px;line-height:0.9;text-decoration:none;text-transform:none\">Stoff \u2013 ein Spitzengesch\u00e4ft<\/p>\n\n\n\n<p class=\"film-ortdatauhr has-text-color\" style=\"color:#000000;margin-top:var(--wp--preset--spacing--50);margin-bottom:var(--wp--preset--spacing--50);font-size:28px;font-style:normal;font-weight:600;letter-spacing:0px;line-height:1.2;text-decoration:none;text-transform:none\"><strong><strong>Stadtkino<\/strong><\/strong><br><strong><strong>Montag, 29. Juni 2026, 9.00 Uhr<\/strong><\/strong> <strong>I 9.00 Uhr<\/strong><\/p>\n\n\n\n<p class=\"film-sub has-text-color\" style=\"color:#000000;margin-top:var(--wp--preset--spacing--50);margin-bottom:0;font-size:16px;font-style:normal;font-weight:700;letter-spacing:0px;line-height:1.2;text-decoration:none;text-transform:none\"><strong><strong>Dokumentation | A 2025 | 88\u2018 | D<\/strong>F<\/strong><\/p>\n\n\n\n<p><strong><strong>Katharina Weingartner, Anette Baldauf, Joana Adesuwa Reiterer, Chioma Onyenwe<\/strong><\/strong><\/p>\n<\/div>\n<\/div>\n<\/div>\n\n\n\n<div class=\"wp-block-column is-layout-flow wp-block-column-is-layout-flow\" style=\"padding-right:0;padding-left:0;flex-basis:33.3%\">\n<div class=\"wp-block-buttons is-content-justification-right is-layout-flex wp-container-core-buttons-is-layout-c133f063 wp-block-buttons-is-layout-flex\">\n<div class=\"wp-block-button hover-preto is-style-fill film-button\"><a class=\"wp-block-button__link has-large-font-size has-custom-font-size wp-element-button\"><strong>TICKETS<\/strong><\/a><\/div>\n<\/div>\n<\/div>\n<\/div>\n\n\n\n<div class=\"wp-block-columns is-layout-flex wp-container-core-columns-is-layout-7abde1fe wp-block-columns-is-layout-flex\" style=\"padding-top:var(--wp--preset--spacing--40);padding-bottom:var(--wp--preset--spacing--40)\">\n<div class=\"wp-block-column is-layout-flow wp-block-column-is-layout-flow\">\n<p>\u201eStoff \u2013 ein Spitzengesch\u00e4ft\u201c zeichnet ein vielschichtiges Bild globaler Textilstr\u00f6me \u2013 von den Stoffm\u00e4rkten in Lagos \u00fcber Stickereifabriken in Lustenau bis zu den historischen Wurzeln europ\u00e4ischen Wohlstands. Der Film macht koloniale Handelsverflechtungen sichtbar und zeigt, wie diese bis heute fortwirken.&nbsp;<\/p>\n\n\n\n<p>Im Zentrum steht die Begegnung zwischen der nigerianischen Journalistin Ireti Bakare-Yusuf und der ehemaligen Vorarlberger Exportmanagerin Margarethe B\u00f6sch. Zwei Frauen, verbunden durch ein weitgehend unsichtbares Handelsnetz, das tief in kolonialen Strukturen verankert ist. Nigeria erscheint dabei nicht nur als Absatzmarkt, sondern als dynamischer Ort von Wissen, Handel und kreativem Kapital \u2013 gepr\u00e4gt auch durch Akteurinnen wie Iretis Mutter, die \u00fcber Jahrzehnte im Textilhandel t\u00e4tig war.&nbsp;<\/p>\n\n\n\n<p>Aus dieser Perspektive entfaltet der Film die historischen Grundlagen europ\u00e4ischen Reichtums: Leinenstoffe dienten einst als W\u00e4hrung im transatlantischen Handel mit Versklavten, Baumwolle aus den US-S\u00fcdstaaten wurde zum \u201ewei\u00dfen Gold\u201c. So wird die Geschichte der Textilien als Geschichte von Ausbeutung, Gewalt und kultureller Aneignung lesbar \u2013 mit Nachwirkungen bis in die Gegenwart.&nbsp;<\/p>\n\n\n\n<p><em>\u201eLace is not just an adornment. It\u2019s a map.\u201c &#8211; Chioma Onyenwe<\/em>&nbsp;<\/p>\n\n\n\n<p>\u201e<em>Dieser Dokumentarfilm enth\u00fcllt die verborgenen Verbindungen zwischen Lagos, \u00d6sterreich und der kolonialen Erinnerung. [&#8230;] der Film landet einen emotionalen Volltreffer: Er macht die unsichtbaren Mechanismen sichtbar \u2013 koloniale Ausbeutung, globales Kapital und kulturelle Ausl\u00f6schung \u2013, die seit langem bestimmen, was bestimmte Kulturen gewinnen und andere verlieren.<\/em>\u201c \u2013 PULSE&nbsp;<\/p>\n\n\n\n<p><em>Der Film eignet sich besonders f\u00fcr Sch\u00fcler:innen von Modeschulen und Lehrlinge in Textilberufen. Er bietet zudem Ankn\u00fcpfungspunkte f\u00fcr den Unterricht in Geschichte und Politischer Bildung sowie Geografie und wirtschaftlicher Bildung in der Oberstufe.&nbsp;<\/em>&nbsp;<\/p>\n\n\n\n<p><strong>Mit Vermittlungsangebot durch Studierende der Mode- und Designp\u00e4dagogik<\/strong><br><\/p>\n\n\n\n<p><\/p>\n<\/div>\n<\/div>\n\n\n\n<div style=\"height:1vw\" aria-hidden=\"true\" class=\"wp-block-spacer\"><\/div>\n\n\n\n<figure class=\"wp-block-embed is-type-video is-provider-youtube wp-block-embed-youtube wp-embed-aspect-16-9 wp-has-aspect-ratio\"><div class=\"wp-block-embed__wrapper\">\n<iframe loading=\"lazy\" title=\"STOFF \u2013 EIN SPITZENGESCH\u00c4FT Trailer \u2013 ab 30. J\u00e4nner im Kino!\" width=\"500\" height=\"281\" src=\"https:\/\/www.youtube.com\/embed\/TUHHGwXvA9o?feature=oembed\" frameborder=\"0\" allow=\"accelerometer; autoplay; clipboard-write; encrypted-media; gyroscope; picture-in-picture; web-share\" referrerpolicy=\"strict-origin-when-cross-origin\" allowfullscreen><\/iframe>\n<\/div><\/figure>\n\n\n<style>.kadence-column1827_69be32-73 > .kt-inside-inner-col,.kadence-column1827_69be32-73 > .kt-inside-inner-col:before{border-top-left-radius:0px;border-top-right-radius:0px;border-bottom-right-radius:0px;border-bottom-left-radius:0px;}.kadence-column1827_69be32-73 > .kt-inside-inner-col{column-gap:var(--global-kb-gap-sm, 1rem);}.kadence-column1827_69be32-73 > .kt-inside-inner-col{flex-direction:column;}.kadence-column1827_69be32-73 > .kt-inside-inner-col > .aligncenter{width:100%;}.kadence-column1827_69be32-73 > .kt-inside-inner-col:before{opacity:0.3;}.kadence-column1827_69be32-73{position:relative;}@media all and (max-width: 1024px){.kadence-column1827_69be32-73 > .kt-inside-inner-col{flex-direction:column;justify-content:center;}}@media all and (max-width: 767px){.kadence-column1827_69be32-73 > .kt-inside-inner-col{flex-direction:column;justify-content:center;}}<\/style>\n<div class=\"wp-block-kadence-column kadence-column1827_69be32-73 kvs-lg-false kvs-md-false\"><div class=\"kt-inside-inner-col\">\n<div style=\"height:10px\" aria-hidden=\"true\" class=\"wp-block-spacer\"><\/div>\n<\/div><\/div>\n<\/div>\n","protected":false},"excerpt":{"rendered":"<p>Stoff \u2013 ein Spitzengesch\u00e4ft StadtkinoMontag, 29. Juni 2026, 9.00 Uhr I 9.00 Uhr Dokumentation | A 2025 | 88\u2018 | [&hellip;]<\/p>\n","protected":false},"author":4,"featured_media":0,"parent":1488,"menu_order":13,"comment_status":"closed","ping_status":"closed","template":"","meta":{"site-sidebar-layout":"default","site-content-layout":"","ast-site-content-layout":"default","site-content-style":"default","site-sidebar-style":"default","ast-global-header-display":"","ast-banner-title-visibility":"","ast-main-header-display":"","ast-hfb-above-header-display":"","ast-hfb-below-header-display":"","ast-hfb-mobile-header-display":"","site-post-title":"disabled","ast-breadcrumbs-content":"","ast-featured-img":"","footer-sml-layout":"","ast-disable-related-posts":"","theme-transparent-header-meta":"","adv-header-id-meta":"","stick-header-meta":"","header-above-stick-meta":"","header-main-stick-meta":"","header-below-stick-meta":"","astra-migrate-meta-layouts":"default","ast-page-background-enabled":"default","ast-page-background-meta":{"desktop":{"background-color":"var(--ast-global-color-5)","background-image":"","background-repeat":"repeat","background-position":"center center","background-size":"auto","background-attachment":"scroll","background-type":"","background-media":"","overlay-type":"","overlay-color":"","overlay-opacity":"","overlay-gradient":""},"tablet":{"background-color":"","background-image":"","background-repeat":"repeat","background-position":"center center","background-size":"auto","background-attachment":"scroll","background-type":"","background-media":"","overlay-type":"","overlay-color":"","overlay-opacity":"","overlay-gradient":""},"mobile":{"background-color":"","background-image":"","background-repeat":"repeat","background-position":"center center","background-size":"auto","background-attachment":"scroll","background-type":"","background-media":"","overlay-type":"","overlay-color":"","overlay-opacity":"","overlay-gradient":""}},"ast-content-background-meta":{"desktop":{"background-color":"var(--ast-global-color-4)","background-image":"","background-repeat":"repeat","background-position":"center center","background-size":"auto","background-attachment":"scroll","background-type":"","background-media":"","overlay-type":"","overlay-color":"","overlay-opacity":"","overlay-gradient":""},"tablet":{"background-color":"var(--ast-global-color-4)","background-image":"","background-repeat":"repeat","background-position":"center center","background-size":"auto","background-attachment":"scroll","background-type":"","background-media":"","overlay-type":"","overlay-color":"","overlay-opacity":"","overlay-gradient":""},"mobile":{"background-color":"var(--ast-global-color-4)","background-image":"","background-repeat":"repeat","background-position":"center center","background-size":"auto","background-attachment":"scroll","background-type":"","background-media":"","overlay-type":"","overlay-color":"","overlay-opacity":"","overlay-gradient":""}},"footnotes":""},"class_list":["post-1827","page","type-page","status-publish","hentry"],"_links":{"self":[{"href":"https:\/\/arbeits-film-festival.at\/en\/wp-json\/wp\/v2\/pages\/1827","targetHints":{"allow":["GET"]}}],"collection":[{"href":"https:\/\/arbeits-film-festival.at\/en\/wp-json\/wp\/v2\/pages"}],"about":[{"href":"https:\/\/arbeits-film-festival.at\/en\/wp-json\/wp\/v2\/types\/page"}],"author":[{"embeddable":true,"href":"https:\/\/arbeits-film-festival.at\/en\/wp-json\/wp\/v2\/users\/4"}],"replies":[{"embeddable":true,"href":"https:\/\/arbeits-film-festival.at\/en\/wp-json\/wp\/v2\/comments?post=1827"}],"version-history":[{"count":4,"href":"https:\/\/arbeits-film-festival.at\/en\/wp-json\/wp\/v2\/pages\/1827\/revisions"}],"predecessor-version":[{"id":1912,"href":"https:\/\/arbeits-film-festival.at\/en\/wp-json\/wp\/v2\/pages\/1827\/revisions\/1912"}],"up":[{"embeddable":true,"href":"https:\/\/arbeits-film-festival.at\/en\/wp-json\/wp\/v2\/pages\/1488"}],"wp:attachment":[{"href":"https:\/\/arbeits-film-festival.at\/en\/wp-json\/wp\/v2\/media?parent=1827"}],"curies":[{"name":"wp","href":"https:\/\/api.w.org\/{rel}","templated":true}]}}