{"id":1829,"date":"2026-04-21T23:30:49","date_gmt":"2026-04-21T21:30:49","guid":{"rendered":"https:\/\/arbeits-film-festival.at\/?page_id=1829"},"modified":"2026-04-22T17:23:09","modified_gmt":"2026-04-22T15:23:09","slug":"2026-ein-tag-ohne-frauen","status":"publish","type":"page","link":"https:\/\/arbeits-film-festival.at\/en\/waff\/2026-2\/2026-ein-tag-ohne-frauen\/","title":{"rendered":"2026 &#8211; Ein Tag ohne Frauen"},"content":{"rendered":"<div class=\"wp-block-columns alignfull has-background is-layout-flex wp-container-core-columns-is-layout-28f84493 wp-block-columns-is-layout-flex\" style=\"background-color:#6d76b7\">\n<div class=\"wp-block-column is-layout-flow wp-block-column-is-layout-flow\">\n<div style=\"height:30px\" aria-hidden=\"true\" class=\"wp-block-spacer\"><\/div>\n<\/div>\n<\/div>\n\n\n<style>.kb-row-layout-id1829_c375c5-09 > .kt-row-column-wrap{align-content:end;}:where(.kb-row-layout-id1829_c375c5-09 > .kt-row-column-wrap) > .wp-block-kadence-column{justify-content:end;}.kb-row-layout-id1829_c375c5-09 > .kt-row-column-wrap{column-gap:var(--global-kb-gap-md, 2rem);row-gap:var(--global-kb-gap-md, 2rem);min-height:100vh;grid-template-columns:minmax(0, 1fr);}.kb-row-layout-id1829_c375c5-09{background-color:#6d76b7;background-image:url('https:\/\/arbeits-film-festival.at\/wp-content\/uploads\/2026\/04\/1_EinTagOhneFrauen_-Protest-Radio\u252c\u00aeRiseandShineCinema.png');background-size:cover;background-position:53% 85%;background-attachment:scroll;background-repeat:no-repeat;}.kb-row-layout-id1829_c375c5-09 > .kt-row-layout-overlay{opacity:0.30;}@media all and (max-width: 1024px){.kb-row-layout-id1829_c375c5-09 > .kt-row-column-wrap{grid-template-columns:minmax(0, 1fr);}}@media all and (max-width: 767px){.kb-row-layout-id1829_c375c5-09 > .kt-row-column-wrap{min-height:70vh;grid-template-columns:minmax(0, 1fr);}.kb-row-layout-id1829_c375c5-09 > .kt-row-column-wrap > .wp-block-kadence-column:nth-child(1 of *:not(style)){order:1;}.kb-row-layout-id1829_c375c5-09 > .kt-row-column-wrap > .wp-block-kadence-column:nth-child(2 of *:not(style)){order:11;}.kb-row-layout-id1829_c375c5-09 > .kt-row-column-wrap > .wp-block-kadence-column:nth-child(3 of *:not(style)){order:21;}.kb-row-layout-id1829_c375c5-09 > .kt-row-column-wrap > .wp-block-kadence-column:nth-child(4 of *:not(style)){order:31;}}<\/style><div style=\"background-image: url(https:\/\/arbeits-film-festival.at\/wp-content\/uploads\/2026\/04\/1_EinTagOhneFrauen_-Protest-Radio\u252c\u00aeRiseandShineCinema.png);\" class=\"kb-row-layout-wrap kb-row-layout-id1829_c375c5-09 alignfull kt-row-has-bg wp-block-kadence-rowlayout\"><div class=\"kt-row-column-wrap kt-has-1-columns kt-row-layout-equal kt-tab-layout-inherit kt-mobile-layout-row kt-row-valign-bottom kt-inner-column-height-full\">\n<style>.kadence-column1829_e196ee-60 > .kt-inside-inner-col,.kadence-column1829_e196ee-60 > .kt-inside-inner-col:before{border-top-left-radius:0px;border-top-right-radius:0px;border-bottom-right-radius:0px;border-bottom-left-radius:0px;}.kadence-column1829_e196ee-60 > .kt-inside-inner-col{column-gap:var(--global-kb-gap-sm, 1rem);}.kadence-column1829_e196ee-60 > .kt-inside-inner-col{flex-direction:column;}.kadence-column1829_e196ee-60 > .kt-inside-inner-col > .aligncenter{width:100%;}.kadence-column1829_e196ee-60 > .kt-inside-inner-col:before{opacity:0.3;}.kadence-column1829_e196ee-60{position:relative;}@media all and (max-width: 1024px){.kadence-column1829_e196ee-60 > .kt-inside-inner-col{flex-direction:column;justify-content:center;}}@media all and (max-width: 767px){.kadence-column1829_e196ee-60 > .kt-inside-inner-col{flex-direction:column;justify-content:center;}}<\/style>\n<div class=\"wp-block-kadence-column kadence-column1829_e196ee-60\"><div class=\"kt-inside-inner-col\"><\/div><\/div>\n\n<\/div><\/div>\n\n\n<div class=\"wp-block-group alignfull has-background is-layout-flow wp-block-group-is-layout-flow\" style=\"background-color:#fef8eb;margin-top:0;margin-bottom:0;padding-top:4vw;padding-right:6vw;padding-bottom:10vw;padding-left:6vw\"><style>.kadence-column1829_d8f83b-16 > .kt-inside-inner-col,.kadence-column1829_d8f83b-16 > .kt-inside-inner-col:before{border-top-left-radius:0px;border-top-right-radius:0px;border-bottom-right-radius:0px;border-bottom-left-radius:0px;}.kadence-column1829_d8f83b-16 > .kt-inside-inner-col{column-gap:var(--global-kb-gap-sm, 1rem);}.kadence-column1829_d8f83b-16 > .kt-inside-inner-col{flex-direction:column;}.kadence-column1829_d8f83b-16 > .kt-inside-inner-col > .aligncenter{width:100%;}.kadence-column1829_d8f83b-16 > .kt-inside-inner-col:before{opacity:0.3;}.kadence-column1829_d8f83b-16{position:relative;}@media all and (max-width: 1024px){.kadence-column1829_d8f83b-16 > .kt-inside-inner-col{flex-direction:column;justify-content:center;}}@media all and (max-width: 767px){.kadence-column1829_d8f83b-16 > .kt-inside-inner-col{flex-direction:column;justify-content:center;}}<\/style>\n<div class=\"wp-block-kadence-column kadence-column1829_d8f83b-16 kvs-lg-false kvs-md-false\"><div class=\"kt-inside-inner-col\">\n<div style=\"height:10px\" aria-hidden=\"true\" class=\"wp-block-spacer\"><\/div>\n<\/div><\/div>\n\n\n\n<div class=\"wp-block-columns is-layout-flex wp-container-core-columns-is-layout-e0e4babd wp-block-columns-is-layout-flex\" style=\"padding-right:0;padding-left:0\">\n<div class=\"wp-block-column is-layout-flow wp-block-column-is-layout-flow\" style=\"flex-basis:66.66%\">\n<div class=\"wp-block-group is-vertical is-content-justification-left is-layout-flex wp-container-core-group-is-layout-cd911411 wp-block-group-is-layout-flex\" style=\"margin-top:0;margin-bottom:0\">\n<div class=\"wp-block-group is-layout-constrained wp-container-core-group-is-layout-e7a8db7c wp-block-group-is-layout-constrained\" style=\"margin-top:0;margin-bottom:0\">\n<p class=\"film-titel has-text-color\" style=\"color:#000000;margin-top:0;margin-bottom:0;font-size:66px;font-style:normal;font-weight:700;letter-spacing:0px;line-height:0.9;text-decoration:none;text-transform:none\">Ein Tag ohne Frauen<\/p>\n\n\n\n<p class=\"film-ortdatauhr has-text-color\" style=\"color:#000000;margin-top:var(--wp--preset--spacing--50);margin-bottom:var(--wp--preset--spacing--50);font-size:28px;font-style:normal;font-weight:600;letter-spacing:0px;line-height:1.2;text-decoration:none;text-transform:none\"><strong><strong>Stadtkino<\/strong><\/strong><br><strong><strong>Dienstag, 30. Juni 2026<\/strong><\/strong> <strong>I 9.00 Uhr<\/strong><\/p>\n\n\n\n<p><em>Geeignet f\u00fcr alle Sch\u00fcler:innen ab der 8. Schulstufe sowie f\u00fcr junge Erwachsene in Qualifizierungsma\u00dfnahmen und in der Erwachsenenbildung<\/em>&nbsp;<\/p>\n\n\n\n<p class=\"film-sub has-text-color\" style=\"color:#000000;margin-top:var(--wp--preset--spacing--50);margin-bottom:0;font-size:16px;font-style:normal;font-weight:700;letter-spacing:0px;line-height:1.2;text-decoration:none;text-transform:none\"><strong><strong><strong>Dokumentation | IS 2024 | 71\u2019 | Om<\/strong><\/strong><\/strong>U<strong>&nbsp;<\/strong><\/p>\n\n\n\n<p><strong><strong>Pamela Hogan<\/strong><\/strong><\/p>\n<\/div>\n<\/div>\n<\/div>\n\n\n\n<div class=\"wp-block-column is-layout-flow wp-block-column-is-layout-flow\" style=\"padding-right:0;padding-left:0;flex-basis:33.3%\">\n<div class=\"wp-block-buttons is-content-justification-right is-layout-flex wp-container-core-buttons-is-layout-c133f063 wp-block-buttons-is-layout-flex\">\n<div class=\"wp-block-button hover-preto is-style-fill film-button\"><a class=\"wp-block-button__link has-large-font-size has-custom-font-size wp-element-button\"><strong>TICKETS<\/strong><\/a><\/div>\n<\/div>\n<\/div>\n<\/div>\n\n\n\n<div class=\"wp-block-columns is-layout-flex wp-container-core-columns-is-layout-7abde1fe wp-block-columns-is-layout-flex\" style=\"padding-top:var(--wp--preset--spacing--40);padding-bottom:var(--wp--preset--spacing--40)\">\n<div class=\"wp-block-column is-layout-flow wp-block-column-is-layout-flow\">\n<p>Der Film erz\u00e4hlt mit Witz und Nachdruck von einem historischen Moment kollektiven Protests: Am 24. Oktober 1975 legen 90 Prozent der isl\u00e4ndischen Frauen ihre Arbeit nieder \u2013 im Beruf wie im Haushalt \u2013 und bringen das Land zum Stillstand. Was als \u201efreier Tag\u201c beginnt, wird zum kraftvollen Signal f\u00fcr Gleichberechtigung und gesellschaftlichen Wandel.&nbsp;<\/p>\n\n\n\n<p>Der Film l\u00e4sst die Aktivistinnen von damals selbst zu Wort kommen. Ihre Erinnerungen verbinden sich mit Archivmaterial und spielerischen Animationen zu einem lebendigen, oft \u00fcberraschend humorvollen Portr\u00e4t einer Bewegung, die zwischen politischem Widerstand und pragmatischem Idealismus agierte. Ausgehend von einer Gesellschaft, in der Frauen systematisch benachteiligt wurden, zeigt der Film, wie Organisation, Vernetzung und Mut zu einem beispiellosen Erfolg f\u00fchrten.&nbsp;<\/p>\n\n\n\n<p>Mehr als 50 Jahre nach dem \u201eFrauenstreik\u201c beleuchtet der Film auch die Folgen dieses Tages \u2013 von politischen Durchbr\u00fcchen bis hin zu Islands heutiger Rolle als Vorreiter in Gleichstellungsfragen \u2013 und entl\u00e4sst die Zuseher:innen mit Zuversicht und der Vision, wie Zusammenhalt und Engagement die Welt Schritt f\u00fcr Schritt zu einer besseren machen k\u00f6nnen.&nbsp;<\/p>\n\n\n\n<p><em>\u201eDie Feel-good-Dokumentation\u2026 f\u00e4ngt die inspirierende Stimmung aus Wut und Solidarit\u00e4t ein.\u201c<\/em>&nbsp; \u2013 <em>Falter<\/em><\/p>\n\n\n\n<p><em>\u201eDie Geschichte eines feministischen Meilensteins\u2026Erz\u00e4hlt von euphorischer Aufbruchsstimmung\u2026 der gemeinsame Einsatz der Frauen ist beeindruckend.\u201c \u2013 Der Standard<\/em>&nbsp;<\/p>\n\n\n\n<p><em>\u201eEin Tag ohne Frauen setzt den mutigen und humorvollen Frauen, die durch ihr Handeln diese Entwicklung in Gang gesetzt haben, ein eindrucksvolles Denkmal.\u201c &#8211; NDR Kultur: Das Journal<\/em>&nbsp;<\/p>\n\n\n\n<p><strong>Dienstag, 30. Juni 2026, 9.00 Uhr, Stadtkino<\/strong>&nbsp;<\/p>\n\n\n\n<p><strong>Mit anschlie\u00dfendem Filmvermittlungsangebot durch normale.at<\/strong>&nbsp;&nbsp;<br><br><\/p>\n<\/div>\n<\/div>\n\n\n\n<div style=\"height:1vw\" aria-hidden=\"true\" class=\"wp-block-spacer\"><\/div>\n\n\n\n<figure class=\"wp-block-embed is-type-video is-provider-youtube wp-block-embed-youtube wp-embed-aspect-16-9 wp-has-aspect-ratio\"><div class=\"wp-block-embed__wrapper\">\n<iframe loading=\"lazy\" title=\"EIN TAG OHNE FRAUEN - Trailer OmU German | Deutsch\" width=\"500\" height=\"281\" src=\"https:\/\/www.youtube.com\/embed\/6E6LH96aND4?feature=oembed\" frameborder=\"0\" allow=\"accelerometer; autoplay; clipboard-write; encrypted-media; gyroscope; picture-in-picture; web-share\" referrerpolicy=\"strict-origin-when-cross-origin\" allowfullscreen><\/iframe>\n<\/div><\/figure>\n\n\n<style>.kadence-column1829_0077fb-97 > .kt-inside-inner-col,.kadence-column1829_0077fb-97 > .kt-inside-inner-col:before{border-top-left-radius:0px;border-top-right-radius:0px;border-bottom-right-radius:0px;border-bottom-left-radius:0px;}.kadence-column1829_0077fb-97 > .kt-inside-inner-col{column-gap:var(--global-kb-gap-sm, 1rem);}.kadence-column1829_0077fb-97 > .kt-inside-inner-col{flex-direction:column;}.kadence-column1829_0077fb-97 > .kt-inside-inner-col > .aligncenter{width:100%;}.kadence-column1829_0077fb-97 > .kt-inside-inner-col:before{opacity:0.3;}.kadence-column1829_0077fb-97{position:relative;}@media all and (max-width: 1024px){.kadence-column1829_0077fb-97 > .kt-inside-inner-col{flex-direction:column;justify-content:center;}}@media all and (max-width: 767px){.kadence-column1829_0077fb-97 > .kt-inside-inner-col{flex-direction:column;justify-content:center;}}<\/style>\n<div class=\"wp-block-kadence-column kadence-column1829_0077fb-97 kvs-lg-false kvs-md-false\"><div class=\"kt-inside-inner-col\">\n<div style=\"height:10px\" aria-hidden=\"true\" class=\"wp-block-spacer\"><\/div>\n<\/div><\/div>\n<\/div>","protected":false},"excerpt":{"rendered":"<p>Ein Tag ohne Frauen StadtkinoDienstag, 30. Juni 2026 I 9.00 Uhr Geeignet f\u00fcr alle Sch\u00fcler:innen ab der 8. Schulstufe sowie [&hellip;]<\/p>\n","protected":false},"author":4,"featured_media":0,"parent":1488,"menu_order":14,"comment_status":"closed","ping_status":"closed","template":"","meta":{"site-sidebar-layout":"default","site-content-layout":"","ast-site-content-layout":"default","site-content-style":"default","site-sidebar-style":"default","ast-global-header-display":"","ast-banner-title-visibility":"","ast-main-header-display":"","ast-hfb-above-header-display":"","ast-hfb-below-header-display":"","ast-hfb-mobile-header-display":"","site-post-title":"disabled","ast-breadcrumbs-content":"","ast-featured-img":"","footer-sml-layout":"","ast-disable-related-posts":"","theme-transparent-header-meta":"","adv-header-id-meta":"","stick-header-meta":"","header-above-stick-meta":"","header-main-stick-meta":"","header-below-stick-meta":"","astra-migrate-meta-layouts":"default","ast-page-background-enabled":"default","ast-page-background-meta":{"desktop":{"background-color":"var(--ast-global-color-5)","background-image":"","background-repeat":"repeat","background-position":"center center","background-size":"auto","background-attachment":"scroll","background-type":"","background-media":"","overlay-type":"","overlay-color":"","overlay-opacity":"","overlay-gradient":""},"tablet":{"background-color":"","background-image":"","background-repeat":"repeat","background-position":"center center","background-size":"auto","background-attachment":"scroll","background-type":"","background-media":"","overlay-type":"","overlay-color":"","overlay-opacity":"","overlay-gradient":""},"mobile":{"background-color":"","background-image":"","background-repeat":"repeat","background-position":"center center","background-size":"auto","background-attachment":"scroll","background-type":"","background-media":"","overlay-type":"","overlay-color":"","overlay-opacity":"","overlay-gradient":""}},"ast-content-background-meta":{"desktop":{"background-color":"var(--ast-global-color-4)","background-image":"","background-repeat":"repeat","background-position":"center center","background-size":"auto","background-attachment":"scroll","background-type":"","background-media":"","overlay-type":"","overlay-color":"","overlay-opacity":"","overlay-gradient":""},"tablet":{"background-color":"var(--ast-global-color-4)","background-image":"","background-repeat":"repeat","background-position":"center center","background-size":"auto","background-attachment":"scroll","background-type":"","background-media":"","overlay-type":"","overlay-color":"","overlay-opacity":"","overlay-gradient":""},"mobile":{"background-color":"var(--ast-global-color-4)","background-image":"","background-repeat":"repeat","background-position":"center center","background-size":"auto","background-attachment":"scroll","background-type":"","background-media":"","overlay-type":"","overlay-color":"","overlay-opacity":"","overlay-gradient":""}},"footnotes":""},"class_list":["post-1829","page","type-page","status-publish","hentry"],"_links":{"self":[{"href":"https:\/\/arbeits-film-festival.at\/en\/wp-json\/wp\/v2\/pages\/1829","targetHints":{"allow":["GET"]}}],"collection":[{"href":"https:\/\/arbeits-film-festival.at\/en\/wp-json\/wp\/v2\/pages"}],"about":[{"href":"https:\/\/arbeits-film-festival.at\/en\/wp-json\/wp\/v2\/types\/page"}],"author":[{"embeddable":true,"href":"https:\/\/arbeits-film-festival.at\/en\/wp-json\/wp\/v2\/users\/4"}],"replies":[{"embeddable":true,"href":"https:\/\/arbeits-film-festival.at\/en\/wp-json\/wp\/v2\/comments?post=1829"}],"version-history":[{"count":3,"href":"https:\/\/arbeits-film-festival.at\/en\/wp-json\/wp\/v2\/pages\/1829\/revisions"}],"predecessor-version":[{"id":1913,"href":"https:\/\/arbeits-film-festival.at\/en\/wp-json\/wp\/v2\/pages\/1829\/revisions\/1913"}],"up":[{"embeddable":true,"href":"https:\/\/arbeits-film-festival.at\/en\/wp-json\/wp\/v2\/pages\/1488"}],"wp:attachment":[{"href":"https:\/\/arbeits-film-festival.at\/en\/wp-json\/wp\/v2\/media?parent=1829"}],"curies":[{"name":"wp","href":"https:\/\/api.w.org\/{rel}","templated":true}]}}