{"id":1831,"date":"2026-04-21T23:30:49","date_gmt":"2026-04-21T21:30:49","guid":{"rendered":"https:\/\/arbeits-film-festival.at\/?page_id=1831"},"modified":"2026-04-22T08:37:31","modified_gmt":"2026-04-22T06:37:31","slug":"2026-leidenschaft-und-wirklichkeit-karriere-in-der-gastronomie","status":"publish","type":"page","link":"https:\/\/arbeits-film-festival.at\/en\/waff\/2026-2\/2026-leidenschaft-und-wirklichkeit-karriere-in-der-gastronomie\/","title":{"rendered":"2026 &#8211; Leidenschaft und Wirklichkeit: Karriere in der Gastronomie"},"content":{"rendered":"<div class=\"wp-block-columns alignfull has-background is-layout-flex wp-container-core-columns-is-layout-28f84493 wp-block-columns-is-layout-flex\" style=\"background-color:#6d76b7\">\n<div class=\"wp-block-column is-layout-flow wp-block-column-is-layout-flow\">\n<div style=\"height:30px\" aria-hidden=\"true\" class=\"wp-block-spacer\"><\/div>\n<\/div>\n<\/div>\n\n\n<style>.kb-row-layout-id1831_36a0db-02 > .kt-row-column-wrap{align-content:end;}:where(.kb-row-layout-id1831_36a0db-02 > .kt-row-column-wrap) > .wp-block-kadence-column{justify-content:end;}.kb-row-layout-id1831_36a0db-02 > .kt-row-column-wrap{column-gap:var(--global-kb-gap-md, 2rem);row-gap:var(--global-kb-gap-md, 2rem);min-height:100vh;grid-template-columns:minmax(0, 1fr);}.kb-row-layout-id1831_36a0db-02{background-color:#6d76b7;background-image:url('https:\/\/arbeits-film-festival.at\/wp-content\/uploads\/2026\/04\/hand-scaled-e1776435313261.png');background-size:cover;background-position:53% 85%;background-attachment:scroll;background-repeat:no-repeat;}.kb-row-layout-id1831_36a0db-02 > .kt-row-layout-overlay{opacity:0.30;}@media all and (max-width: 1024px){.kb-row-layout-id1831_36a0db-02 > .kt-row-column-wrap{grid-template-columns:minmax(0, 1fr);}}@media all and (max-width: 767px){.kb-row-layout-id1831_36a0db-02 > .kt-row-column-wrap{min-height:70vh;grid-template-columns:minmax(0, 1fr);}.kb-row-layout-id1831_36a0db-02 > .kt-row-column-wrap > .wp-block-kadence-column:nth-child(1 of *:not(style)){order:1;}.kb-row-layout-id1831_36a0db-02 > .kt-row-column-wrap > .wp-block-kadence-column:nth-child(2 of *:not(style)){order:11;}.kb-row-layout-id1831_36a0db-02 > .kt-row-column-wrap > .wp-block-kadence-column:nth-child(3 of *:not(style)){order:21;}.kb-row-layout-id1831_36a0db-02 > .kt-row-column-wrap > .wp-block-kadence-column:nth-child(4 of *:not(style)){order:31;}.kb-row-layout-wrap.wp-block-kadence-rowlayout.kb-row-layout-id1831_36a0db-02{background-color:#6d76b7;background-image:url('https:\/\/arbeits-film-festival.at\/wp-content\/uploads\/2026\/02\/WienerArbeitsFilmFestival_Keyvisual_RGB-1-scaled-e1771705717417.png')!important;background-size:cover;background-position:43% 56.99999999999999%;background-attachment:scroll;background-repeat:no-repeat;}}<\/style><div style=\"background-image: url(https:\/\/arbeits-film-festival.at\/wp-content\/uploads\/2026\/04\/hand-scaled-e1776435313261.png);\" class=\"kb-row-layout-wrap kb-row-layout-id1831_36a0db-02 alignfull kt-row-has-bg wp-block-kadence-rowlayout\"><div class=\"kt-row-column-wrap kt-has-1-columns kt-row-layout-equal kt-tab-layout-inherit kt-mobile-layout-row kt-row-valign-bottom kt-inner-column-height-full\">\n<style>.kadence-column1831_ebbeee-b7 > .kt-inside-inner-col,.kadence-column1831_ebbeee-b7 > .kt-inside-inner-col:before{border-top-left-radius:0px;border-top-right-radius:0px;border-bottom-right-radius:0px;border-bottom-left-radius:0px;}.kadence-column1831_ebbeee-b7 > .kt-inside-inner-col{column-gap:var(--global-kb-gap-sm, 1rem);}.kadence-column1831_ebbeee-b7 > .kt-inside-inner-col{flex-direction:column;}.kadence-column1831_ebbeee-b7 > .kt-inside-inner-col > .aligncenter{width:100%;}.kadence-column1831_ebbeee-b7 > .kt-inside-inner-col:before{opacity:0.3;}.kadence-column1831_ebbeee-b7{position:relative;}@media all and (max-width: 1024px){.kadence-column1831_ebbeee-b7 > .kt-inside-inner-col{flex-direction:column;justify-content:center;}}@media all and (max-width: 767px){.kadence-column1831_ebbeee-b7 > .kt-inside-inner-col{flex-direction:column;justify-content:center;}}<\/style>\n<div class=\"wp-block-kadence-column kadence-column1831_ebbeee-b7\"><div class=\"kt-inside-inner-col\"><\/div><\/div>\n\n<\/div><\/div>\n\n\n<div class=\"wp-block-group alignfull has-background is-layout-flow wp-block-group-is-layout-flow\" style=\"background-color:#fef8eb;margin-top:0;margin-bottom:0;padding-top:4vw;padding-right:6vw;padding-bottom:10vw;padding-left:6vw\"><style>.kadence-column1831_f75041-31 > .kt-inside-inner-col,.kadence-column1831_f75041-31 > .kt-inside-inner-col:before{border-top-left-radius:0px;border-top-right-radius:0px;border-bottom-right-radius:0px;border-bottom-left-radius:0px;}.kadence-column1831_f75041-31 > .kt-inside-inner-col{column-gap:var(--global-kb-gap-sm, 1rem);}.kadence-column1831_f75041-31 > .kt-inside-inner-col{flex-direction:column;}.kadence-column1831_f75041-31 > .kt-inside-inner-col > .aligncenter{width:100%;}.kadence-column1831_f75041-31 > .kt-inside-inner-col:before{opacity:0.3;}.kadence-column1831_f75041-31{position:relative;}@media all and (max-width: 1024px){.kadence-column1831_f75041-31 > .kt-inside-inner-col{flex-direction:column;justify-content:center;}}@media all and (max-width: 767px){.kadence-column1831_f75041-31 > .kt-inside-inner-col{flex-direction:column;justify-content:center;}}<\/style>\n<div class=\"wp-block-kadence-column kadence-column1831_f75041-31 kvs-lg-false kvs-md-false\"><div class=\"kt-inside-inner-col\">\n<div style=\"height:10px\" aria-hidden=\"true\" class=\"wp-block-spacer\"><\/div>\n<\/div><\/div>\n\n\n\n<div class=\"wp-block-columns is-layout-flex wp-container-core-columns-is-layout-e0e4babd wp-block-columns-is-layout-flex\" style=\"padding-right:0;padding-left:0\">\n<div class=\"wp-block-column is-layout-flow wp-block-column-is-layout-flow\" style=\"flex-basis:66.66%\">\n<div class=\"wp-block-group is-vertical is-content-justification-left is-layout-flex wp-container-core-group-is-layout-cd911411 wp-block-group-is-layout-flex\" style=\"margin-top:0;margin-bottom:0\">\n<div class=\"wp-block-group is-layout-constrained wp-container-core-group-is-layout-e7a8db7c wp-block-group-is-layout-constrained\" style=\"margin-top:0;margin-bottom:0\">\n<p class=\"film-titel has-text-color\" style=\"color:#000000;margin-top:0;margin-bottom:0;font-size:66px;font-style:normal;font-weight:700;letter-spacing:0px;line-height:0.9;text-decoration:none;text-transform:none\">Leidenschaft und Wirklichkeit: Karriere in der Gastronomie<\/p>\n\n\n\n<p class=\"film-ortdatauhr has-text-color\" style=\"color:#000000;margin-top:var(--wp--preset--spacing--50);margin-bottom:var(--wp--preset--spacing--50);font-size:28px;font-style:normal;font-weight:600;letter-spacing:0px;line-height:1.2;text-decoration:none;text-transform:none\"><strong><strong>Stadtkino<\/strong><\/strong><br><strong><strong>Mittwoch, 1. Juli 2026<\/strong><\/strong> <strong>I 9.00 Uhr<\/strong><\/p>\n\n\n\n<p class=\"film-sub has-text-color\" style=\"color:#000000;margin-top:var(--wp--preset--spacing--50);margin-bottom:0;font-size:16px;font-style:normal;font-weight:700;letter-spacing:0px;line-height:1.2;text-decoration:none;text-transform:none\"><strong><strong>Filmauswahl (insgesamt 45 Minuten) und Diskussion<\/strong>&nbsp;<\/strong><\/p>\n\n\n\n<p><strong>She Chef (A 2023) und Cru (CH 2019)&nbsp;<\/strong><\/p>\n<\/div>\n<\/div>\n<\/div>\n\n\n\n<div class=\"wp-block-column is-layout-flow wp-block-column-is-layout-flow\" style=\"padding-right:0;padding-left:0;flex-basis:33.3%\">\n<div class=\"wp-block-buttons is-content-justification-right is-layout-flex wp-container-core-buttons-is-layout-c133f063 wp-block-buttons-is-layout-flex\">\n<div class=\"wp-block-button hover-preto is-style-fill film-button\"><a class=\"wp-block-button__link has-large-font-size has-custom-font-size wp-element-button\"><strong>TICKETS<\/strong><\/a><\/div>\n<\/div>\n<\/div>\n<\/div>\n\n\n\n<div class=\"wp-block-columns is-layout-flex wp-container-core-columns-is-layout-7abde1fe wp-block-columns-is-layout-flex\" style=\"padding-top:var(--wp--preset--spacing--40);padding-bottom:var(--wp--preset--spacing--40)\">\n<div class=\"wp-block-column is-layout-flow wp-block-column-is-layout-flow\">\n<p>Die Arbeit in der Gastronomie und Hotellerie hat viel zu bieten. Dynamik, Abwechslung, Internationalit\u00e4t, Kreativit\u00e4t, Kontakt mit G\u00e4sten und Flair k\u00f6nnen Menschen f\u00fcr eine Karriere in der Branche begeistern. Zugleich f\u00fchren Arbeitszeiten, Stress, k\u00f6rperliche Belastungen und mitunter ein rauer Umgangston zu h\u00e4ufigem Personalwechsel sowie zu Arbeitskr\u00e4ftemangel. Zuletzt kratzten in \u00d6sterreich und international Medienberichte \u00fcber problematische Arbeitsbedingungen am Image der Branche.&nbsp;<\/p>\n\n\n\n<p>Die Filmauswahl macht beide Facetten greifbar: Die \u00f6sterreichische Dokumentation \u201eShe Chef\u201c (2023) begleitet die frischgebackene Kochweltmeisterin Agnes Karrasch auf ihre Lehr- und Wanderjahren durch die Welt der kulinarischen Spitzenklasse. Gezeigt wird ein Ausschnitt: ihre Station im Sternerestaurant Vend\u00f4me in Bergisch Gladbach, die ersten 33 Minuten des Films. Im fiktionalen Kurzfilm \u201eCru\u201c (CH 2019) verfolgt eine junge K\u00f6chin mit eiserner Disziplin ihre Karriere und k\u00e4mpft mit Blut, Schwei\u00df und Tr\u00e4nen um ihren Erfolg.&nbsp;&nbsp;<\/p>\n\n\n\n<p><strong>Mittwoch, 1. Juli 2026, 9.00 Uhr, Stadtkino<\/strong>&nbsp;<\/p>\n\n\n\n<p><strong>Im Anschluss an die Filmvorf\u00fchrungen diskutieren Kenner:innen der Branche mit den Lehrlingen und Sch\u00fcler:innen \u00fcber die Herausforderungen in der (Spitzen-)Gastronomie.<\/strong>&nbsp;<\/p>\n\n\n\n<p><strong>Antonia Lina Wolf&nbsp;<\/strong>\u2013&nbsp;K\u00f6chin in der gehobenen Gastronomie&nbsp;<\/p>\n\n\n\n<p><strong>Robert Letz&nbsp;<\/strong>\u2013&nbsp;Haubenkoch, Fernsehkoch (\u201eGuten Morgen \u00d6sterreich\u201c), Lehrer an der HLTW 13&nbsp;<\/p>\n\n\n\n<p><strong>Denise Stieger <\/strong>\u2013&nbsp;Bundesjugendsekret\u00e4rin der Gewerkschaft vida, gelernte Hotel- und Gastgewerbeassistentin&nbsp;<\/p>\n\n\n\n<p><strong>Markus Hagspiel <\/strong>\u2013&nbsp;Journalist (u.a. \u201eWiener Zeitung\u201c und \u201eDossier\u201c), publiziert zu Missst\u00e4nden in der Branche&nbsp;<\/p>\n\n\n\n<p><strong>Moderation: Stefan Schmid-Heher (PH Wien)<\/strong>&nbsp;<\/p>\n\n\n\n<p><em>Die Veranstaltung richtet sich insbesondere an Lehrlinge in der Gastronomie sowie BMHS-Sch\u00fcler:innen mit dem Schwerpunkt Tourismus.<\/em>&nbsp;&nbsp;<br><br><\/p>\n\n\n\n<p><\/p>\n<\/div>\n<\/div>\n\n\n\n<div style=\"height:1vw\" aria-hidden=\"true\" class=\"wp-block-spacer\"><\/div>\n\n\n<style>.kadence-column1831_3a32d8-ad > .kt-inside-inner-col,.kadence-column1831_3a32d8-ad > .kt-inside-inner-col:before{border-top-left-radius:0px;border-top-right-radius:0px;border-bottom-right-radius:0px;border-bottom-left-radius:0px;}.kadence-column1831_3a32d8-ad > .kt-inside-inner-col{column-gap:var(--global-kb-gap-sm, 1rem);}.kadence-column1831_3a32d8-ad > .kt-inside-inner-col{flex-direction:column;}.kadence-column1831_3a32d8-ad > .kt-inside-inner-col > .aligncenter{width:100%;}.kadence-column1831_3a32d8-ad > .kt-inside-inner-col:before{opacity:0.3;}.kadence-column1831_3a32d8-ad{position:relative;}@media all and (max-width: 1024px){.kadence-column1831_3a32d8-ad > .kt-inside-inner-col{flex-direction:column;justify-content:center;}}@media all and (max-width: 767px){.kadence-column1831_3a32d8-ad > .kt-inside-inner-col{flex-direction:column;justify-content:center;}}<\/style>\n<div class=\"wp-block-kadence-column kadence-column1831_3a32d8-ad kvs-lg-false kvs-md-false\"><div class=\"kt-inside-inner-col\">\n<div style=\"height:10px\" aria-hidden=\"true\" class=\"wp-block-spacer\"><\/div>\n<\/div><\/div>\n<\/div>\n\n\n\n<p><\/p>","protected":false},"excerpt":{"rendered":"<p>Leidenschaft und Wirklichkeit: Karriere in der Gastronomie StadtkinoMittwoch, 1. Juli 2026 I 9.00 Uhr Filmauswahl (insgesamt 45 Minuten) und Diskussion&nbsp; [&hellip;]<\/p>\n","protected":false},"author":4,"featured_media":0,"parent":1488,"menu_order":16,"comment_status":"closed","ping_status":"closed","template":"","meta":{"site-sidebar-layout":"default","site-content-layout":"","ast-site-content-layout":"default","site-content-style":"default","site-sidebar-style":"default","ast-global-header-display":"","ast-banner-title-visibility":"","ast-main-header-display":"","ast-hfb-above-header-display":"","ast-hfb-below-header-display":"","ast-hfb-mobile-header-display":"","site-post-title":"disabled","ast-breadcrumbs-content":"","ast-featured-img":"","footer-sml-layout":"","ast-disable-related-posts":"","theme-transparent-header-meta":"","adv-header-id-meta":"","stick-header-meta":"","header-above-stick-meta":"","header-main-stick-meta":"","header-below-stick-meta":"","astra-migrate-meta-layouts":"default","ast-page-background-enabled":"default","ast-page-background-meta":{"desktop":{"background-color":"var(--ast-global-color-5)","background-image":"","background-repeat":"repeat","background-position":"center center","background-size":"auto","background-attachment":"scroll","background-type":"","background-media":"","overlay-type":"","overlay-color":"","overlay-opacity":"","overlay-gradient":""},"tablet":{"background-color":"","background-image":"","background-repeat":"repeat","background-position":"center center","background-size":"auto","background-attachment":"scroll","background-type":"","background-media":"","overlay-type":"","overlay-color":"","overlay-opacity":"","overlay-gradient":""},"mobile":{"background-color":"","background-image":"","background-repeat":"repeat","background-position":"center center","background-size":"auto","background-attachment":"scroll","background-type":"","background-media":"","overlay-type":"","overlay-color":"","overlay-opacity":"","overlay-gradient":""}},"ast-content-background-meta":{"desktop":{"background-color":"var(--ast-global-color-4)","background-image":"","background-repeat":"repeat","background-position":"center center","background-size":"auto","background-attachment":"scroll","background-type":"","background-media":"","overlay-type":"","overlay-color":"","overlay-opacity":"","overlay-gradient":""},"tablet":{"background-color":"var(--ast-global-color-4)","background-image":"","background-repeat":"repeat","background-position":"center center","background-size":"auto","background-attachment":"scroll","background-type":"","background-media":"","overlay-type":"","overlay-color":"","overlay-opacity":"","overlay-gradient":""},"mobile":{"background-color":"var(--ast-global-color-4)","background-image":"","background-repeat":"repeat","background-position":"center center","background-size":"auto","background-attachment":"scroll","background-type":"","background-media":"","overlay-type":"","overlay-color":"","overlay-opacity":"","overlay-gradient":""}},"footnotes":""},"class_list":["post-1831","page","type-page","status-publish","hentry"],"_links":{"self":[{"href":"https:\/\/arbeits-film-festival.at\/en\/wp-json\/wp\/v2\/pages\/1831","targetHints":{"allow":["GET"]}}],"collection":[{"href":"https:\/\/arbeits-film-festival.at\/en\/wp-json\/wp\/v2\/pages"}],"about":[{"href":"https:\/\/arbeits-film-festival.at\/en\/wp-json\/wp\/v2\/types\/page"}],"author":[{"embeddable":true,"href":"https:\/\/arbeits-film-festival.at\/en\/wp-json\/wp\/v2\/users\/4"}],"replies":[{"embeddable":true,"href":"https:\/\/arbeits-film-festival.at\/en\/wp-json\/wp\/v2\/comments?post=1831"}],"version-history":[{"count":3,"href":"https:\/\/arbeits-film-festival.at\/en\/wp-json\/wp\/v2\/pages\/1831\/revisions"}],"predecessor-version":[{"id":1872,"href":"https:\/\/arbeits-film-festival.at\/en\/wp-json\/wp\/v2\/pages\/1831\/revisions\/1872"}],"up":[{"embeddable":true,"href":"https:\/\/arbeits-film-festival.at\/en\/wp-json\/wp\/v2\/pages\/1488"}],"wp:attachment":[{"href":"https:\/\/arbeits-film-festival.at\/en\/wp-json\/wp\/v2\/media?parent=1831"}],"curies":[{"name":"wp","href":"https:\/\/api.w.org\/{rel}","templated":true}]}}