{"id":1833,"date":"2026-04-21T23:30:49","date_gmt":"2026-04-21T21:30:49","guid":{"rendered":"https:\/\/arbeits-film-festival.at\/?page_id=1833"},"modified":"2026-04-22T17:23:43","modified_gmt":"2026-04-22T15:23:43","slug":"2026-heldin","status":"publish","type":"page","link":"https:\/\/arbeits-film-festival.at\/en\/waff\/2026-2\/2026-heldin\/","title":{"rendered":"2026 &#8211; HELDIN"},"content":{"rendered":"<div class=\"wp-block-columns alignfull has-background is-layout-flex wp-container-core-columns-is-layout-28f84493 wp-block-columns-is-layout-flex\" style=\"background-color:#6d76b7\">\n<div class=\"wp-block-column is-layout-flow wp-block-column-is-layout-flow\">\n<div style=\"height:30px\" aria-hidden=\"true\" class=\"wp-block-spacer\"><\/div>\n<\/div>\n<\/div>\n\n\n<style>.kb-row-layout-id1833_e2f828-25 > .kt-row-column-wrap{align-content:end;}:where(.kb-row-layout-id1833_e2f828-25 > .kt-row-column-wrap) > .wp-block-kadence-column{justify-content:end;}.kb-row-layout-id1833_e2f828-25 > .kt-row-column-wrap{column-gap:var(--global-kb-gap-md, 2rem);row-gap:var(--global-kb-gap-md, 2rem);min-height:100vh;grid-template-columns:minmax(0, 1fr);}.kb-row-layout-id1833_e2f828-25{background-color:#6d76b7;background-image:url('https:\/\/arbeits-film-festival.at\/wp-content\/uploads\/2026\/04\/1_Heldin_scen_01-scaled.jpg');background-size:cover;background-position:53% 85%;background-attachment:scroll;background-repeat:no-repeat;}.kb-row-layout-id1833_e2f828-25 > .kt-row-layout-overlay{opacity:0.30;}@media all and (max-width: 1024px){.kb-row-layout-id1833_e2f828-25 > .kt-row-column-wrap{grid-template-columns:minmax(0, 1fr);}}@media all and (max-width: 767px){.kb-row-layout-id1833_e2f828-25 > .kt-row-column-wrap{min-height:70vh;grid-template-columns:minmax(0, 1fr);}.kb-row-layout-id1833_e2f828-25 > .kt-row-column-wrap > .wp-block-kadence-column:nth-child(1 of *:not(style)){order:1;}.kb-row-layout-id1833_e2f828-25 > .kt-row-column-wrap > .wp-block-kadence-column:nth-child(2 of *:not(style)){order:11;}.kb-row-layout-id1833_e2f828-25 > .kt-row-column-wrap > .wp-block-kadence-column:nth-child(3 of *:not(style)){order:21;}.kb-row-layout-id1833_e2f828-25 > .kt-row-column-wrap > .wp-block-kadence-column:nth-child(4 of *:not(style)){order:31;}}<\/style><div style=\"background-image: url(https:\/\/arbeits-film-festival.at\/wp-content\/uploads\/2026\/04\/1_Heldin_scen_01-scaled.jpg);\" class=\"kb-row-layout-wrap kb-row-layout-id1833_e2f828-25 alignfull kt-row-has-bg wp-block-kadence-rowlayout\"><div class=\"kt-row-column-wrap kt-has-1-columns kt-row-layout-equal kt-tab-layout-inherit kt-mobile-layout-row kt-row-valign-bottom kt-inner-column-height-full\">\n<style>.kadence-column1833_70a09c-32 > .kt-inside-inner-col,.kadence-column1833_70a09c-32 > .kt-inside-inner-col:before{border-top-left-radius:0px;border-top-right-radius:0px;border-bottom-right-radius:0px;border-bottom-left-radius:0px;}.kadence-column1833_70a09c-32 > .kt-inside-inner-col{column-gap:var(--global-kb-gap-sm, 1rem);}.kadence-column1833_70a09c-32 > .kt-inside-inner-col{flex-direction:column;}.kadence-column1833_70a09c-32 > .kt-inside-inner-col > .aligncenter{width:100%;}.kadence-column1833_70a09c-32 > .kt-inside-inner-col:before{opacity:0.3;}.kadence-column1833_70a09c-32{position:relative;}@media all and (max-width: 1024px){.kadence-column1833_70a09c-32 > .kt-inside-inner-col{flex-direction:column;justify-content:center;}}@media all and (max-width: 767px){.kadence-column1833_70a09c-32 > .kt-inside-inner-col{flex-direction:column;justify-content:center;}}<\/style>\n<div class=\"wp-block-kadence-column kadence-column1833_70a09c-32\"><div class=\"kt-inside-inner-col\"><\/div><\/div>\n\n<\/div><\/div>\n\n\n<div class=\"wp-block-group alignfull has-background is-layout-flow wp-block-group-is-layout-flow\" style=\"background-color:#fef8eb;margin-top:0;margin-bottom:0;padding-top:4vw;padding-right:6vw;padding-bottom:10vw;padding-left:6vw\"><style>.kadence-column1833_e08913-fa > .kt-inside-inner-col,.kadence-column1833_e08913-fa > .kt-inside-inner-col:before{border-top-left-radius:0px;border-top-right-radius:0px;border-bottom-right-radius:0px;border-bottom-left-radius:0px;}.kadence-column1833_e08913-fa > .kt-inside-inner-col{column-gap:var(--global-kb-gap-sm, 1rem);}.kadence-column1833_e08913-fa > .kt-inside-inner-col{flex-direction:column;}.kadence-column1833_e08913-fa > .kt-inside-inner-col > .aligncenter{width:100%;}.kadence-column1833_e08913-fa > .kt-inside-inner-col:before{opacity:0.3;}.kadence-column1833_e08913-fa{position:relative;}@media all and (max-width: 1024px){.kadence-column1833_e08913-fa > .kt-inside-inner-col{flex-direction:column;justify-content:center;}}@media all and (max-width: 767px){.kadence-column1833_e08913-fa > .kt-inside-inner-col{flex-direction:column;justify-content:center;}}<\/style>\n<div class=\"wp-block-kadence-column kadence-column1833_e08913-fa kvs-lg-false kvs-md-false\"><div class=\"kt-inside-inner-col\">\n<div style=\"height:10px\" aria-hidden=\"true\" class=\"wp-block-spacer\"><\/div>\n<\/div><\/div>\n\n\n\n<div class=\"wp-block-columns is-layout-flex wp-container-core-columns-is-layout-e0e4babd wp-block-columns-is-layout-flex\" style=\"padding-right:0;padding-left:0\">\n<div class=\"wp-block-column is-layout-flow wp-block-column-is-layout-flow\" style=\"flex-basis:66.66%\">\n<div class=\"wp-block-group is-vertical is-content-justification-left is-layout-flex wp-container-core-group-is-layout-cd911411 wp-block-group-is-layout-flex\" style=\"margin-top:0;margin-bottom:0\">\n<div class=\"wp-block-group is-layout-constrained wp-container-core-group-is-layout-e7a8db7c wp-block-group-is-layout-constrained\" style=\"margin-top:0;margin-bottom:0\">\n<p class=\"film-titel has-text-color\" style=\"color:#000000;margin-top:0;margin-bottom:0;font-size:66px;font-style:normal;font-weight:700;letter-spacing:0px;line-height:0.9;text-decoration:none;text-transform:none\">HELDIN<\/p>\n\n\n\n<p class=\"film-ortdatauhr has-text-color\" style=\"color:#000000;margin-top:var(--wp--preset--spacing--50);margin-bottom:var(--wp--preset--spacing--50);font-size:28px;font-style:normal;font-weight:600;letter-spacing:0px;line-height:1.2;text-decoration:none;text-transform:none\"><strong><strong>Gartenbaukino<\/strong><\/strong><br><strong>Freitag, 22. Mai 2026<\/strong> <strong>I 9.00 Uhr<\/strong><\/p>\n\n\n\n<p class=\"film-sub has-text-color\" style=\"color:#000000;margin-top:var(--wp--preset--spacing--50);margin-bottom:0;font-size:16px;font-style:normal;font-weight:700;letter-spacing:0px;line-height:1.2;text-decoration:none;text-transform:none\"><strong><strong>Drama | CH\/D 2025 | 92\u2018 | DF<\/strong>&nbsp;<\/strong><\/p>\n\n\n\n<p><strong>Petra Volpe<\/strong><\/p>\n<\/div>\n<\/div>\n<\/div>\n\n\n\n<div class=\"wp-block-column is-layout-flow wp-block-column-is-layout-flow\" style=\"padding-right:0;padding-left:0;flex-basis:33.3%\">\n<div class=\"wp-block-buttons is-content-justification-right is-layout-flex wp-container-core-buttons-is-layout-c133f063 wp-block-buttons-is-layout-flex\">\n<div class=\"wp-block-button hover-preto is-style-fill film-button\"><a class=\"wp-block-button__link has-large-font-size has-custom-font-size wp-element-button\"><strong>TICKETS<\/strong><\/a><\/div>\n<\/div>\n<\/div>\n<\/div>\n\n\n\n<div class=\"wp-block-columns is-layout-flex wp-container-core-columns-is-layout-7abde1fe wp-block-columns-is-layout-flex\" style=\"padding-top:var(--wp--preset--spacing--40);padding-bottom:var(--wp--preset--spacing--40)\">\n<div class=\"wp-block-column is-layout-flow wp-block-column-is-layout-flow\">\n<p>\u201eHELDIN\u201c begleitet eine Pflegefachkraft durch eine Sp\u00e4tschicht, die zunehmend au\u00dfer Kontrolle ger\u00e4t \u2013 und wird so zum intensiven Portr\u00e4t eines Berufs zwischen Hingabe und \u00dcberforderung. Floria arbeitet routiniert, aufmerksam und mit gro\u00dfer Empathie auf der chirurgischen Station eines Schweizer Krankenhauses. Doch als eine Kollegin ausf\u00e4llt, versch\u00e4rft sich die ohnehin angespannte Lage dramatisch.&nbsp;<\/p>\n\n\n\n<p>Zwischen Zeitdruck, Personalmangel und steigenden Anforderungen versucht Floria, allen gerecht zu werden: einer schwerkranken Mutter, einem verunsicherten Patienten, einem anspruchsvollen Privatpatienten. Im Laufe der Nacht wird ihre Arbeit mehr und mehr zu einem Rennen gegen die Zeit.&nbsp;<\/p>\n\n\n\n<p>Regisseurin Petra Volpe (\u201eDie g\u00f6ttliche Ordnung\u201c) greift ein gesellschaftlich dringliches Thema auf und macht den globalen Pflegenotstand eindr\u00fccklich erfahrbar. Getragen von der intensiven Darstellung von Leonie Benesch (\u201eDas Lehrerzimmer\u201c) entsteht ein ebenso packendes wie respektvolles Portr\u00e4t eines Systems am Limit \u2013 und eine eindringliche Hommage an die Menschen, die es tagt\u00e4glich aufrechterhalten.&nbsp;<\/p>\n\n\n\n<p><strong>Input zur Arbeitsrealit\u00e4t von Pflegekr\u00e4ften und Ausbildungen im Gesundheitsbereich von Florian Kirschner, Referent der Abteilung Arbeitnehmer:innenschutz &amp; Gesundheitsberufe der Arbeiterkammer Wien<\/strong><strong><em>&nbsp;<\/em><\/strong>&nbsp;<\/p>\n\n\n\n<p><em>\u201eHELDIN findet die richtige Balance aus sch\u00f6nen und schrecklichen Momenten, Wut und Dankbarkeit, Leid und Humor.\u201c <\/em>Die Welt&nbsp;<\/p>\n\n\n\n<p><em>\u201eHELDIN ist ein Drama von beeindruckender Authentizit\u00e4t und Intensit\u00e4t und gleichzeitig ein gro\u00dfes Pl\u00e4doyer f\u00fcr Menschlichkeit.\u201c <\/em>Filmbulletin&nbsp;<\/p>\n\n\n\n<p><\/p>\n\n\n\n<p><em>Die Vorstellung ist besonders geeignet f\u00fcr Schulen und Studieng\u00e4nge im Bereich der Gesundheits- und Krankenpflege sowie f\u00fcr Lehrlinge im Lehrberuf Pflegeassistenz. Dar\u00fcber hinaus ist der Film auch f\u00fcr junge Erwachsene und Jugendliche ab 14 Jahren interessant, die sich f\u00fcr Herausforderungen im Gesundheitsbereich interessieren.<\/em>&nbsp;<br><br><\/p>\n\n\n\n<p><\/p>\n<\/div>\n<\/div>\n\n\n\n<div style=\"height:1vw\" aria-hidden=\"true\" class=\"wp-block-spacer\"><\/div>\n\n\n\n<figure class=\"wp-block-embed is-type-video is-provider-youtube wp-block-embed-youtube wp-embed-aspect-16-9 wp-has-aspect-ratio\"><div class=\"wp-block-embed__wrapper\">\n<iframe loading=\"lazy\" title=\"HELDIN, Official Trailer (Deutsch\/dt)\" width=\"500\" height=\"281\" src=\"https:\/\/www.youtube.com\/embed\/q1fJJbc8mxc?feature=oembed\" frameborder=\"0\" allow=\"accelerometer; autoplay; clipboard-write; encrypted-media; gyroscope; picture-in-picture; web-share\" referrerpolicy=\"strict-origin-when-cross-origin\" allowfullscreen><\/iframe>\n<\/div><\/figure>\n\n\n<style>.kadence-column1833_064943-28 > .kt-inside-inner-col,.kadence-column1833_064943-28 > .kt-inside-inner-col:before{border-top-left-radius:0px;border-top-right-radius:0px;border-bottom-right-radius:0px;border-bottom-left-radius:0px;}.kadence-column1833_064943-28 > .kt-inside-inner-col{column-gap:var(--global-kb-gap-sm, 1rem);}.kadence-column1833_064943-28 > .kt-inside-inner-col{flex-direction:column;}.kadence-column1833_064943-28 > .kt-inside-inner-col > .aligncenter{width:100%;}.kadence-column1833_064943-28 > .kt-inside-inner-col:before{opacity:0.3;}.kadence-column1833_064943-28{position:relative;}@media all and (max-width: 1024px){.kadence-column1833_064943-28 > .kt-inside-inner-col{flex-direction:column;justify-content:center;}}@media all and (max-width: 767px){.kadence-column1833_064943-28 > .kt-inside-inner-col{flex-direction:column;justify-content:center;}}<\/style>\n<div class=\"wp-block-kadence-column kadence-column1833_064943-28 kvs-lg-false kvs-md-false\"><div class=\"kt-inside-inner-col\">\n<div style=\"height:10px\" aria-hidden=\"true\" class=\"wp-block-spacer\"><\/div>\n<\/div><\/div>\n<\/div>","protected":false},"excerpt":{"rendered":"<p>HELDIN GartenbaukinoFreitag, 22. Mai 2026 I 9.00 Uhr Drama | CH\/D 2025 | 92\u2018 | DF&nbsp; Petra Volpe \u201eHELDIN\u201c begleitet [&hellip;]<\/p>\n","protected":false},"author":4,"featured_media":0,"parent":1488,"menu_order":17,"comment_status":"closed","ping_status":"closed","template":"","meta":{"site-sidebar-layout":"default","site-content-layout":"","ast-site-content-layout":"default","site-content-style":"default","site-sidebar-style":"default","ast-global-header-display":"","ast-banner-title-visibility":"","ast-main-header-display":"","ast-hfb-above-header-display":"","ast-hfb-below-header-display":"","ast-hfb-mobile-header-display":"","site-post-title":"disabled","ast-breadcrumbs-content":"","ast-featured-img":"","footer-sml-layout":"","ast-disable-related-posts":"","theme-transparent-header-meta":"","adv-header-id-meta":"","stick-header-meta":"","header-above-stick-meta":"","header-main-stick-meta":"","header-below-stick-meta":"","astra-migrate-meta-layouts":"default","ast-page-background-enabled":"default","ast-page-background-meta":{"desktop":{"background-color":"var(--ast-global-color-5)","background-image":"","background-repeat":"repeat","background-position":"center center","background-size":"auto","background-attachment":"scroll","background-type":"","background-media":"","overlay-type":"","overlay-color":"","overlay-opacity":"","overlay-gradient":""},"tablet":{"background-color":"","background-image":"","background-repeat":"repeat","background-position":"center center","background-size":"auto","background-attachment":"scroll","background-type":"","background-media":"","overlay-type":"","overlay-color":"","overlay-opacity":"","overlay-gradient":""},"mobile":{"background-color":"","background-image":"","background-repeat":"repeat","background-position":"center center","background-size":"auto","background-attachment":"scroll","background-type":"","background-media":"","overlay-type":"","overlay-color":"","overlay-opacity":"","overlay-gradient":""}},"ast-content-background-meta":{"desktop":{"background-color":"var(--ast-global-color-4)","background-image":"","background-repeat":"repeat","background-position":"center center","background-size":"auto","background-attachment":"scroll","background-type":"","background-media":"","overlay-type":"","overlay-color":"","overlay-opacity":"","overlay-gradient":""},"tablet":{"background-color":"var(--ast-global-color-4)","background-image":"","background-repeat":"repeat","background-position":"center center","background-size":"auto","background-attachment":"scroll","background-type":"","background-media":"","overlay-type":"","overlay-color":"","overlay-opacity":"","overlay-gradient":""},"mobile":{"background-color":"var(--ast-global-color-4)","background-image":"","background-repeat":"repeat","background-position":"center center","background-size":"auto","background-attachment":"scroll","background-type":"","background-media":"","overlay-type":"","overlay-color":"","overlay-opacity":"","overlay-gradient":""}},"footnotes":""},"class_list":["post-1833","page","type-page","status-publish","hentry"],"_links":{"self":[{"href":"https:\/\/arbeits-film-festival.at\/en\/wp-json\/wp\/v2\/pages\/1833","targetHints":{"allow":["GET"]}}],"collection":[{"href":"https:\/\/arbeits-film-festival.at\/en\/wp-json\/wp\/v2\/pages"}],"about":[{"href":"https:\/\/arbeits-film-festival.at\/en\/wp-json\/wp\/v2\/types\/page"}],"author":[{"embeddable":true,"href":"https:\/\/arbeits-film-festival.at\/en\/wp-json\/wp\/v2\/users\/4"}],"replies":[{"embeddable":true,"href":"https:\/\/arbeits-film-festival.at\/en\/wp-json\/wp\/v2\/comments?post=1833"}],"version-history":[{"count":3,"href":"https:\/\/arbeits-film-festival.at\/en\/wp-json\/wp\/v2\/pages\/1833\/revisions"}],"predecessor-version":[{"id":1914,"href":"https:\/\/arbeits-film-festival.at\/en\/wp-json\/wp\/v2\/pages\/1833\/revisions\/1914"}],"up":[{"embeddable":true,"href":"https:\/\/arbeits-film-festival.at\/en\/wp-json\/wp\/v2\/pages\/1488"}],"wp:attachment":[{"href":"https:\/\/arbeits-film-festival.at\/en\/wp-json\/wp\/v2\/media?parent=1833"}],"curies":[{"name":"wp","href":"https:\/\/api.w.org\/{rel}","templated":true}]}}