{"id":1835,"date":"2026-04-21T23:30:49","date_gmt":"2026-04-21T21:30:49","guid":{"rendered":"https:\/\/arbeits-film-festival.at\/?page_id=1835"},"modified":"2026-04-22T17:24:05","modified_gmt":"2026-04-22T15:24:05","slug":"2026-noch-lange-keine-lipizzaner","status":"publish","type":"page","link":"https:\/\/arbeits-film-festival.at\/en\/waff\/2026-2\/2026-noch-lange-keine-lipizzaner\/","title":{"rendered":"2026 &#8211; Noch lange keine Lipizzaner"},"content":{"rendered":"<div class=\"wp-block-columns alignfull has-background is-layout-flex wp-container-core-columns-is-layout-28f84493 wp-block-columns-is-layout-flex\" style=\"background-color:#6d76b7\">\n<div class=\"wp-block-column is-layout-flow wp-block-column-is-layout-flow\">\n<div style=\"height:30px\" aria-hidden=\"true\" class=\"wp-block-spacer\"><\/div>\n<\/div>\n<\/div>\n\n\n<style>.kb-row-layout-id1835_f9d0e5-9c > .kt-row-column-wrap{align-content:end;}:where(.kb-row-layout-id1835_f9d0e5-9c > .kt-row-column-wrap) > .wp-block-kadence-column{justify-content:end;}.kb-row-layout-id1835_f9d0e5-9c > .kt-row-column-wrap{column-gap:var(--global-kb-gap-md, 2rem);row-gap:var(--global-kb-gap-md, 2rem);min-height:100vh;grid-template-columns:minmax(0, 1fr);}.kb-row-layout-id1835_f9d0e5-9c{background-color:#6d76b7;background-image:url('https:\/\/arbeits-film-festival.at\/wp-content\/uploads\/2026\/04\/1_Noch-lange-keine-Lipizzaner_small.jpg');background-size:cover;background-position:53% 85%;background-attachment:scroll;background-repeat:no-repeat;}.kb-row-layout-id1835_f9d0e5-9c > .kt-row-layout-overlay{opacity:0.30;}@media all and (max-width: 1024px){.kb-row-layout-id1835_f9d0e5-9c > .kt-row-column-wrap{grid-template-columns:minmax(0, 1fr);}}@media all and (max-width: 767px){.kb-row-layout-id1835_f9d0e5-9c > .kt-row-column-wrap{min-height:70vh;grid-template-columns:minmax(0, 1fr);}.kb-row-layout-id1835_f9d0e5-9c > .kt-row-column-wrap > .wp-block-kadence-column:nth-child(1 of *:not(style)){order:1;}.kb-row-layout-id1835_f9d0e5-9c > .kt-row-column-wrap > .wp-block-kadence-column:nth-child(2 of *:not(style)){order:11;}.kb-row-layout-id1835_f9d0e5-9c > .kt-row-column-wrap > .wp-block-kadence-column:nth-child(3 of *:not(style)){order:21;}.kb-row-layout-id1835_f9d0e5-9c > .kt-row-column-wrap > .wp-block-kadence-column:nth-child(4 of *:not(style)){order:31;}}<\/style><div style=\"background-image: url(https:\/\/arbeits-film-festival.at\/wp-content\/uploads\/2026\/04\/1_Noch-lange-keine-Lipizzaner_small.jpg);\" class=\"kb-row-layout-wrap kb-row-layout-id1835_f9d0e5-9c alignfull kt-row-has-bg wp-block-kadence-rowlayout\"><div class=\"kt-row-column-wrap kt-has-1-columns kt-row-layout-equal kt-tab-layout-inherit kt-mobile-layout-row kt-row-valign-bottom kt-inner-column-height-full\">\n<style>.kadence-column1835_e08cb7-aa > .kt-inside-inner-col,.kadence-column1835_e08cb7-aa > .kt-inside-inner-col:before{border-top-left-radius:0px;border-top-right-radius:0px;border-bottom-right-radius:0px;border-bottom-left-radius:0px;}.kadence-column1835_e08cb7-aa > .kt-inside-inner-col{column-gap:var(--global-kb-gap-sm, 1rem);}.kadence-column1835_e08cb7-aa > .kt-inside-inner-col{flex-direction:column;}.kadence-column1835_e08cb7-aa > .kt-inside-inner-col > .aligncenter{width:100%;}.kadence-column1835_e08cb7-aa > .kt-inside-inner-col:before{opacity:0.3;}.kadence-column1835_e08cb7-aa{position:relative;}@media all and (max-width: 1024px){.kadence-column1835_e08cb7-aa > .kt-inside-inner-col{flex-direction:column;justify-content:center;}}@media all and (max-width: 767px){.kadence-column1835_e08cb7-aa > .kt-inside-inner-col{flex-direction:column;justify-content:center;}}<\/style>\n<div class=\"wp-block-kadence-column kadence-column1835_e08cb7-aa\"><div class=\"kt-inside-inner-col\"><\/div><\/div>\n\n<\/div><\/div>\n\n\n<div class=\"wp-block-group alignfull has-background is-layout-flow wp-block-group-is-layout-flow\" style=\"background-color:#fef8eb;margin-top:0;margin-bottom:0;padding-top:4vw;padding-right:6vw;padding-bottom:10vw;padding-left:6vw\"><style>.kadence-column1835_73958d-73 > .kt-inside-inner-col,.kadence-column1835_73958d-73 > .kt-inside-inner-col:before{border-top-left-radius:0px;border-top-right-radius:0px;border-bottom-right-radius:0px;border-bottom-left-radius:0px;}.kadence-column1835_73958d-73 > .kt-inside-inner-col{column-gap:var(--global-kb-gap-sm, 1rem);}.kadence-column1835_73958d-73 > .kt-inside-inner-col{flex-direction:column;}.kadence-column1835_73958d-73 > .kt-inside-inner-col > .aligncenter{width:100%;}.kadence-column1835_73958d-73 > .kt-inside-inner-col:before{opacity:0.3;}.kadence-column1835_73958d-73{position:relative;}@media all and (max-width: 1024px){.kadence-column1835_73958d-73 > .kt-inside-inner-col{flex-direction:column;justify-content:center;}}@media all and (max-width: 767px){.kadence-column1835_73958d-73 > .kt-inside-inner-col{flex-direction:column;justify-content:center;}}<\/style>\n<div class=\"wp-block-kadence-column kadence-column1835_73958d-73 kvs-lg-false kvs-md-false\"><div class=\"kt-inside-inner-col\">\n<div style=\"height:10px\" aria-hidden=\"true\" class=\"wp-block-spacer\"><\/div>\n<\/div><\/div>\n\n\n\n<div class=\"wp-block-columns is-layout-flex wp-container-core-columns-is-layout-e0e4babd wp-block-columns-is-layout-flex\" style=\"padding-right:0;padding-left:0\">\n<div class=\"wp-block-column is-layout-flow wp-block-column-is-layout-flow\" style=\"flex-basis:66.66%\">\n<div class=\"wp-block-group is-vertical is-content-justification-left is-layout-flex wp-container-core-group-is-layout-cd911411 wp-block-group-is-layout-flex\" style=\"margin-top:0;margin-bottom:0\">\n<div class=\"wp-block-group is-layout-constrained wp-container-core-group-is-layout-e7a8db7c wp-block-group-is-layout-constrained\" style=\"margin-top:0;margin-bottom:0\">\n<p class=\"film-titel has-text-color\" style=\"color:#000000;margin-top:0;margin-bottom:0;font-size:66px;font-style:normal;font-weight:700;letter-spacing:0px;line-height:0.9;text-decoration:none;text-transform:none\">Noch lange keine Lipizzaner<\/p>\n\n\n\n<p class=\"film-ortdatauhr has-text-color\" style=\"color:#000000;margin-top:var(--wp--preset--spacing--50);margin-bottom:var(--wp--preset--spacing--50);font-size:28px;font-style:normal;font-weight:600;letter-spacing:0px;line-height:1.2;text-decoration:none;text-transform:none\"><strong><strong>Stadtkino<\/strong><\/strong><br><strong><strong>Donnerstag, 2. Juli 2026<\/strong><\/strong> <strong>I 9.00 Uhr<\/strong><\/p>\n\n\n\n<p class=\"film-sub has-text-color\" style=\"color:#000000;margin-top:var(--wp--preset--spacing--50);margin-bottom:0;font-size:16px;font-style:normal;font-weight:700;letter-spacing:0px;line-height:1.2;text-decoration:none;text-transform:none\"><strong><strong>Dokumentation | A 2025 | 92\u2018 | DF<\/strong>&nbsp;<\/strong><\/p>\n\n\n\n<p><strong><strong>Olga Kosanovi\u0107<\/strong><\/strong><\/p>\n<\/div>\n<\/div>\n<\/div>\n\n\n\n<div class=\"wp-block-column is-layout-flow wp-block-column-is-layout-flow\" style=\"padding-right:0;padding-left:0;flex-basis:33.3%\">\n<div class=\"wp-block-buttons is-content-justification-right is-layout-flex wp-container-core-buttons-is-layout-c133f063 wp-block-buttons-is-layout-flex\">\n<div class=\"wp-block-button hover-preto is-style-fill film-button\"><a class=\"wp-block-button__link has-large-font-size has-custom-font-size wp-element-button\"><strong>TICKETS<\/strong><\/a><\/div>\n<\/div>\n<\/div>\n<\/div>\n\n\n\n<div class=\"wp-block-columns is-layout-flex wp-container-core-columns-is-layout-7abde1fe wp-block-columns-is-layout-flex\" style=\"padding-top:var(--wp--preset--spacing--40);padding-bottom:var(--wp--preset--spacing--40)\">\n<div class=\"wp-block-column is-layout-flow wp-block-column-is-layout-flow\">\n<p>\u201eNoch lange keine Lipizzaner\u201c stellt eine ebenso pers\u00f6nliche wie politische Frage: Wer geh\u00f6rt dazu \u2013 und wer nicht? Ausgangspunkt ist die Erfahrung der Regisseurin Olga Kosanovi\u0107, die trotz Geburt und Aufwachsen in \u00d6sterreich bislang keine Staatsb\u00fcrgerschaft erhalten hat. Ihr zweiter Versuch der Einb\u00fcrgerung wird zum Ausgangspunkt einer vielschichtigen Auseinandersetzung mit Zugeh\u00f6rigkeit, Identit\u00e4t und Ausgrenzung.&nbsp;<\/p>\n\n\n\n<p>Mit spielerischer Leichtigkeit und feinem Humor n\u00e4hert sich der Film einem hochkomplexen Thema: dem \u00f6sterreichischen Staatsb\u00fcrgerschaftssystem und seinen oft widerspr\u00fcchlichen Regeln. Stimmen aus Wissenschaft, Kunst und \u00d6ffentlichkeit \u2013 darunter Toxische Pommes, Judith Kohlenberger und Robert Menasse \u2013 erweitern die pers\u00f6nliche Perspektive um gesellschaftliche und politische Dimensionen.&nbsp;<\/p>\n\n\n\n<p>Zwischen absurden H\u00fcrden und allt\u00e4glichen Erfahrungen dekonstruiert der Film den Begriff des \u201eWir\u201c und legt offen, wie stark Zugeh\u00f6rigkeit von Zuschreibungen gepr\u00e4gt ist. \u201eNoch lange keine Lipizzaner\u201c wird so zu einer klugen, anregenden Reflexion \u00fcber nationale Identit\u00e4t \u2013 und dar\u00fcber, wie sehr sie ein gesellschaftliches Konstrukt ist.&nbsp;<\/p>\n\n\n\n<p><em>\u201eNoch lange keine Lipizzaner\u202fist einer dieser seltenen Filme, von denen eins sich w\u00fcnschen w\u00fcrde, dass jede*r ihn sieht, vor allem jene Menschen, die sich des Privilegs ihrer Staatsb\u00fcrgerschaft nicht bewusst sind.\u201c &#8211; Filml\u00f6win<\/em>&nbsp;<\/p>\n\n\n\n<p><strong>Donnerstag, 2. Juli 2026, 9.00 Uhr, Stadtkino<\/strong><em> <\/em>&nbsp;<\/p>\n\n\n\n<p><strong>Im Anschluss an den Film diskutieren die Regisseurin sowie die Protagonistinnen Leila und Leily Offinassinga mit dem Publikum.<\/strong>&nbsp;<\/p>\n\n\n\n<p><em>Geeignet f\u00fcr alle Sch\u00fcler:innen ab der 8. Schulstufe sowie f\u00fcr junge Erwachsene in Qualifizierungsma\u00dfnahmen und in der Erwachsenenbildung.<\/em>&nbsp;<br><\/p>\n<\/div>\n<\/div>\n\n\n\n<div style=\"height:1vw\" aria-hidden=\"true\" class=\"wp-block-spacer\"><\/div>\n\n\n\n<figure class=\"wp-block-embed is-type-video is-provider-youtube wp-block-embed-youtube wp-embed-aspect-16-9 wp-has-aspect-ratio\"><div class=\"wp-block-embed__wrapper\">\n<iframe loading=\"lazy\" title=\"NOCH LANGE KEINE LIPIZZANER Trailer - ab 12. September im Kino!\" width=\"500\" height=\"281\" src=\"https:\/\/www.youtube.com\/embed\/lcLbVXUD8mc?feature=oembed\" frameborder=\"0\" allow=\"accelerometer; autoplay; clipboard-write; encrypted-media; gyroscope; picture-in-picture; web-share\" referrerpolicy=\"strict-origin-when-cross-origin\" allowfullscreen><\/iframe>\n<\/div><\/figure>\n\n\n<style>.kadence-column1835_f767c6-e6 > .kt-inside-inner-col,.kadence-column1835_f767c6-e6 > .kt-inside-inner-col:before{border-top-left-radius:0px;border-top-right-radius:0px;border-bottom-right-radius:0px;border-bottom-left-radius:0px;}.kadence-column1835_f767c6-e6 > .kt-inside-inner-col{column-gap:var(--global-kb-gap-sm, 1rem);}.kadence-column1835_f767c6-e6 > .kt-inside-inner-col{flex-direction:column;}.kadence-column1835_f767c6-e6 > .kt-inside-inner-col > .aligncenter{width:100%;}.kadence-column1835_f767c6-e6 > .kt-inside-inner-col:before{opacity:0.3;}.kadence-column1835_f767c6-e6{position:relative;}@media all and (max-width: 1024px){.kadence-column1835_f767c6-e6 > .kt-inside-inner-col{flex-direction:column;justify-content:center;}}@media all and (max-width: 767px){.kadence-column1835_f767c6-e6 > .kt-inside-inner-col{flex-direction:column;justify-content:center;}}<\/style>\n<div class=\"wp-block-kadence-column kadence-column1835_f767c6-e6 kvs-lg-false kvs-md-false\"><div class=\"kt-inside-inner-col\">\n<div style=\"height:10px\" aria-hidden=\"true\" class=\"wp-block-spacer\"><\/div>\n<\/div><\/div>\n<\/div>","protected":false},"excerpt":{"rendered":"<p>Noch lange keine Lipizzaner StadtkinoDonnerstag, 2. Juli 2026 I 9.00 Uhr Dokumentation | A 2025 | 92\u2018 | DF&nbsp; Olga [&hellip;]<\/p>\n","protected":false},"author":4,"featured_media":0,"parent":1488,"menu_order":18,"comment_status":"closed","ping_status":"closed","template":"","meta":{"site-sidebar-layout":"default","site-content-layout":"","ast-site-content-layout":"default","site-content-style":"default","site-sidebar-style":"default","ast-global-header-display":"","ast-banner-title-visibility":"","ast-main-header-display":"","ast-hfb-above-header-display":"","ast-hfb-below-header-display":"","ast-hfb-mobile-header-display":"","site-post-title":"disabled","ast-breadcrumbs-content":"","ast-featured-img":"","footer-sml-layout":"","ast-disable-related-posts":"","theme-transparent-header-meta":"","adv-header-id-meta":"","stick-header-meta":"","header-above-stick-meta":"","header-main-stick-meta":"","header-below-stick-meta":"","astra-migrate-meta-layouts":"default","ast-page-background-enabled":"default","ast-page-background-meta":{"desktop":{"background-color":"var(--ast-global-color-5)","background-image":"","background-repeat":"repeat","background-position":"center center","background-size":"auto","background-attachment":"scroll","background-type":"","background-media":"","overlay-type":"","overlay-color":"","overlay-opacity":"","overlay-gradient":""},"tablet":{"background-color":"","background-image":"","background-repeat":"repeat","background-position":"center center","background-size":"auto","background-attachment":"scroll","background-type":"","background-media":"","overlay-type":"","overlay-color":"","overlay-opacity":"","overlay-gradient":""},"mobile":{"background-color":"","background-image":"","background-repeat":"repeat","background-position":"center center","background-size":"auto","background-attachment":"scroll","background-type":"","background-media":"","overlay-type":"","overlay-color":"","overlay-opacity":"","overlay-gradient":""}},"ast-content-background-meta":{"desktop":{"background-color":"var(--ast-global-color-4)","background-image":"","background-repeat":"repeat","background-position":"center center","background-size":"auto","background-attachment":"scroll","background-type":"","background-media":"","overlay-type":"","overlay-color":"","overlay-opacity":"","overlay-gradient":""},"tablet":{"background-color":"var(--ast-global-color-4)","background-image":"","background-repeat":"repeat","background-position":"center center","background-size":"auto","background-attachment":"scroll","background-type":"","background-media":"","overlay-type":"","overlay-color":"","overlay-opacity":"","overlay-gradient":""},"mobile":{"background-color":"var(--ast-global-color-4)","background-image":"","background-repeat":"repeat","background-position":"center center","background-size":"auto","background-attachment":"scroll","background-type":"","background-media":"","overlay-type":"","overlay-color":"","overlay-opacity":"","overlay-gradient":""}},"footnotes":""},"class_list":["post-1835","page","type-page","status-publish","hentry"],"_links":{"self":[{"href":"https:\/\/arbeits-film-festival.at\/en\/wp-json\/wp\/v2\/pages\/1835","targetHints":{"allow":["GET"]}}],"collection":[{"href":"https:\/\/arbeits-film-festival.at\/en\/wp-json\/wp\/v2\/pages"}],"about":[{"href":"https:\/\/arbeits-film-festival.at\/en\/wp-json\/wp\/v2\/types\/page"}],"author":[{"embeddable":true,"href":"https:\/\/arbeits-film-festival.at\/en\/wp-json\/wp\/v2\/users\/4"}],"replies":[{"embeddable":true,"href":"https:\/\/arbeits-film-festival.at\/en\/wp-json\/wp\/v2\/comments?post=1835"}],"version-history":[{"count":3,"href":"https:\/\/arbeits-film-festival.at\/en\/wp-json\/wp\/v2\/pages\/1835\/revisions"}],"predecessor-version":[{"id":1915,"href":"https:\/\/arbeits-film-festival.at\/en\/wp-json\/wp\/v2\/pages\/1835\/revisions\/1915"}],"up":[{"embeddable":true,"href":"https:\/\/arbeits-film-festival.at\/en\/wp-json\/wp\/v2\/pages\/1488"}],"wp:attachment":[{"href":"https:\/\/arbeits-film-festival.at\/en\/wp-json\/wp\/v2\/media?parent=1835"}],"curies":[{"name":"wp","href":"https:\/\/api.w.org\/{rel}","templated":true}]}}