{"id":3,"date":"2026-02-03T12:33:43","date_gmt":"2026-02-03T11:33:43","guid":{"rendered":"https:\/\/arbeits-film-festival.at\/?page_id=3"},"modified":"2026-03-06T13:21:20","modified_gmt":"2026-03-06T12:21:20","slug":"datenschutzerklaerung","status":"publish","type":"page","link":"https:\/\/arbeits-film-festival.at\/en\/home\/datenschutzerklaerung\/","title":{"rendered":"PRIVACY POLICY"},"content":{"rendered":"<style>.kb-row-layout-id3_95f760-1d > .kt-row-column-wrap{align-content:start;}:where(.kb-row-layout-id3_95f760-1d > .kt-row-column-wrap) > .wp-block-kadence-column{justify-content:start;}.kb-row-layout-id3_95f760-1d > .kt-row-column-wrap{column-gap:var(--global-kb-gap-lg, 4rem);row-gap:var(--global-kb-gap-md, 2rem);max-width:var(--wp--style--global--content-size);padding-top:200px;padding-right:110px;padding-bottom:100px;padding-left:110px;grid-template-columns:minmax(0, 1fr);}.kb-row-layout-id3_95f760-1d{background-color:#6d76b7;}.kb-row-layout-id3_95f760-1d > .kt-row-layout-overlay{opacity:0.30;}@media all and (max-width: 1024px){.kb-row-layout-id3_95f760-1d > .kt-row-column-wrap{padding-top:200px;padding-right:150px;padding-bottom:60px;padding-left:150px;grid-template-columns:minmax(0, 1fr);}}@media all and (max-width: 767px){.kb-row-layout-id3_95f760-1d > .kt-row-column-wrap{padding-top:180px;padding-right:30px;padding-bottom:40px;padding-left:30px;grid-template-columns:minmax(0, 1fr);}}<\/style><div class=\"kb-row-layout-wrap kb-row-layout-id3_95f760-1d alignfull kt-row-has-bg wp-block-kadence-rowlayout\"><div class=\"kt-row-column-wrap kt-has-1-columns kt-row-layout-equal kt-tab-layout-inherit kt-mobile-layout-row kt-row-valign-top kb-theme-content-width\">\n<style>.kadence-column3_ea4c89-9c > .kt-inside-inner-col,.kadence-column3_ea4c89-9c > .kt-inside-inner-col:before{border-top-left-radius:0px;border-top-right-radius:0px;border-bottom-right-radius:0px;border-bottom-left-radius:0px;}.kadence-column3_ea4c89-9c > .kt-inside-inner-col{column-gap:var(--global-kb-gap-sm, 1rem);}.kadence-column3_ea4c89-9c > .kt-inside-inner-col{flex-direction:column;}.kadence-column3_ea4c89-9c > .kt-inside-inner-col > .aligncenter{width:100%;}.kadence-column3_ea4c89-9c > .kt-inside-inner-col:before{opacity:0.3;}.kadence-column3_ea4c89-9c{position:relative;}@media all and (max-width: 1024px){.kadence-column3_ea4c89-9c > .kt-inside-inner-col{flex-direction:column;justify-content:center;}}@media all and (max-width: 767px){.kadence-column3_ea4c89-9c > .kt-inside-inner-col{flex-direction:column;justify-content:center;}}<\/style>\n<div class=\"wp-block-kadence-column kadence-column3_ea4c89-9c inner-column-1\"><div class=\"kt-inside-inner-col\"><style>.wp-block-kadence-advancedheading.kt-adv-heading3_22e3cb-63, .wp-block-kadence-advancedheading.kt-adv-heading3_22e3cb-63[data-kb-block=\"kb-adv-heading3_22e3cb-63\"]{margin-bottom:30px;text-align:center;font-size:var(--global-kb-font-size-xl, 3rem);font-style:normal;}.wp-block-kadence-advancedheading.kt-adv-heading3_22e3cb-63 mark.kt-highlight, .wp-block-kadence-advancedheading.kt-adv-heading3_22e3cb-63[data-kb-block=\"kb-adv-heading3_22e3cb-63\"] mark.kt-highlight{font-style:normal;color:#f76a0c;-webkit-box-decoration-break:clone;box-decoration-break:clone;padding-top:0px;padding-right:0px;padding-bottom:0px;padding-left:0px;}.wp-block-kadence-advancedheading.kt-adv-heading3_22e3cb-63 img.kb-inline-image, .wp-block-kadence-advancedheading.kt-adv-heading3_22e3cb-63[data-kb-block=\"kb-adv-heading3_22e3cb-63\"] img.kb-inline-image{width:150px;vertical-align:baseline;}@media all and (max-width: 767px){.wp-block-kadence-advancedheading.kt-adv-heading3_22e3cb-63, .wp-block-kadence-advancedheading.kt-adv-heading3_22e3cb-63[data-kb-block=\"kb-adv-heading3_22e3cb-63\"]{font-size:var(--global-kb-font-size-lg, 2rem);}}<\/style>\n<h2 class=\"kt-adv-heading3_22e3cb-63 wp-block-kadence-advancedheading\" data-kb-block=\"kb-adv-heading3_22e3cb-63\"><strong>Datenschutzerkl\u00e4rung<\/strong><\/h2>\n\n\n<style>.wp-block-kadence-advancedheading.kt-adv-heading3_c4951d-bf, .wp-block-kadence-advancedheading.kt-adv-heading3_c4951d-bf[data-kb-block=\"kb-adv-heading3_c4951d-bf\"]{margin-top:10px;margin-bottom:10px;text-align:left;font-size:var(--global-kb-font-size-md, 1.25rem);line-height:32px;font-weight:400;font-style:normal;font-family:'Nunito Sans';background-color:#6d76b7;}.wp-block-kadence-advancedheading.kt-adv-heading3_c4951d-bf mark.kt-highlight, .wp-block-kadence-advancedheading.kt-adv-heading3_c4951d-bf[data-kb-block=\"kb-adv-heading3_c4951d-bf\"] mark.kt-highlight{font-style:normal;color:#f76a0c;-webkit-box-decoration-break:clone;box-decoration-break:clone;padding-top:0px;padding-right:0px;padding-bottom:0px;padding-left:0px;}.wp-block-kadence-advancedheading.kt-adv-heading3_c4951d-bf img.kb-inline-image, .wp-block-kadence-advancedheading.kt-adv-heading3_c4951d-bf[data-kb-block=\"kb-adv-heading3_c4951d-bf\"] img.kb-inline-image{width:150px;vertical-align:baseline;}<\/style>\n<h6 class=\"kt-adv-heading3_c4951d-bf wp-block-kadence-advancedheading has-ast-global-color-1-color has-text-color\" data-kb-block=\"kb-adv-heading3_c4951d-bf\"><br><strong>1. Einleitung<br>Der Schutz Ihrer pers\u00f6nlichen Daten ist uns ein besonderes Anliegen. In dieser Datenschutzerkl\u00e4rung informieren wir Sie dar\u00fcber, welche personenbezogenen Daten wir auf unserer Website erheben, wie wir diese nutzen und welche Rechte Sie in Bezug auf Ihre Daten haben.<\/strong><br><br><strong>2. Verantwortliche Stelle<br>Verantwortlich f\u00fcr die Datenverarbeitung auf dieser Website ist:<br>3s Research Laboratory<br>Wiedner Hauptstra\u00dfe 18<br>1040\u00a0Wien<br>\u00d6sterreich<br>+43-1-585 0915<\/strong><br><br><strong>3. Hosting und Datenverarbeitung <br>Unsere Website wird bei folgendem Anbieter gehostet:<br>Hetzner Online GmbH<br>Industriestr. 25<br>91710 Gunzenhausen<br>Deutschland<br>Der Anbieter stellt die Infrastruktur und Rechenleistung zum Betrieb dieser Website bereit. Die Datenverarbeitung erfolgt auf Servern am Standort Falkenstein (Deutschland).<br>Wir haben mit dem Hostinganbieter einen Vertrag zur Auftragsverarbeitung gem\u00e4\u00df Art. 28 DSGVO abgeschlossen. Dadurch wird sichergestellt, dass personenbezogene Daten nur nach unseren Weisungen und unter Einhaltung der Datenschutzvorschriften verarbeitet werden.<br>Server-Logfiles<br>Beim Aufruf unserer Website werden durch den Hostinganbieter automatisch Informationen in sogenannten Server-Logfiles erhoben und gespeichert. Diese Informationen \u00fcbermittelt Ihr Browser automatisch an unseren Server. Dies sind insbesondere:<br>IP-Adresse des zugreifenden Ger\u00e4ts<br>Datum und Uhrzeit der Serveranfrage<br>Name und URL der abgerufenen Datei<br>Referrer-URL (Website, von der der Zugriff erfolgt)<br>verwendeter Browser und Browserversion<br>verwendetes Betriebssystem<br>Hostname des zugreifenden Rechners<br>Diese Daten werden erhoben, um einen st\u00f6rungsfreien Betrieb der Website sicherzustellen sowie zur Gew\u00e4hrleistung der Systemsicherheit und -stabilit\u00e4t.<br>Eine Zusammenf\u00fchrung dieser Daten mit anderen Datenquellen erfolgt nicht.<br>Die Verarbeitung erfolgt auf Grundlage von Art. 6 Abs. 1 lit. f DSGVO. Unser berechtigtes Interesse liegt in der technisch fehlerfreien Darstellung und der Sicherheit unserer Website.<br>Die Server-Logfiles werden vom Hostinganbieter in der Regel f\u00fcr maximal 14 Tage gespeichert und anschlie\u00dfend automatisch gel\u00f6scht, sofern keine sicherheitsrelevante Notwendigkeit zur weiteren Aufbewahrung besteht. <\/strong><br><strong><br>4. Verwendung von Cookies<br>Unsere Website verwendet Cookies. Diese sind kleine Textdateien, die auf Ihrem Endger\u00e4t gespeichert werden. Wir setzen folgende Arten von Cookies ein:<br>Einige Cookies sind technisch notwendig, damit die Website korrekt funktioniert. Andere Cookies erm\u00f6glichen eine Analyse der Website-Nutzung.<br>Technisch notwendige Cookies werden auf Grundlage von Art. 6 Abs. 1 lit. f DSGVO sowie \u00a7 25 Abs. 2 TTDSG gespeichert.<br>Analyse-Cookies oder andere optionale Cookies werden nur mit Ihrer Einwilligung gem\u00e4\u00df Art. 6 Abs. 1 lit. a DSGVO sowie \u00a7 25 Abs. 1 TTDSG gesetzt.<br>Beim ersten Besuch unserer Website k\u00f6nnen Sie \u00fcber ein Cookie-Consent-Banner ausw\u00e4hlen, welche Cookies Sie zulassen m\u00f6chten. Ihre Einwilligung k\u00f6nnen Sie jederzeit widerrufen<\/strong>.<br><strong><br>5. Social Media-Links<br>Unsere Website enth\u00e4lt Links zu unseren Social-Media-Profilen auf LinkedIn und Instagram. Sobald Sie diesen Links folgen, gelten die Datenschutzrichtlinien der jeweiligen Plattformen. Wir haben keinen Einfluss auf die dortige Datenverarbeitung.<br>LinkedIn:\u00a0<a href=\"https:\/\/www.linkedin.com\/legal\/privacy-policy\" target=\"_blank\" rel=\"noreferrer noopener\">Datenschutzerkl\u00e4rung<\/a><br>Instagram:\u00a0<a href=\"https:\/\/privacycenter.instagram.com\/policy\/\" target=\"_blank\" rel=\"noreferrer noopener\">Datenschutzerkl\u00e4rung<\/a><\/strong><br><strong><br>6. Newsletter<br>Wenn Sie unseren Newsletter abonnieren, verwenden wir Ihre E-Mail-Adresse ausschlie\u00dflich f\u00fcr den Versand des Newsletters.<br>Der Versand erfolgt \u00fcber das Plugin MailPoet. F\u00fcr die technische Zustellung wird der MailPoet Sending Service genutzt. Dabei kann eine Verarbeitung personenbezogener Daten \u00fcber Server der Infrastruktur von Automattic Inc., USA, erfolgen.<br>Die Anmeldung erfolgt im Double-Opt-in-Verfahren.<br>Dabei werden folgende Daten verarbeitet: E-Mail-Adresse, IP-Adresse bei Anmeldung, Datum und Uhrzeit der Anmeldung, Zeitpunkt der Best\u00e4tigung<br>Unsere Newsletter enthalten statistische Auswertungen. Dabei kann erfasst werden, ob eine E-Mail ge\u00f6ffnet wurde und welche Links angeklickt wurden.<br>Die Verarbeitung erfolgt auf Grundlage Ihrer Einwilligung gem\u00e4\u00df Art. 6 Abs. 1 lit. a DSGVO.<br>Sie k\u00f6nnen den Newsletter jederzeit \u00fcber den Abmeldelink im Newsletter abbestellen.<\/strong><br><br><strong>7. SSL- bzw. TLS-Verschl\u00fcsselung<br>Diese Website nutzt aus Sicherheitsgr\u00fcnden eine SSL- bzw. TLS-Verschl\u00fcsselung. Eine verschl\u00fcsselte Verbindung erkennen Sie daran, dass die Adresszeile des Browsers von \u201ehttp:\/\/\u201c auf \u201ehttps:\/\/\u201c wechselt. Wenn die SSL- bzw. TLS-Verschl\u00fcsselung aktiviert ist, k\u00f6nnen die Daten, die Sie an uns \u00fcbermitteln, nicht von Dritten mitgelesen werden.<\/strong><br><br><strong>8.<\/strong> <strong>Rechte der betroffenen Personen<br>Sie haben folgende Rechte:<br>Auskunft \u00fcber Ihre gespeicherten Daten (Art. 15 DSGVO)<br>Berichtigung unrichtiger Daten (Art. 16 DSGVO)<br>L\u00f6schung Ihrer Daten (Art. 17 DSGVO)<br>Einschr\u00e4nkung der Verarbeitung (Art. 18 DSGVO)<br>Widerspruch gegen die Verarbeitung (Art. 21 DSGVO)<br>Daten\u00fcbertragbarkeit (Art. 20 DSGVO)<br>Zur Aus\u00fcbung Ihrer Rechte k\u00f6nnen Sie uns unter den oben angegebenen Kontaktdaten erreichen.<\/strong><br><strong><br>9. Beschwerderecht bei einer Aufsichtsbeh\u00f6rde<br>Falls Sie der Meinung sind, dass die Verarbeitung Ihrer personenbezogenen Daten gegen die DSGVO verst\u00f6\u00dft, haben Sie das Recht, eine Beschwerde bei der zust\u00e4ndigen Datenschutzbeh\u00f6rde einzureichen. In \u00d6sterreich ist dies die Datenschutzbeh\u00f6rde (<a href=\"https:\/\/www.dsb.gv.at\/\" target=\"_blank\" rel=\"noreferrer noopener\">www.dsb.gv.at<\/a>).<\/strong><br><strong><br>8. Aktualisierung dieser Datenschutzerkl\u00e4rung<br>Wir behalten uns vor, diese Datenschutzerkl\u00e4rung anzupassen, um sie an ge\u00e4nderte rechtliche Rahmenbedingungen oder neue Technologien anzupassen. Die jeweils g\u00fcltige Version ist auf unserer Website abrufbar.<br>\u200b<br>Letzte Aktualisierung: 06.03.2026<br>\u00a0<br>EU-Streitschlichtung<br>Verbraucher haben die M\u00f6glichkeit, Beschwerden an die Online Streitbeilegungsplattform der Europ\u00e4ischen Kommission unter\u00a0<a href=\"http:\/\/ec.europa.eu\/odr?tid=121371393\" target=\"_blank\" rel=\"noreferrer noopener\">http:\/\/ec.europa.eu\/odr?tid=121371393<\/a>\u00a0zu richten. Wir m\u00f6chten Sie jedoch darauf hinweisen, dass wir nicht bereit oder verpflichtet sind, an Streitbeilegungsverfahren vor einer Verbraucherschlichtungsstelle teilzunehmen.<br>\u200b<br>Haftung f\u00fcr Inhalte dieser Webseite<br>Wir entwickeln die Inhalte dieser Webseite st\u00e4ndig weiter und bem\u00fchen uns korrekte und aktuelle Informationen bereitzustellen. Leider k\u00f6nnen wir keine Haftung f\u00fcr die Korrektheit aller Inhalte auf dieser Webseite \u00fcbernehmen, speziell f\u00fcr jene die seitens Dritter bereitgestellt wurden. Sollten Ihnen problematische oder rechtswidrige Inhalte auffallen, bitten wir Sie uns umgehend zu kontaktieren, Sie finden die Kontaktdaten im Impressum.<br>\u200b<br>Haftung f\u00fcr Links auf dieser Webseite<br>Unsere Webseite enth\u00e4lt Links zu anderen Webseiten f\u00fcr deren Inhalt wir nicht verantwortlich sind. Haftung f\u00fcr verlinkte Websites besteht laut \u00a7 17 ECG f\u00fcr uns nicht, da wir keine Kenntnis rechtswidriger T\u00e4tigkeiten hatten und haben, uns solche Rechtswidrigkeiten auch bisher nicht aufgefallen sind und wir Links sofort entfernen w\u00fcrden, wenn uns Rechtswidrigkeiten bekannt werden. Wenn Ihnen rechtswidrige Links auf unserer Website auffallen, bitten wir Sie uns zu kontaktieren, Sie finden die Kontaktdaten im Impressum.<br>\u200b<br>Urheberrechtshinweis<br>Alle Inhalte dieser Webseite (Bilder, Fotos, Texte, Videos) unterliegen dem Urheberrecht. Falls notwendig, werden wir die unerlaubte Nutzung von Teilen der Inhalte unserer Seite rechtlich verfolgen. Sollten Sie auf dieser Webseite Inhalte finden, die das Urheberrecht verletzen, bitten wir Sie uns zu kontaktieren.<br>\u200b<br>Bildernachweis<br>Die Bilder auf dieser Webseite wurden von den jeweiligen Filmverleihfirmen f\u00fcr Pressezwecke zur Verf\u00fcgung gestellt.<br><\/strong><\/h6>\n<\/div><\/div>\n\n<\/div><\/div>","protected":false},"excerpt":{"rendered":"<p>Datenschutzerkl\u00e4rung 1. EinleitungDer Schutz Ihrer pers\u00f6nlichen Daten ist uns ein besonderes Anliegen. In dieser Datenschutzerkl\u00e4rung informieren wir Sie dar\u00fcber, welche [&hellip;]<\/p>\n","protected":false},"author":1,"featured_media":0,"parent":8,"menu_order":0,"comment_status":"closed","ping_status":"open","template":"","meta":{"site-sidebar-layout":"default","site-content-layout":"","ast-site-content-layout":"default","site-content-style":"default","site-sidebar-style":"default","ast-global-header-display":"","ast-banner-title-visibility":"","ast-main-header-display":"","ast-hfb-above-header-display":"","ast-hfb-below-header-display":"","ast-hfb-mobile-header-display":"","site-post-title":"disabled","ast-breadcrumbs-content":"","ast-featured-img":"","footer-sml-layout":"","ast-disable-related-posts":"","theme-transparent-header-meta":"","adv-header-id-meta":"","stick-header-meta":"","header-above-stick-meta":"","header-main-stick-meta":"","header-below-stick-meta":"","astra-migrate-meta-layouts":"default","ast-page-background-enabled":"default","ast-page-background-meta":{"desktop":{"background-color":"var(--ast-global-color-5)","background-image":"","background-repeat":"repeat","background-position":"center center","background-size":"auto","background-attachment":"scroll","background-type":"","background-media":"","overlay-type":"","overlay-color":"","overlay-opacity":"","overlay-gradient":""},"tablet":{"background-color":"","background-image":"","background-repeat":"repeat","background-position":"center center","background-size":"auto","background-attachment":"scroll","background-type":"","background-media":"","overlay-type":"","overlay-color":"","overlay-opacity":"","overlay-gradient":""},"mobile":{"background-color":"","background-image":"","background-repeat":"repeat","background-position":"center center","background-size":"auto","background-attachment":"scroll","background-type":"","background-media":"","overlay-type":"","overlay-color":"","overlay-opacity":"","overlay-gradient":""}},"ast-content-background-meta":{"desktop":{"background-color":"var(--ast-global-color-4)","background-image":"","background-repeat":"repeat","background-position":"center center","background-size":"auto","background-attachment":"scroll","background-type":"","background-media":"","overlay-type":"","overlay-color":"","overlay-opacity":"","overlay-gradient":""},"tablet":{"background-color":"var(--ast-global-color-4)","background-image":"","background-repeat":"repeat","background-position":"center center","background-size":"auto","background-attachment":"scroll","background-type":"","background-media":"","overlay-type":"","overlay-color":"","overlay-opacity":"","overlay-gradient":""},"mobile":{"background-color":"var(--ast-global-color-4)","background-image":"","background-repeat":"repeat","background-position":"center center","background-size":"auto","background-attachment":"scroll","background-type":"","background-media":"","overlay-type":"","overlay-color":"","overlay-opacity":"","overlay-gradient":""}},"footnotes":""},"class_list":["post-3","page","type-page","status-publish","hentry"],"_links":{"self":[{"href":"https:\/\/arbeits-film-festival.at\/en\/wp-json\/wp\/v2\/pages\/3","targetHints":{"allow":["GET"]}}],"collection":[{"href":"https:\/\/arbeits-film-festival.at\/en\/wp-json\/wp\/v2\/pages"}],"about":[{"href":"https:\/\/arbeits-film-festival.at\/en\/wp-json\/wp\/v2\/types\/page"}],"author":[{"embeddable":true,"href":"https:\/\/arbeits-film-festival.at\/en\/wp-json\/wp\/v2\/users\/1"}],"replies":[{"embeddable":true,"href":"https:\/\/arbeits-film-festival.at\/en\/wp-json\/wp\/v2\/comments?post=3"}],"version-history":[{"count":18,"href":"https:\/\/arbeits-film-festival.at\/en\/wp-json\/wp\/v2\/pages\/3\/revisions"}],"predecessor-version":[{"id":1561,"href":"https:\/\/arbeits-film-festival.at\/en\/wp-json\/wp\/v2\/pages\/3\/revisions\/1561"}],"up":[{"embeddable":true,"href":"https:\/\/arbeits-film-festival.at\/en\/wp-json\/wp\/v2\/pages\/8"}],"wp:attachment":[{"href":"https:\/\/arbeits-film-festival.at\/en\/wp-json\/wp\/v2\/media?parent=3"}],"curies":[{"name":"wp","href":"https:\/\/api.w.org\/{rel}","templated":true}]}}